{"id":27011,"date":"2023-07-10T14:13:05","date_gmt":"2023-07-10T13:13:05","guid":{"rendered":"https:\/\/www.keepingchildrensafe.global\/nuestra-historia\/"},"modified":"2025-01-23T19:28:31","modified_gmt":"2025-01-23T19:28:31","slug":"nuestra-historia","status":"publish","type":"page","link":"https:\/\/www.keepingchildrensafe.global\/es\/nuestra-historia\/","title":{"rendered":"Nuestra historia"},"content":{"rendered":"\n<figure class=\"wp-block-image alignfull size-banner-image\"><img decoding=\"async\" data-src=\"https:\/\/www.keepingchildrensafe.global\/wp-content\/uploads\/2023\/10\/pexels-lagos-food-bank-initiative-9968379-1200x480.jpg\" alt=\"\" class=\"wp-image-1820 lazyload\" src=\"data:image\/svg+xml;base64,PHN2ZyB3aWR0aD0iMSIgaGVpZ2h0PSIxIiB4bWxucz0iaHR0cDovL3d3dy53My5vcmcvMjAwMC9zdmciPjwvc3ZnPg==\" style=\"--smush-placeholder-width: 1200px; --smush-placeholder-aspect-ratio: 1200\/480;\" \/><\/figure>\n\n\n\n<div class=\"wp-block-columns has-ast-global-color-4-background-color has-background is-layout-flex wp-container-core-columns-is-layout-ff527b11 wp-block-columns-is-layout-flex\" style=\"margin-top:0px;margin-bottom:0px;padding-top:0px;padding-right:0;padding-bottom:0px;padding-left:0\">\n<div class=\"wp-block-column has-ast-global-color-4-color has-ast-global-color-2-background-color has-text-color has-background is-layout-flow wp-block-column-is-layout-flow\" style=\"padding-top:50px;padding-right:40px;padding-bottom:50px;padding-left:40px\">\n<div style=\"height:15px\" aria-hidden=\"true\" class=\"wp-block-spacer\"><\/div>\n\n\n\n<p class=\"has-white-color has-text-color\">Keeping Children Safe es una organizaci\u00f3n internacional sin fines de lucro registrada en el Reino Unido y dedicada exclusivamente a la protecci\u00f3n infantil organizacional.<\/p>\n\n\n\n<p class=\"has-white-color has-text-color\">Establecemos est\u00e1ndares de protecci\u00f3n infantil organizacional reconocidos internacionalmente, para todas las organizaciones.<\/p>\n\n\n\n<div style=\"height:30px\" aria-hidden=\"true\" class=\"wp-block-spacer\"><\/div>\n\n\n\n<div class=\"wp-block-buttons is-vertical is-layout-flex wp-container-core-buttons-is-layout-fe9cc265 wp-block-buttons-is-layout-flex\">\n<div class=\"wp-block-button is-style-outline is-style-outline--1\"><a class=\"wp-block-button__link has-white-color has-ast-global-color-2-background-color has-text-color has-background has-border-color has-ast-global-color-5-border-color wp-element-button\" href=\"https:\/\/www.keepingchildrensafe.global\/wp-content\/uploads\/2024\/08\/KCS-ICS-Standards-EN-2024.pdf\">Los Est\u00e1ndares<\/a><\/div>\n<\/div>\n\n\n\n<div style=\"height:30px\" aria-hidden=\"true\" class=\"wp-block-spacer\"><\/div>\n<\/div>\n\n\n\n<div class=\"wp-block-column has-ast-global-color-4-background-color has-background is-layout-flow wp-block-column-is-layout-flow\" style=\"padding-top:50px;padding-right:40px;padding-bottom:50px;padding-left:40px\">\n<h2 class=\"wp-block-heading\" style=\"font-size:36px\">Sobre KCS<\/h2>\n\n\n\n<div class=\"wp-block-essential-blocks-accordion acc-underline  root-eb-accordion-5hcgaez\"><div class=\"eb-parent-wrapper eb-parent-eb-accordion-5hcgaez \"><div class=\"eb-accordion-container eb-accordion-5hcgaez\" data-accordion-type=\"accordion\" data-tab-icon=\"fas fa-angle-down\" data-expanded-icon=\"fas fa-angle-up\" data-transition-duration=\"500\"><div class=\"eb-accordion-inner\">\n<div class=\"wp-block-essential-blocks-accordion-item eb-accordion-item-51gbauu eb-accordion-wrapper\" data-clickable=\"false\"><div class=\"eb-accordion-title-wrapper eb-accordion-title-wrapper-eb-accordion-5hcgaez\" tabindex=\"0\"><span class=\"eb-accordion-icon-wrapper eb-accordion-icon-wrapper-eb-accordion-5hcgaez\"><span class=\"fas fa-angle-down eb-accordion-icon\"><\/span><\/span><div class=\"eb-accordion-title-content-wrap title-content-eb-accordion-5hcgaez\"><h3 class=\"eb-accordion-title\">Nuestros comienzos<\/h3><\/div><\/div><div class=\"eb-accordion-content-wrapper eb-accordion-content-wrapper-eb-accordion-5hcgaez\"><div class=\"eb-accordion-content\">\n<p>En 2001, un grupo de organizaciones ben\u00e9ficas de ayuda y desarrollo humanitario fund\u00f3 Keeping Children Safe en respuesta a la creciente toma de conciencia de que los ni\u00f1os, ni\u00f1as y adolescentes eran v\u00edctimas de explotaci\u00f3n y abuso por parte de trabajadores humanitarios y de desarrollo en los campos de emergencia de \u00c1frica Occidental, y dentro de sus propias organizaciones. <\/p>\n\n\n\n<div style=\"height:5px\" aria-hidden=\"true\" class=\"wp-block-spacer\"><\/div>\n\n\n\n<p>Llevamos m\u00e1s de dos d\u00e9cadas ayudando a prevenir el maltrato infantil en organizaciones de todos los sectores, lo que ha repercutido en m\u00e1s de 100 millones de ni\u00f1os, ni\u00f1as y adolescentes de todo el mundo.<\/p>\n\n\n\n<div style=\"height:15px\" aria-hidden=\"true\" class=\"wp-block-spacer\"><\/div>\n<\/div><\/div><\/div>\n\n\n\n<div class=\"wp-block-essential-blocks-accordion-item eb-accordion-item-c2kbgkr eb-accordion-wrapper\" data-clickable=\"false\"><div class=\"eb-accordion-title-wrapper eb-accordion-title-wrapper-eb-accordion-5hcgaez\" tabindex=\"0\"><span class=\"eb-accordion-icon-wrapper eb-accordion-icon-wrapper-eb-accordion-5hcgaez\"><span class=\"fas fa-angle-down eb-accordion-icon\"><\/span><\/span><div class=\"eb-accordion-title-content-wrap title-content-eb-accordion-5hcgaez\"><h3 class=\"eb-accordion-title\">Nuestra misi\u00f3n y visi\u00f3n<\/h3><\/div><\/div><div class=\"eb-accordion-content-wrapper eb-accordion-content-wrapper-eb-accordion-5hcgaez\"><div class=\"eb-accordion-content\">\n<p>Nuestra misi\u00f3n es acabar con el maltrato infantil en todas las organizaciones y nuestra visi\u00f3n es que todos los ni\u00f1os, ni\u00f1as y adolescentes crezcan a salvo del abuso, la explotaci\u00f3n y la negligencia.<\/p>\n\n\n\n<div style=\"height:5px\" aria-hidden=\"true\" class=\"wp-block-spacer\"><\/div>\n\n\n\n<p>Esto significa que todo lo que hacemos es con el inter\u00e9s superior del ni\u00f1o, ni\u00f1a o adolescente en mente.<\/p>\n\n\n\n<div style=\"height:5px\" aria-hidden=\"true\" class=\"wp-block-spacer\"><\/div>\n\n\n\n<ul class=\"wp-block-list\">\n<li>Defendemos el derecho de las infancias a estar seguras y creemos que todas las organizaciones, por m\u00e1s grandes o poderosas que sean, deben responsabilizarse por la protecci\u00f3n infantil organizacional.<\/li>\n\n\n\n<li>Somos completamente independientes, lo que significa que nunca nos vemos influidos por ninguna otra organizaci\u00f3n, donante o gobierno.<\/li>\n\n\n\n<li>Nos comprometemos a siempre consultar con los ni\u00f1os, ni\u00f1as y adolescentes y sus cuidadores, y a tener en cuenta sus opiniones. <\/li>\n<\/ul>\n\n\n\n<div style=\"height:15px\" aria-hidden=\"true\" class=\"wp-block-spacer\"><\/div>\n<\/div><\/div><\/div>\n\n\n\n<div class=\"wp-block-essential-blocks-accordion-item eb-accordion-item-fjud5p7 eb-accordion-wrapper\" data-clickable=\"false\"><div class=\"eb-accordion-title-wrapper eb-accordion-title-wrapper-eb-accordion-5hcgaez\" tabindex=\"0\"><span class=\"eb-accordion-icon-wrapper eb-accordion-icon-wrapper-eb-accordion-5hcgaez\"><span class=\"fas fa-angle-down eb-accordion-icon\"><\/span><\/span><div class=\"eb-accordion-title-content-wrap title-content-eb-accordion-5hcgaez\"><h3 class=\"eb-accordion-title\">Nuestra independencia<\/h3><\/div><\/div><div class=\"eb-accordion-content-wrapper eb-accordion-content-wrapper-eb-accordion-5hcgaez\"><div class=\"eb-accordion-content\">\n<p>Todo nuestro trabajo se basa en investigaciones y evidencia, y est\u00e1 sujeto a un proceso constante de seguimiento, mejora y revisi\u00f3n externa por parte de nuestro <a href=\"https:\/\/www.keepingchildrensafe.global\/es\/comite-de-revision-independiente\/\"><span style=\"text-decoration: underline;\">Comit\u00e9 de Revisi\u00f3n Independiente<\/span><\/a>.<\/p>\n\n\n\n<div style=\"height:15px\" aria-hidden=\"true\" class=\"wp-block-spacer\"><\/div>\n<\/div><\/div><\/div>\n<\/div><\/div><\/div><\/div>\n<\/div>\n<\/div>\n\n\n\n<div style=\"height:90px\" aria-hidden=\"true\" class=\"wp-block-spacer\"><\/div>\n\n\n\n<p style=\"font-size:26px\">M\u00e1s informaci\u00f3n sobre nosotros:<\/p>\n\n\n\n<div class=\"wp-block-columns promo-trio-3colours is-layout-flex wp-container-core-columns-is-layout-204ee43c wp-block-columns-is-layout-flex\" style=\"padding-top:0px;padding-right:0px;padding-bottom:0px;padding-left:0px\">\n<div class=\"wp-block-column has-ast-global-color-4-background-color has-background is-layout-flow wp-block-column-is-layout-flow\" style=\"padding-top:50px;padding-right:50px;padding-bottom:50px;padding-left:50px\">\n<p class=\"arrow-right has-ast-global-color-2-color has-text-color\" style=\"font-size:26px\"><a href=\"https:\/\/www.keepingchildrensafe.global\/es\/equipo-y-fideicomisarios\/\">Nuestro equipo<\/a><\/p>\n\n\n\n<div style=\"height:100px\" aria-hidden=\"true\" class=\"wp-block-spacer\"><\/div>\n<\/div>\n\n\n\n<div class=\"wp-block-column has-ast-global-color-5-color has-ast-global-color-6-background-color has-text-color has-background is-layout-flow wp-block-column-is-layout-flow\" style=\"padding-top:50px;padding-right:50px;padding-bottom:50px;padding-left:50px\">\n<p class=\"arrow-right has-ast-global-color-2-color has-text-color\" style=\"font-size:26px\"><a href=\"https:\/\/www.keepingchildrensafe.global\/es\/equipo-y-fideicomisarios\/#trustees\">Nuestros fideicomisarios<\/a><\/p>\n<\/div>\n\n\n\n<div class=\"wp-block-column has-ast-global-color-5-color has-ast-global-color-3-background-color has-text-color has-background is-layout-flow wp-block-column-is-layout-flow\" style=\"padding-top:50px;padding-right:50px;padding-bottom:50px;padding-left:50px\">\n<p class=\"arrow-right-white arrow-right has-ast-global-color-5-color has-text-color\" style=\"font-size:26px\"><a href=\"https:\/\/www.keepingchildrensafe.global\/es\/comite-de-revision-independiente\/\">Nuestro Comit\u00e9 de Revisi\u00f3n Independiente<\/a><\/p>\n<\/div>\n<\/div>\n","protected":false},"excerpt":{"rendered":"<p>Keeping Children Safe es una organizaci\u00f3n internacional sin fines de lucro registrada en el Reino Unido y dedicada exclusivamente a la protecci\u00f3n infantil organizacional. Establecemos est\u00e1ndares de protecci\u00f3n infantil organizacional reconocidos internacionalmente, para todas las organizaciones. Sobre KCS M\u00e1s informaci\u00f3n sobre nosotros: Nuestro equipo Nuestros fideicomisarios Nuestro Comit\u00e9 de Revisi\u00f3n Independiente<\/p>\n","protected":false},"author":3,"featured_media":0,"parent":0,"menu_order":0,"comment_status":"closed","ping_status":"closed","template":"","meta":{"_acf_changed":false,"_eb_attr":"","site-sidebar-layout":"default","site-content-layout":"","ast-site-content-layout":"default","site-content-style":"default","site-sidebar-style":"default","ast-global-header-display":"","ast-banner-title-visibility":"","ast-main-header-display":"","ast-hfb-above-header-display":"","ast-hfb-below-header-display":"","ast-hfb-mobile-header-display":"","site-post-title":"","ast-breadcrumbs-content":"","ast-featured-img":"","footer-sml-layout":"","ast-disable-related-posts":"","theme-transparent-header-meta":"","adv-header-id-meta":"","stick-header-meta":"","header-above-stick-meta":"","header-main-stick-meta":"","header-below-stick-meta":"","astra-migrate-meta-layouts":"set","ast-page-background-enabled":"default","ast-page-background-meta":{"desktop":{"background-color":"var(--ast-global-color-4)","background-image":"","background-repeat":"repeat","background-position":"center center","background-size":"auto","background-attachment":"scroll","background-type":"","background-media":"","overlay-type":"","overlay-color":"","overlay-opacity":"","overlay-gradient":""},"tablet":{"background-color":"","background-image":"","background-repeat":"repeat","background-position":"center center","background-size":"auto","background-attachment":"scroll","background-type":"","background-media":"","overlay-type":"","overlay-color":"","overlay-opacity":"","overlay-gradient":""},"mobile":{"background-color":"","background-image":"","background-repeat":"repeat","background-position":"center center","background-size":"auto","background-attachment":"scroll","background-type":"","background-media":"","overlay-type":"","overlay-color":"","overlay-opacity":"","overlay-gradient":""}},"ast-content-background-meta":{"desktop":{"background-color":"var(--ast-global-color-5)","background-image":"","background-repeat":"repeat","background-position":"center center","background-size":"auto","background-attachment":"scroll","background-type":"","background-media":"","overlay-type":"","overlay-color":"","overlay-opacity":"","overlay-gradient":""},"tablet":{"background-color":"var(--ast-global-color-5)","background-image":"","background-repeat":"repeat","background-position":"center center","background-size":"auto","background-attachment":"scroll","background-type":"","background-media":"","overlay-type":"","overlay-color":"","overlay-opacity":"","overlay-gradient":""},"mobile":{"background-color":"var(--ast-global-color-5)","background-image":"","background-repeat":"repeat","background-position":"center center","background-size":"auto","background-attachment":"scroll","background-type":"","background-media":"","overlay-type":"","overlay-color":"","overlay-opacity":"","overlay-gradient":""}},"footnotes":""},"class_list":["post-27011","page","type-page","status-publish","hentry"],"acf":[],"yoast_head":"<!-- This site is optimized with the Yoast SEO plugin v27.4 - https:\/\/yoast.com\/product\/yoast-seo-wordpress\/ -->\n<title>Nuestra historia - Keeping Children Safe<\/title>\n<meta name=\"description\" content=\"Keeping Children Safe es una organizaci\u00f3n internacional sin fines de lucro registrada en el Reino Unido y dedicada exclusivamente a la protecci\u00f3n infantil organizacional. Conozca nuestra historia.\" \/>\n<meta name=\"robots\" content=\"index, follow, max-snippet:-1, max-image-preview:large, max-video-preview:-1\" \/>\n<link rel=\"canonical\" href=\"https:\/\/www.keepingchildrensafe.global\/es\/nuestra-historia\/\" \/>\n<meta property=\"og:locale\" content=\"es_ES\" \/>\n<meta property=\"og:type\" content=\"article\" \/>\n<meta property=\"og:title\" content=\"Nuestra historia - Keeping Children Safe\" \/>\n<meta property=\"og:description\" content=\"Keeping Children Safe es una organizaci\u00f3n internacional sin fines de lucro registrada en el Reino Unido y dedicada exclusivamente a la protecci\u00f3n infantil organizacional. Conozca nuestra historia.\" \/>\n<meta property=\"og:url\" content=\"https:\/\/www.keepingchildrensafe.global\/es\/nuestra-historia\/\" \/>\n<meta property=\"og:site_name\" content=\"Keeping Children Safe\" \/>\n<meta property=\"article:publisher\" content=\"https:\/\/www.facebook.com\/KCSkeepingchildrensafe\" \/>\n<meta property=\"article:modified_time\" content=\"2025-01-23T19:28:31+00:00\" \/>\n<meta property=\"og:image\" content=\"https:\/\/www.keepingchildrensafe.global\/wp-content\/uploads\/2023\/10\/pexels-lagos-food-bank-initiative-9968379-scaled.jpg\" \/>\n\t<meta property=\"og:image:width\" content=\"2800\" \/>\n\t<meta property=\"og:image:height\" content=\"1863\" \/>\n\t<meta property=\"og:image:type\" content=\"image\/jpeg\" \/>\n<meta name=\"twitter:card\" content=\"summary_large_image\" \/>\n<meta name=\"twitter:site\" content=\"@keepchildsafe\" \/>\n<meta name=\"twitter:label1\" content=\"Tiempo de lectura\" \/>\n\t<meta name=\"twitter:data1\" content=\"2 minutos\" \/>\n<script type=\"application\/ld+json\" class=\"yoast-schema-graph\">{\"@context\":\"https:\\\/\\\/schema.org\",\"@graph\":[{\"@type\":\"WebPage\",\"@id\":\"https:\\\/\\\/www.keepingchildrensafe.global\\\/es\\\/nuestra-historia\\\/\",\"url\":\"https:\\\/\\\/www.keepingchildrensafe.global\\\/es\\\/nuestra-historia\\\/\",\"name\":\"Nuestra historia - Keeping Children Safe\",\"isPartOf\":{\"@id\":\"https:\\\/\\\/www.keepingchildrensafe.global\\\/es\\\/#website\"},\"primaryImageOfPage\":{\"@id\":\"https:\\\/\\\/www.keepingchildrensafe.global\\\/es\\\/nuestra-historia\\\/#primaryimage\"},\"image\":{\"@id\":\"https:\\\/\\\/www.keepingchildrensafe.global\\\/es\\\/nuestra-historia\\\/#primaryimage\"},\"thumbnailUrl\":\"https:\\\/\\\/www.keepingchildrensafe.global\\\/wp-content\\\/uploads\\\/2023\\\/10\\\/pexels-lagos-food-bank-initiative-9968379-1200x480.jpg\",\"datePublished\":\"2023-07-10T13:13:05+00:00\",\"dateModified\":\"2025-01-23T19:28:31+00:00\",\"description\":\"Keeping Children Safe es una organizaci\u00f3n internacional sin fines de lucro registrada en el Reino Unido y dedicada exclusivamente a la protecci\u00f3n infantil organizacional. Conozca nuestra historia.\",\"breadcrumb\":{\"@id\":\"https:\\\/\\\/www.keepingchildrensafe.global\\\/es\\\/nuestra-historia\\\/#breadcrumb\"},\"inLanguage\":\"es\",\"potentialAction\":[{\"@type\":\"ReadAction\",\"target\":[\"https:\\\/\\\/www.keepingchildrensafe.global\\\/es\\\/nuestra-historia\\\/\"]}]},{\"@type\":\"ImageObject\",\"inLanguage\":\"es\",\"@id\":\"https:\\\/\\\/www.keepingchildrensafe.global\\\/es\\\/nuestra-historia\\\/#primaryimage\",\"url\":\"https:\\\/\\\/www.keepingchildrensafe.global\\\/wp-content\\\/uploads\\\/2023\\\/10\\\/pexels-lagos-food-bank-initiative-9968379-1200x480.jpg\",\"contentUrl\":\"https:\\\/\\\/www.keepingchildrensafe.global\\\/wp-content\\\/uploads\\\/2023\\\/10\\\/pexels-lagos-food-bank-initiative-9968379-1200x480.jpg\"},{\"@type\":\"BreadcrumbList\",\"@id\":\"https:\\\/\\\/www.keepingchildrensafe.global\\\/es\\\/nuestra-historia\\\/#breadcrumb\",\"itemListElement\":[{\"@type\":\"ListItem\",\"position\":1,\"name\":\"Home\",\"item\":\"https:\\\/\\\/www.keepingchildrensafe.global\\\/es\\\/\"},{\"@type\":\"ListItem\",\"position\":2,\"name\":\"Nuestra historia\"}]},{\"@type\":\"WebSite\",\"@id\":\"https:\\\/\\\/www.keepingchildrensafe.global\\\/es\\\/#website\",\"url\":\"https:\\\/\\\/www.keepingchildrensafe.global\\\/es\\\/\",\"name\":\"Keeping Children Safe\",\"description\":\"Setting tough International Child Safeguarding Standards\",\"publisher\":{\"@id\":\"https:\\\/\\\/www.keepingchildrensafe.global\\\/es\\\/#organization\"},\"potentialAction\":[{\"@type\":\"SearchAction\",\"target\":{\"@type\":\"EntryPoint\",\"urlTemplate\":\"https:\\\/\\\/www.keepingchildrensafe.global\\\/es\\\/?s={search_term_string}\"},\"query-input\":{\"@type\":\"PropertyValueSpecification\",\"valueRequired\":true,\"valueName\":\"search_term_string\"}}],\"inLanguage\":\"es\"},{\"@type\":\"Organization\",\"@id\":\"https:\\\/\\\/www.keepingchildrensafe.global\\\/es\\\/#organization\",\"name\":\"Keeping Children Safe\",\"url\":\"https:\\\/\\\/www.keepingchildrensafe.global\\\/es\\\/\",\"logo\":{\"@type\":\"ImageObject\",\"inLanguage\":\"es\",\"@id\":\"https:\\\/\\\/www.keepingchildrensafe.global\\\/es\\\/#\\\/schema\\\/logo\\\/image\\\/\",\"url\":\"https:\\\/\\\/kcs.webscapegardener.site\\\/wp-content\\\/uploads\\\/2023\\\/10\\\/kcs-header-logo.png\",\"contentUrl\":\"https:\\\/\\\/kcs.webscapegardener.site\\\/wp-content\\\/uploads\\\/2023\\\/10\\\/kcs-header-logo.png\",\"width\":204,\"height\":21,\"caption\":\"Keeping Children Safe\"},\"image\":{\"@id\":\"https:\\\/\\\/www.keepingchildrensafe.global\\\/es\\\/#\\\/schema\\\/logo\\\/image\\\/\"},\"sameAs\":[\"https:\\\/\\\/www.facebook.com\\\/KCSkeepingchildrensafe\",\"https:\\\/\\\/x.com\\\/keepchildsafe\",\"https:\\\/\\\/www.instagram.com\\\/keepingchildrensafe\\\/\",\"https:\\\/\\\/www.linkedin.com\\\/company\\\/keeping-children-safe-coalition\\\/\",\"https:\\\/\\\/vimeo.com\\\/keepingchildrensafe\"]}]}<\/script>\n<!-- \/ Yoast SEO plugin. -->","yoast_head_json":{"title":"Nuestra historia - Keeping Children Safe","description":"Keeping Children Safe es una organizaci\u00f3n internacional sin fines de lucro registrada en el Reino Unido y dedicada exclusivamente a la protecci\u00f3n infantil organizacional. Conozca nuestra historia.","robots":{"index":"index","follow":"follow","max-snippet":"max-snippet:-1","max-image-preview":"max-image-preview:large","max-video-preview":"max-video-preview:-1"},"canonical":"https:\/\/www.keepingchildrensafe.global\/es\/nuestra-historia\/","og_locale":"es_ES","og_type":"article","og_title":"Nuestra historia - Keeping Children Safe","og_description":"Keeping Children Safe es una organizaci\u00f3n internacional sin fines de lucro registrada en el Reino Unido y dedicada exclusivamente a la protecci\u00f3n infantil organizacional. Conozca nuestra historia.","og_url":"https:\/\/www.keepingchildrensafe.global\/es\/nuestra-historia\/","og_site_name":"Keeping Children Safe","article_publisher":"https:\/\/www.facebook.com\/KCSkeepingchildrensafe","article_modified_time":"2025-01-23T19:28:31+00:00","og_image":[{"width":2800,"height":1863,"url":"https:\/\/www.keepingchildrensafe.global\/wp-content\/uploads\/2023\/10\/pexels-lagos-food-bank-initiative-9968379-scaled.jpg","type":"image\/jpeg"}],"twitter_card":"summary_large_image","twitter_site":"@keepchildsafe","twitter_misc":{"Tiempo de lectura":"2 minutos"},"schema":{"@context":"https:\/\/schema.org","@graph":[{"@type":"WebPage","@id":"https:\/\/www.keepingchildrensafe.global\/es\/nuestra-historia\/","url":"https:\/\/www.keepingchildrensafe.global\/es\/nuestra-historia\/","name":"Nuestra historia - Keeping Children Safe","isPartOf":{"@id":"https:\/\/www.keepingchildrensafe.global\/es\/#website"},"primaryImageOfPage":{"@id":"https:\/\/www.keepingchildrensafe.global\/es\/nuestra-historia\/#primaryimage"},"image":{"@id":"https:\/\/www.keepingchildrensafe.global\/es\/nuestra-historia\/#primaryimage"},"thumbnailUrl":"https:\/\/www.keepingchildrensafe.global\/wp-content\/uploads\/2023\/10\/pexels-lagos-food-bank-initiative-9968379-1200x480.jpg","datePublished":"2023-07-10T13:13:05+00:00","dateModified":"2025-01-23T19:28:31+00:00","description":"Keeping Children Safe es una organizaci\u00f3n internacional sin fines de lucro registrada en el Reino Unido y dedicada exclusivamente a la protecci\u00f3n infantil organizacional. Conozca nuestra historia.","breadcrumb":{"@id":"https:\/\/www.keepingchildrensafe.global\/es\/nuestra-historia\/#breadcrumb"},"inLanguage":"es","potentialAction":[{"@type":"ReadAction","target":["https:\/\/www.keepingchildrensafe.global\/es\/nuestra-historia\/"]}]},{"@type":"ImageObject","inLanguage":"es","@id":"https:\/\/www.keepingchildrensafe.global\/es\/nuestra-historia\/#primaryimage","url":"https:\/\/www.keepingchildrensafe.global\/wp-content\/uploads\/2023\/10\/pexels-lagos-food-bank-initiative-9968379-1200x480.jpg","contentUrl":"https:\/\/www.keepingchildrensafe.global\/wp-content\/uploads\/2023\/10\/pexels-lagos-food-bank-initiative-9968379-1200x480.jpg"},{"@type":"BreadcrumbList","@id":"https:\/\/www.keepingchildrensafe.global\/es\/nuestra-historia\/#breadcrumb","itemListElement":[{"@type":"ListItem","position":1,"name":"Home","item":"https:\/\/www.keepingchildrensafe.global\/es\/"},{"@type":"ListItem","position":2,"name":"Nuestra historia"}]},{"@type":"WebSite","@id":"https:\/\/www.keepingchildrensafe.global\/es\/#website","url":"https:\/\/www.keepingchildrensafe.global\/es\/","name":"Keeping Children Safe","description":"Setting tough International Child Safeguarding Standards","publisher":{"@id":"https:\/\/www.keepingchildrensafe.global\/es\/#organization"},"potentialAction":[{"@type":"SearchAction","target":{"@type":"EntryPoint","urlTemplate":"https:\/\/www.keepingchildrensafe.global\/es\/?s={search_term_string}"},"query-input":{"@type":"PropertyValueSpecification","valueRequired":true,"valueName":"search_term_string"}}],"inLanguage":"es"},{"@type":"Organization","@id":"https:\/\/www.keepingchildrensafe.global\/es\/#organization","name":"Keeping Children Safe","url":"https:\/\/www.keepingchildrensafe.global\/es\/","logo":{"@type":"ImageObject","inLanguage":"es","@id":"https:\/\/www.keepingchildrensafe.global\/es\/#\/schema\/logo\/image\/","url":"https:\/\/kcs.webscapegardener.site\/wp-content\/uploads\/2023\/10\/kcs-header-logo.png","contentUrl":"https:\/\/kcs.webscapegardener.site\/wp-content\/uploads\/2023\/10\/kcs-header-logo.png","width":204,"height":21,"caption":"Keeping Children Safe"},"image":{"@id":"https:\/\/www.keepingchildrensafe.global\/es\/#\/schema\/logo\/image\/"},"sameAs":["https:\/\/www.facebook.com\/KCSkeepingchildrensafe","https:\/\/x.com\/keepchildsafe","https:\/\/www.instagram.com\/keepingchildrensafe\/","https:\/\/www.linkedin.com\/company\/keeping-children-safe-coalition\/","https:\/\/vimeo.com\/keepingchildrensafe"]}]}},"_links":{"self":[{"href":"https:\/\/www.keepingchildrensafe.global\/es\/wp-json\/wp\/v2\/pages\/27011","targetHints":{"allow":["GET"]}}],"collection":[{"href":"https:\/\/www.keepingchildrensafe.global\/es\/wp-json\/wp\/v2\/pages"}],"about":[{"href":"https:\/\/www.keepingchildrensafe.global\/es\/wp-json\/wp\/v2\/types\/page"}],"author":[{"embeddable":true,"href":"https:\/\/www.keepingchildrensafe.global\/es\/wp-json\/wp\/v2\/users\/3"}],"replies":[{"embeddable":true,"href":"https:\/\/www.keepingchildrensafe.global\/es\/wp-json\/wp\/v2\/comments?post=27011"}],"version-history":[{"count":14,"href":"https:\/\/www.keepingchildrensafe.global\/es\/wp-json\/wp\/v2\/pages\/27011\/revisions"}],"predecessor-version":[{"id":30362,"href":"https:\/\/www.keepingchildrensafe.global\/es\/wp-json\/wp\/v2\/pages\/27011\/revisions\/30362"}],"wp:attachment":[{"href":"https:\/\/www.keepingchildrensafe.global\/es\/wp-json\/wp\/v2\/media?parent=27011"}],"curies":[{"name":"wp","href":"https:\/\/api.w.org\/{rel}","templated":true}]}}