{"id":27055,"date":"2023-07-03T15:14:50","date_gmt":"2023-07-03T14:14:50","guid":{"rendered":"https:\/\/www.keepingchildrensafe.global\/politica-de-privacidad\/"},"modified":"2024-07-15T15:32:45","modified_gmt":"2024-07-15T14:32:45","slug":"politica-de-privacidad","status":"publish","type":"page","link":"https:\/\/www.keepingchildrensafe.global\/es\/politica-de-privacidad\/","title":{"rendered":"Pol\u00edtica de privacidad"},"content":{"rendered":"\n<p>Queremos que nuestros miembros, donantes y colaboradores, as\u00ed como cualquier otra persona que se conecte con nosotros, sepan hasta qu\u00e9 punto est\u00e1n cambiando la vida de ni\u00f1os, ni\u00f1as y adolescentes. Sin embargo, queremos hacerlo de la forma m\u00e1s c\u00f3moda para ustedes.<\/p>\n\n<p>Por eso, con esta pol\u00edtica de privacidad, Keeping Children Safe quiere ser una organizaci\u00f3n franca y lo m\u00e1s abierta posible. Queremos asegurarle que la privacidad y seguridad de sus datos personales es, y siempre ser\u00e1, enormemente importante para nosotros. Por lo tanto, queremos explicarle de forma transparente c\u00f3mo y por qu\u00e9 recopilamos, almacenamos, compartimos y utilizamos sus datos personales, as\u00ed como describir las opciones que tiene sobre cu\u00e1ndo y c\u00f3mo decide compartir sus datos personales.<\/p>\n\n<p>Este es nuestro objetivo y la presente Pol\u00edtica de Privacidad explicar\u00e1 exactamente lo que queremos decir con m\u00e1s detalle. Al utilizar el sitio web, usted acepta que recopilemos y utilicemos determinada informaci\u00f3n, tal como se indica a continuaci\u00f3n.<\/p>\n\n<h2 class=\"wp-block-heading\">Informaci\u00f3n que podemos recopilar<\/h2>\n\n<p>Cada vez que un usuario visita el sitio web, podemos recopilar determinada informaci\u00f3n que no le identifica personalmente, como la direcci\u00f3n IP del usuario, la URL de referencia, el tipo de navegador y la fecha y hora de la visita. Tambi\u00e9n podemos fusionar dicha informaci\u00f3n recopilada sobre un usuario con la recopilada de otros usuarios para identificar y analizar tendencias con el fin de mejorar el sitio web.<\/p>\n\n<p>Podemos recopilar informaci\u00f3n personal, como nombre, direcci\u00f3n postal, direcci\u00f3n de correo electr\u00f3nico y n\u00famero de tel\u00e9fono, para ponernos en contacto con usted, informarle sobre nuestro trabajo y obtener su apoyo, financiero o de otro tipo, para nuestras actividades. <\/p>\n\n<p>Nos ajustamos al Reglamento General de Protecci\u00f3n de Datos UE 2016\/679 complementado por la Ley de Protecci\u00f3n de Datos de 2018 y otras leyes aplicables. Por esta legislaci\u00f3n, nos comprometemos a comunicarnos con usted solo de las formas para las que nos haya acordado. Sus datos se almacenar\u00e1n de forma segura en nuestra base de datos a la que solo pueden acceder los empleados y contratistas acreditados que trabajan para nosotros. El acceso a la base de datos se realiza estrictamente en funci\u00f3n de la necesidad de conocimiento, no est\u00e1 disponible para todos los que trabajan en o con Keeping Children Safe. Sus datos se almacenar\u00e1n de esta manera mientras dure su relaci\u00f3n con nosotros y se borrar\u00e1n o anonimizar\u00e1n transcurridos siete a\u00f1os desde nuestro \u00faltimo contacto con usted. Conservamos los datos durante este periodo porque es el tiempo que HMRC nos obliga a almacenar determinados datos financieros y de transacciones con fines fiscales. Si desea ejercer antes su \u00abderecho al olvido\u00bb, p\u00f3ngase en contacto con nosotros en el tel\u00e9fono +44 (0)20 7250 8325 o env\u00edenos un correo electr\u00f3nico a: <a href=\"mailto:data.protection@keepingchildrensafe.global\">data.protection@keepingchildrensafe.global<\/a><\/p>\n\n<p>A menos que recibamos su consentimiento, nos comprometemos a no compartir sus datos personales con ninguna organizaci\u00f3n susceptible de contactar directamente con usted. De vez en cuando, es necesario que compartamos sus datos con terceros, como empresas de correo, que procesan datos en nuestro nombre. Podemos utilizar agencias de selecci\u00f3n de datos para que nos ayuden a obtener financiaci\u00f3n identificando a aquellas personas que tengan un inter\u00e9s particular en nuestro trabajo, o con capacidad para prestar mayor apoyo. Como peque\u00f1a organizaci\u00f3n ben\u00e9fica, esto es esencial para mejorar nuestro impacto, pero si prefiere que sus datos no se utilicen de esta manera, p\u00f3ngase en contacto con nosotros en el +44 (0)20 7250 8325 o env\u00edenos un correo electr\u00f3nico a: <a href=\"mailto:data.protection@keepingchildrensafe.global\">data.protection@keepingchildrensafe.global<\/a><\/p>\n\n<p>Keeping Children Safe har\u00e1 todos los esfuerzos comercialmente razonables para evitar la p\u00e9rdida o divulgaci\u00f3n no autorizada de informaci\u00f3n. Sin embargo, la seguridad de los datos transmitidos a trav\u00e9s de Internet no puede garantizarse completamente y Keeping Children Safe no ser\u00e1 responsable de ning\u00fan da\u00f1o que los usuarios o terceros puedan sufrir como resultado de una violaci\u00f3n de la seguridad con respecto al uso del sitio web o de cualquier informaci\u00f3n transmitida al sitio.<\/p>\n\n<h2 class=\"wp-block-heading\">Informaci\u00f3n de usuarios menores de 13 a\u00f1os<\/h2>\n\n<p>El sitio web est\u00e1 destinado a personas adultas y Keeping Children Safe no recopilar\u00e1 conscientemente ninguna informaci\u00f3n personal de ni\u00f1os o ni\u00f1as de 13 a\u00f1os o menos. Si descubrimos o se nos notifica que hemos recopilado cualquier informaci\u00f3n de identificaci\u00f3n personal de un ni\u00f1o o ni\u00f1a menor de 13 a\u00f1os, eliminaremos dicha informaci\u00f3n de nuestros registros tan pronto como sea razonablemente posible.<\/p>\n\n<h2 class=\"wp-block-heading\">Cookies<\/h2>\n\n<p>Utilizamos Google Analytics para entender qu\u00e9 les gusta a los usuarios de nuestro sitio web y as\u00ed poder mejorar su experiencia. <\/p>\n\n<p>Google Analytics utiliza cookies de origen para realizar un seguimiento de las interacciones de los visitantes. Estas cookies se utilizan para almacenar informaci\u00f3n, como la hora a la que se produjo la visita actual, si el visitante ha visitado el sitio anteriormente y qu\u00e9 sitio web remiti\u00f3 al visitante a la p\u00e1gina web. Los navegadores no comparten cookies de origen entre dominios. Las Condiciones del servicio de Google Analytics, a las que deben adherirse todos los clientes de Analytics, proh\u00edben el seguimiento o la recopilaci\u00f3n de informaci\u00f3n que le identifique personalmente, como su nombre, direcci\u00f3n de correo electr\u00f3nico o informaci\u00f3n de facturaci\u00f3n, u otros datos que puedan relacionarse razonablemente con dicha informaci\u00f3n. Los datos de Google Analytics no se pueden compartir sin el consentimiento del usuario, excepto en determinadas circunstancias limitadas, como cuando as\u00ed lo exija la ley.<\/p>\n\n<p>Utilizamos Google reCAPTCHA para reducir el spam enviado a trav\u00e9s de los formularios de nuestro sitio. reCAPTCHA utiliza cookies para recordar c\u00f3mo se mueve por el sitio. Si rellena un formulario en el sitio (por ejemplo, para enviarnos un mensaje o rellenar uno de nuestros cuestionarios de autoevaluaci\u00f3n), utiliza esta informaci\u00f3n para juzgar la probabilidad de que sea una persona real y no un bot. Sus datos pueden ser procesados fuera del Reino Unido mientras se lleva a cabo este proceso. Nuestra base legal para hacerlo es el inter\u00e9s leg\u00edtimo de proteger los datos de los usuarios de nuestro sitio web.<\/p>\n\n<p><\/p>\n\n<h2 class=\"wp-block-heading\">Confidencialidad y divulgaci\u00f3n<\/h2>\n\n<p>Entendemos que parte de la informaci\u00f3n recopilada puede ser de naturaleza sensible o confidencial, y tomaremos todas las medidas razonables para mantener esta informaci\u00f3n en privado. En el caso de que Keeping Children Safe se vea con obligaci\u00f3n por ley o por orden judicial a divulgar la informaci\u00f3n enviada por un usuario, se lo notificaremos, a menos que dicha notificaci\u00f3n est\u00e9 prohibida, para que el usuario pueda oponerse a la divulgaci\u00f3n o tratar de limitarla.<\/p>\n\n<h2 class=\"wp-block-heading\">Sitios web de terceros<\/h2>\n\n<p>El sitio contiene enlaces a sitios web de terceros que no son propiedad ni est\u00e1n bajo el control de Keeping Children Safe. No nos hacemos responsables de las acciones o pol\u00edticas de privacidad de los sitios web de terceros a los que se acceda desde este sitio.<\/p>\n","protected":false},"excerpt":{"rendered":"<p>Queremos que nuestros miembros, donantes y colaboradores, as\u00ed como cualquier otra persona que se conecte con nosotros, sepan hasta qu\u00e9 punto est\u00e1n cambiando la vida de ni\u00f1os, ni\u00f1as y adolescentes. Sin embargo, queremos hacerlo de la forma m\u00e1s c\u00f3moda para ustedes. Por eso, con esta pol\u00edtica de privacidad, Keeping Children Safe quiere ser una organizaci\u00f3n [&hellip;]<\/p>\n","protected":false},"author":3,"featured_media":0,"parent":0,"menu_order":0,"comment_status":"closed","ping_status":"closed","template":"","meta":{"_acf_changed":false,"_eb_attr":"","site-sidebar-layout":"default","site-content-layout":"","ast-site-content-layout":"default","site-content-style":"default","site-sidebar-style":"default","ast-global-header-display":"","ast-banner-title-visibility":"","ast-main-header-display":"","ast-hfb-above-header-display":"","ast-hfb-below-header-display":"","ast-hfb-mobile-header-display":"","site-post-title":"","ast-breadcrumbs-content":"","ast-featured-img":"","footer-sml-layout":"","ast-disable-related-posts":"","theme-transparent-header-meta":"","adv-header-id-meta":"","stick-header-meta":"","header-above-stick-meta":"","header-main-stick-meta":"","header-below-stick-meta":"","astra-migrate-meta-layouts":"default","ast-page-background-enabled":"default","ast-page-background-meta":{"desktop":{"background-color":"var(--ast-global-color-4)","background-image":"","background-repeat":"repeat","background-position":"center center","background-size":"auto","background-attachment":"scroll","background-type":"","background-media":"","overlay-type":"","overlay-color":"","overlay-opacity":"","overlay-gradient":""},"tablet":{"background-color":"","background-image":"","background-repeat":"repeat","background-position":"center center","background-size":"auto","background-attachment":"scroll","background-type":"","background-media":"","overlay-type":"","overlay-color":"","overlay-opacity":"","overlay-gradient":""},"mobile":{"background-color":"","background-image":"","background-repeat":"repeat","background-position":"center center","background-size":"auto","background-attachment":"scroll","background-type":"","background-media":"","overlay-type":"","overlay-color":"","overlay-opacity":"","overlay-gradient":""}},"ast-content-background-meta":{"desktop":{"background-color":"var(--ast-global-color-5)","background-image":"","background-repeat":"repeat","background-position":"center center","background-size":"auto","background-attachment":"scroll","background-type":"","background-media":"","overlay-type":"","overlay-color":"","overlay-opacity":"","overlay-gradient":""},"tablet":{"background-color":"var(--ast-global-color-5)","background-image":"","background-repeat":"repeat","background-position":"center center","background-size":"auto","background-attachment":"scroll","background-type":"","background-media":"","overlay-type":"","overlay-color":"","overlay-opacity":"","overlay-gradient":""},"mobile":{"background-color":"var(--ast-global-color-5)","background-image":"","background-repeat":"repeat","background-position":"center center","background-size":"auto","background-attachment":"scroll","background-type":"","background-media":"","overlay-type":"","overlay-color":"","overlay-opacity":"","overlay-gradient":""}},"footnotes":""},"class_list":["post-27055","page","type-page","status-publish","hentry"],"acf":[],"yoast_head":"<!-- This site is optimized with the Yoast SEO plugin v27.4 - https:\/\/yoast.com\/product\/yoast-seo-wordpress\/ -->\n<title>Pol\u00edtica de privacidad - Keeping Children Safe<\/title>\n<meta name=\"robots\" content=\"index, follow, max-snippet:-1, max-image-preview:large, max-video-preview:-1\" \/>\n<link rel=\"canonical\" href=\"https:\/\/www.keepingchildrensafe.global\/es\/politica-de-privacidad\/\" \/>\n<meta property=\"og:locale\" content=\"es_ES\" \/>\n<meta property=\"og:type\" content=\"article\" \/>\n<meta property=\"og:title\" content=\"Pol\u00edtica de privacidad - Keeping Children Safe\" \/>\n<meta property=\"og:description\" content=\"Queremos que nuestros miembros, donantes y colaboradores, as\u00ed como cualquier otra persona que se conecte con nosotros, sepan hasta qu\u00e9 punto est\u00e1n cambiando la vida de ni\u00f1os, ni\u00f1as y adolescentes. Sin embargo, queremos hacerlo de la forma m\u00e1s c\u00f3moda para ustedes. Por eso, con esta pol\u00edtica de privacidad, Keeping Children Safe quiere ser una organizaci\u00f3n [&hellip;]\" \/>\n<meta property=\"og:url\" content=\"https:\/\/www.keepingchildrensafe.global\/es\/politica-de-privacidad\/\" \/>\n<meta property=\"og:site_name\" content=\"Keeping Children Safe\" \/>\n<meta property=\"article:publisher\" content=\"https:\/\/www.facebook.com\/KCSkeepingchildrensafe\" \/>\n<meta property=\"article:modified_time\" content=\"2024-07-15T14:32:45+00:00\" \/>\n<meta name=\"twitter:card\" content=\"summary_large_image\" \/>\n<meta name=\"twitter:site\" content=\"@keepchildsafe\" \/>\n<meta name=\"twitter:label1\" content=\"Tiempo de lectura\" \/>\n\t<meta name=\"twitter:data1\" content=\"6 minutos\" \/>\n<script type=\"application\/ld+json\" class=\"yoast-schema-graph\">{\"@context\":\"https:\\\/\\\/schema.org\",\"@graph\":[{\"@type\":\"WebPage\",\"@id\":\"https:\\\/\\\/www.keepingchildrensafe.global\\\/es\\\/politica-de-privacidad\\\/\",\"url\":\"https:\\\/\\\/www.keepingchildrensafe.global\\\/es\\\/politica-de-privacidad\\\/\",\"name\":\"Pol\u00edtica de privacidad - Keeping Children Safe\",\"isPartOf\":{\"@id\":\"https:\\\/\\\/www.keepingchildrensafe.global\\\/es\\\/#website\"},\"datePublished\":\"2023-07-03T14:14:50+00:00\",\"dateModified\":\"2024-07-15T14:32:45+00:00\",\"breadcrumb\":{\"@id\":\"https:\\\/\\\/www.keepingchildrensafe.global\\\/es\\\/politica-de-privacidad\\\/#breadcrumb\"},\"inLanguage\":\"es\",\"potentialAction\":[{\"@type\":\"ReadAction\",\"target\":[\"https:\\\/\\\/www.keepingchildrensafe.global\\\/es\\\/politica-de-privacidad\\\/\"]}]},{\"@type\":\"BreadcrumbList\",\"@id\":\"https:\\\/\\\/www.keepingchildrensafe.global\\\/es\\\/politica-de-privacidad\\\/#breadcrumb\",\"itemListElement\":[{\"@type\":\"ListItem\",\"position\":1,\"name\":\"Home\",\"item\":\"https:\\\/\\\/www.keepingchildrensafe.global\\\/es\\\/\"},{\"@type\":\"ListItem\",\"position\":2,\"name\":\"Pol\u00edtica de privacidad\"}]},{\"@type\":\"WebSite\",\"@id\":\"https:\\\/\\\/www.keepingchildrensafe.global\\\/es\\\/#website\",\"url\":\"https:\\\/\\\/www.keepingchildrensafe.global\\\/es\\\/\",\"name\":\"Keeping Children Safe\",\"description\":\"Setting tough International Child Safeguarding Standards\",\"publisher\":{\"@id\":\"https:\\\/\\\/www.keepingchildrensafe.global\\\/es\\\/#organization\"},\"potentialAction\":[{\"@type\":\"SearchAction\",\"target\":{\"@type\":\"EntryPoint\",\"urlTemplate\":\"https:\\\/\\\/www.keepingchildrensafe.global\\\/es\\\/?s={search_term_string}\"},\"query-input\":{\"@type\":\"PropertyValueSpecification\",\"valueRequired\":true,\"valueName\":\"search_term_string\"}}],\"inLanguage\":\"es\"},{\"@type\":\"Organization\",\"@id\":\"https:\\\/\\\/www.keepingchildrensafe.global\\\/es\\\/#organization\",\"name\":\"Keeping Children Safe\",\"url\":\"https:\\\/\\\/www.keepingchildrensafe.global\\\/es\\\/\",\"logo\":{\"@type\":\"ImageObject\",\"inLanguage\":\"es\",\"@id\":\"https:\\\/\\\/www.keepingchildrensafe.global\\\/es\\\/#\\\/schema\\\/logo\\\/image\\\/\",\"url\":\"https:\\\/\\\/kcs.webscapegardener.site\\\/wp-content\\\/uploads\\\/2023\\\/10\\\/kcs-header-logo.png\",\"contentUrl\":\"https:\\\/\\\/kcs.webscapegardener.site\\\/wp-content\\\/uploads\\\/2023\\\/10\\\/kcs-header-logo.png\",\"width\":204,\"height\":21,\"caption\":\"Keeping Children Safe\"},\"image\":{\"@id\":\"https:\\\/\\\/www.keepingchildrensafe.global\\\/es\\\/#\\\/schema\\\/logo\\\/image\\\/\"},\"sameAs\":[\"https:\\\/\\\/www.facebook.com\\\/KCSkeepingchildrensafe\",\"https:\\\/\\\/x.com\\\/keepchildsafe\",\"https:\\\/\\\/www.instagram.com\\\/keepingchildrensafe\\\/\",\"https:\\\/\\\/www.linkedin.com\\\/company\\\/keeping-children-safe-coalition\\\/\",\"https:\\\/\\\/vimeo.com\\\/keepingchildrensafe\"]}]}<\/script>\n<!-- \/ Yoast SEO plugin. -->","yoast_head_json":{"title":"Pol\u00edtica de privacidad - Keeping Children Safe","robots":{"index":"index","follow":"follow","max-snippet":"max-snippet:-1","max-image-preview":"max-image-preview:large","max-video-preview":"max-video-preview:-1"},"canonical":"https:\/\/www.keepingchildrensafe.global\/es\/politica-de-privacidad\/","og_locale":"es_ES","og_type":"article","og_title":"Pol\u00edtica de privacidad - Keeping Children Safe","og_description":"Queremos que nuestros miembros, donantes y colaboradores, as\u00ed como cualquier otra persona que se conecte con nosotros, sepan hasta qu\u00e9 punto est\u00e1n cambiando la vida de ni\u00f1os, ni\u00f1as y adolescentes. Sin embargo, queremos hacerlo de la forma m\u00e1s c\u00f3moda para ustedes. Por eso, con esta pol\u00edtica de privacidad, Keeping Children Safe quiere ser una organizaci\u00f3n [&hellip;]","og_url":"https:\/\/www.keepingchildrensafe.global\/es\/politica-de-privacidad\/","og_site_name":"Keeping Children Safe","article_publisher":"https:\/\/www.facebook.com\/KCSkeepingchildrensafe","article_modified_time":"2024-07-15T14:32:45+00:00","twitter_card":"summary_large_image","twitter_site":"@keepchildsafe","twitter_misc":{"Tiempo de lectura":"6 minutos"},"schema":{"@context":"https:\/\/schema.org","@graph":[{"@type":"WebPage","@id":"https:\/\/www.keepingchildrensafe.global\/es\/politica-de-privacidad\/","url":"https:\/\/www.keepingchildrensafe.global\/es\/politica-de-privacidad\/","name":"Pol\u00edtica de privacidad - Keeping Children Safe","isPartOf":{"@id":"https:\/\/www.keepingchildrensafe.global\/es\/#website"},"datePublished":"2023-07-03T14:14:50+00:00","dateModified":"2024-07-15T14:32:45+00:00","breadcrumb":{"@id":"https:\/\/www.keepingchildrensafe.global\/es\/politica-de-privacidad\/#breadcrumb"},"inLanguage":"es","potentialAction":[{"@type":"ReadAction","target":["https:\/\/www.keepingchildrensafe.global\/es\/politica-de-privacidad\/"]}]},{"@type":"BreadcrumbList","@id":"https:\/\/www.keepingchildrensafe.global\/es\/politica-de-privacidad\/#breadcrumb","itemListElement":[{"@type":"ListItem","position":1,"name":"Home","item":"https:\/\/www.keepingchildrensafe.global\/es\/"},{"@type":"ListItem","position":2,"name":"Pol\u00edtica de privacidad"}]},{"@type":"WebSite","@id":"https:\/\/www.keepingchildrensafe.global\/es\/#website","url":"https:\/\/www.keepingchildrensafe.global\/es\/","name":"Keeping Children Safe","description":"Setting tough International Child Safeguarding Standards","publisher":{"@id":"https:\/\/www.keepingchildrensafe.global\/es\/#organization"},"potentialAction":[{"@type":"SearchAction","target":{"@type":"EntryPoint","urlTemplate":"https:\/\/www.keepingchildrensafe.global\/es\/?s={search_term_string}"},"query-input":{"@type":"PropertyValueSpecification","valueRequired":true,"valueName":"search_term_string"}}],"inLanguage":"es"},{"@type":"Organization","@id":"https:\/\/www.keepingchildrensafe.global\/es\/#organization","name":"Keeping Children Safe","url":"https:\/\/www.keepingchildrensafe.global\/es\/","logo":{"@type":"ImageObject","inLanguage":"es","@id":"https:\/\/www.keepingchildrensafe.global\/es\/#\/schema\/logo\/image\/","url":"https:\/\/kcs.webscapegardener.site\/wp-content\/uploads\/2023\/10\/kcs-header-logo.png","contentUrl":"https:\/\/kcs.webscapegardener.site\/wp-content\/uploads\/2023\/10\/kcs-header-logo.png","width":204,"height":21,"caption":"Keeping Children Safe"},"image":{"@id":"https:\/\/www.keepingchildrensafe.global\/es\/#\/schema\/logo\/image\/"},"sameAs":["https:\/\/www.facebook.com\/KCSkeepingchildrensafe","https:\/\/x.com\/keepchildsafe","https:\/\/www.instagram.com\/keepingchildrensafe\/","https:\/\/www.linkedin.com\/company\/keeping-children-safe-coalition\/","https:\/\/vimeo.com\/keepingchildrensafe"]}]}},"_links":{"self":[{"href":"https:\/\/www.keepingchildrensafe.global\/es\/wp-json\/wp\/v2\/pages\/27055","targetHints":{"allow":["GET"]}}],"collection":[{"href":"https:\/\/www.keepingchildrensafe.global\/es\/wp-json\/wp\/v2\/pages"}],"about":[{"href":"https:\/\/www.keepingchildrensafe.global\/es\/wp-json\/wp\/v2\/types\/page"}],"author":[{"embeddable":true,"href":"https:\/\/www.keepingchildrensafe.global\/es\/wp-json\/wp\/v2\/users\/3"}],"replies":[{"embeddable":true,"href":"https:\/\/www.keepingchildrensafe.global\/es\/wp-json\/wp\/v2\/comments?post=27055"}],"version-history":[{"count":2,"href":"https:\/\/www.keepingchildrensafe.global\/es\/wp-json\/wp\/v2\/pages\/27055\/revisions"}],"predecessor-version":[{"id":28316,"href":"https:\/\/www.keepingchildrensafe.global\/es\/wp-json\/wp\/v2\/pages\/27055\/revisions\/28316"}],"wp:attachment":[{"href":"https:\/\/www.keepingchildrensafe.global\/es\/wp-json\/wp\/v2\/media?parent=27055"}],"curies":[{"name":"wp","href":"https:\/\/api.w.org\/{rel}","templated":true}]}}