{"id":27067,"date":"2023-07-10T13:54:37","date_gmt":"2023-07-10T12:54:37","guid":{"rendered":"https:\/\/www.keepingchildrensafe.global\/eventos\/"},"modified":"2026-03-15T23:45:49","modified_gmt":"2026-03-15T23:45:49","slug":"eventos","status":"publish","type":"page","link":"https:\/\/www.keepingchildrensafe.global\/es\/eventos\/","title":{"rendered":"Eventos"},"content":{"rendered":"\n<div class=\"wp-block-columns is-layout-flex wp-container-core-columns-is-layout-12ca2eb4 wp-block-columns-is-layout-flex\" style=\"padding-right:0px;padding-left:0px\">\n<div class=\"wp-block-column is-layout-flow wp-block-column-is-layout-flow\">\n<h1 class=\"wp-block-heading\" style=\"font-size:36px\">Eventos<\/h1>\n<\/div>\n\n\n\n<div class=\"wp-block-column is-layout-flow wp-block-column-is-layout-flow\">\n<p>Aprenda, comparta y establezca contactos con profesionales, legisladores, investigadores y defensores de la protecci\u00f3n infantil organizacional de todo el mundo.<\/p>\n\n\n\n<ul class=\"wp-block-list arrow-list\">\n<li><a href=\"mailto:events@keepingchildrensafe.global\" target=\"_blank\" rel=\"noreferrer noopener\">As\u00f3ciese con nosotros para crear nuestro pr\u00f3ximo evento<\/a><\/li>\n<\/ul>\n<\/div>\n<\/div>\n\n\n\n\n\n<div style=\"height:30px\" aria-hidden=\"true\" class=\"wp-block-spacer\"><\/div>\n\n\n\n<p class=\"has-text-align-center has-large-font-size\">Pr\u00f3ximos eventos<\/p>\n\n\n\n<div class=\"wp-block-columns en-only is-layout-flex wp-container-core-columns-is-layout-94716c47 wp-block-columns-is-layout-flex\" style=\"margin-top:0px;margin-bottom:0px;padding-top:0px;padding-right:0px;padding-bottom:0px;padding-left:0px\">\n<div class=\"wp-block-column is-layout-flow wp-block-column-is-layout-flow\">\n<\/div>\n<\/div>\n\n\n\n<div class=\"wp-block-columns es-only is-layout-flex wp-container-core-columns-is-layout-94716c47 wp-block-columns-is-layout-flex\" style=\"margin-top:0px;margin-bottom:0px;padding-top:0px;padding-right:0px;padding-bottom:0px;padding-left:0px\">\n<div class=\"wp-block-column is-layout-flow wp-block-column-is-layout-flow\">\n<\/div>\n<\/div>\n\n\n\n<div style=\"height:90px\" aria-hidden=\"true\" class=\"wp-block-spacer\"><\/div>\n\n\n\n<div class=\"wp-block-columns are-vertically-aligned-bottom is-layout-flex wp-container-core-columns-is-layout-12ca2eb4 wp-block-columns-is-layout-flex\" style=\"padding-right:0px;padding-left:0px\">\n<div class=\"wp-block-column is-vertically-aligned-bottom is-layout-flow wp-block-column-is-layout-flow\" style=\"flex-basis:66%\">\n<h2 class=\"wp-block-heading\">Descubre nuestros eventos y campa\u00f1as anteriores<\/h2>\n<\/div>\n\n\n\n<div class=\"wp-block-column is-vertically-aligned-bottom is-layout-flow wp-block-column-is-layout-flow\" style=\"flex-basis:33.33%\">\n<ul class=\"wp-block-list arrow-list\">\n<li><\/li>\n<\/ul>\n<\/div>\n<\/div>\n\n\n\n<div class=\"wp-block-columns en-only is-layout-flex wp-container-core-columns-is-layout-9ebc5bfc wp-block-columns-is-layout-flex\" style=\"margin-top:0px;margin-bottom:0px;padding-top:0px;padding-right:0px;padding-bottom:0px;padding-left:0px\">\n<div class=\"wp-block-column is-layout-flow wp-block-column-is-layout-flow\">\n<\/div>\n<\/div>\n\n\n\n<div class=\"wp-block-columns es-only is-layout-flex wp-container-core-columns-is-layout-9ebc5bfc wp-block-columns-is-layout-flex\" style=\"margin-top:0px;margin-bottom:0px;padding-top:0px;padding-right:0px;padding-bottom:0px;padding-left:0px\">\n<div class=\"wp-block-column is-layout-flow wp-block-column-is-layout-flow\">\n<\/div>\n<\/div>\n\n\n\n<div style=\"height:70px\" aria-hidden=\"true\" class=\"wp-block-spacer\"><\/div>\n\n\n\n<div class=\"wp-block-columns are-vertically-aligned-bottom is-layout-flex wp-container-core-columns-is-layout-12ca2eb4 wp-block-columns-is-layout-flex\" style=\"padding-right:0px;padding-left:0px\">\n<div class=\"wp-block-column is-vertically-aligned-bottom is-layout-flow wp-block-column-is-layout-flow\" style=\"flex-basis:66%\">\n<h2 class=\"wp-block-heading\">Explore nuestras listas de reproducci\u00f3n de videos tem\u00e1ticos<\/h2>\n<\/div>\n\n\n\n<div class=\"wp-block-column is-vertically-aligned-bottom is-layout-flow wp-block-column-is-layout-flow\" style=\"flex-basis:33.33%\">\n<ul class=\"wp-block-list arrow-list\">\n<li><a href=\"https:\/\/vimeo.com\/keepingchildrensafe\/albums\" target=\"_blank\" rel=\"noreferrer noopener\">Ver todas las listas de reproducci\u00f3n en Vimeo<\/a><\/li>\n<\/ul>\n<\/div>\n<\/div>\n\n\n\n<div class=\"wp-block-columns en-only is-layout-flex wp-container-core-columns-is-layout-9ebc5bfc wp-block-columns-is-layout-flex\" style=\"margin-top:0px;margin-bottom:0px;padding-top:0px;padding-right:0px;padding-bottom:0px;padding-left:0px\">\n<div class=\"wp-block-column is-layout-flow wp-block-column-is-layout-flow\">\n<\/div>\n<\/div>\n\n\n\n<div class=\"wp-block-columns es-only is-layout-flex wp-container-core-columns-is-layout-9ebc5bfc wp-block-columns-is-layout-flex\" style=\"margin-top:0px;margin-bottom:0px;padding-top:0px;padding-right:0px;padding-bottom:0px;padding-left:0px\">\n<div class=\"wp-block-column is-layout-flow wp-block-column-is-layout-flow\">\n<\/div>\n<\/div>\n\n\n\n<div class=\"wp-block-essential-blocks-popup nlp  root-eb-popup-h704f\"><div class=\"eb-parent-wrapper\"><div id=\"eb-popup-h704f\" class=\"eb-popup-container eb-popup-h704f\" data-block-id=\"eb-popup-h704f\" data-popup-type=\"page_load\" data-popup-delay=\"5\" data-close-btn=\"true\" data-esc-btn=\"true\" data-click-exit=\"true\" data-auto-exit=\"false\" data-auto-exit-time=\"3\" data-use-cookie=\"true\" data-cookie-expire-time=\"90\"><div class=\"eb-popup-btn-wrapper eb-parent-eb-popup-h704f \"><\/div><div class=\"eb-popup-overlay\"><\/div><div class=\"modal-main-wrap\"><div class=\"eb-modal-container eb_popup_middle_center\"><div class=\"eb-popup-content\"><div class=\"eb-popup-close-icon\"><span class=\"dashicons dashicons-no-alt\"><\/span><\/div>\n<div class=\"wp-block-columns newsletter-popup is-layout-flex wp-container-core-columns-is-layout-28f84493 wp-block-columns-is-layout-flex\">\n<div class=\"wp-block-column is-layout-flow wp-block-column-is-layout-flow\" style=\"padding-top:0px;padding-right:0px;padding-bottom:0px;padding-left:0px;flex-basis:36.1%\">\n<figure class=\"wp-block-image size-full newsletter-popup-image\"><img decoding=\"async\" data-src=\"https:\/\/www.keepingchildrensafe.global\/wp-content\/uploads\/2024\/06\/pexels-kindel-media-7106007-scaled.jpg\" alt=\"\" class=\"wp-image-27771 lazyload\" src=\"data:image\/svg+xml;base64,PHN2ZyB3aWR0aD0iMSIgaGVpZ2h0PSIxIiB4bWxucz0iaHR0cDovL3d3dy53My5vcmcvMjAwMC9zdmciPjwvc3ZnPg==\" style=\"--smush-placeholder-width: 1126px; --smush-placeholder-aspect-ratio: 1126\/2000;\" \/><\/figure>\n<\/div>\n\n\n\n<div class=\"wp-block-column is-layout-flow wp-block-column-is-layout-flow\" style=\"flex-basis:66.66%\">\n<figure class=\"wp-block-image size-full is-resized\"><img decoding=\"async\" width=\"500\" height=\"53\" data-src=\"https:\/\/www.keepingchildrensafe.global\/wp-content\/uploads\/2024\/06\/kcs-header-logo-1.png\" alt=\"\" class=\"wp-image-26438 lazyload\" style=\"--smush-placeholder-width: 500px; --smush-placeholder-aspect-ratio: 500\/53;width:250px\" src=\"data:image\/svg+xml;base64,PHN2ZyB3aWR0aD0iMSIgaGVpZ2h0PSIxIiB4bWxucz0iaHR0cDovL3d3dy53My5vcmcvMjAwMC9zdmciPjwvc3ZnPg==\" \/><\/figure>\n\n\n\n<div style=\"height:10px\" aria-hidden=\"true\" class=\"wp-block-spacer\"><\/div>\n\n\n\n<h2 class=\"wp-block-heading popup-headline\">Suscr\u00edbase a nuestro bolet\u00edn electr\u00f3nico<\/h2>\n\n\n\n<p>Reciba directamente en su bandeja de entrada las \u00faltimas noticias, herramientas y recursos sobre protecci\u00f3n infantil organizacional. <\/p>\n\n\n\n<div class=\"wp-block-columns en-only is-layout-flex wp-container-core-columns-is-layout-28f84493 wp-block-columns-is-layout-flex\">\n<div class=\"wp-block-column is-layout-flow wp-block-column-is-layout-flow\" style=\"padding-top:0px;padding-right:0px;padding-bottom:0px;padding-left:0px\">\n<div class=\"newsletter-popup-form\">  \n<div id=\"mc_embed_signup\">\n    <form action=\"https:\/\/global.us18.list-manage.com\/subscribe\/post?u=c53792304124d6235236f91e5&#038;id=ac4a7fd3b8&#038;v_id=5734&#038;f_id=004229e7f0\" method=\"post\" id=\"mc-embedded-subscribe-form\" name=\"mc-embedded-subscribe-form\" class=\"validate\" target=\"_self\" novalidate=\"\">\n        <div id=\"mc_embed_signup_scroll\">\n            <div class=\"mc-field-group\"><label for=\"mce-EMAIL\" style=\"position: absolute; left: -5000px;\">Su correo electr\u00f3nico<\/label><input type=\"email\" name=\"EMAIL\" class=\"required email\" id=\"mce-EMAIL\" required=\"\" value=\"\" placeholder=\"Su correo electr\u00f3nico\"\/><\/div>\n        <div id=\"mce-responses\" class=\"clear\">\n            <div class=\"response\" id=\"mce-error-response\" style=\"display: none;\"><\/div>\n            <div class=\"response\" id=\"mce-success-response\" style=\"display: none;\"><\/div>\n        <\/div><div aria-hidden=\"true\" style=\"position: absolute; left: -5000px;\"><input type=\"text\" name=\"b_c53792304124d6235236f91e5_ac4a7fd3b8\" tabindex=\"-1\" value=\"\"\/><\/div>\n\t\t<div class=\"clear\"><input type=\"submit\" name=\"subscribe\" id=\"mc-embedded-subscribe\" class=\"button button-purple\" value=\"Suscr\u00edbase\"\/><\/div>\n    <\/div>\n<\/form>\n<\/div>\n<\/div>\n<\/div>\n<\/div>\n\n\n\n<div class=\"wp-block-columns es-only is-layout-flex wp-container-core-columns-is-layout-28f84493 wp-block-columns-is-layout-flex\">\n<div class=\"wp-block-column is-layout-flow wp-block-column-is-layout-flow\" style=\"padding-top:0px;padding-right:0px;padding-bottom:0px;padding-left:0px\">\n<div class=\"newsletter-popup-form\"> \n  <div id=\"mc_embed_signup\">\n    <form action=\"https:\/\/global.us18.list-manage.com\/subscribe\/post?u=c53792304124d6235236f91e5&#038;id=0aa651e421&#038;v_id=5701&#038;f_id=002991e6f0\" method=\"post\" id=\"mc-embedded-subscribe-form\" name=\"mc-embedded-subscribe-form\" class=\"validate\" target=\"_self\" novalidate=\"\">\n        <div id=\"mc_embed_signup_scroll\">\n           <div class=\"mc-field-group\"><label for=\"mce-EMAIL\" style=\"position: absolute; left: -5000px;\">Su correo electr\u00f3nico<\/label><input type=\"email\" name=\"EMAIL\" class=\"required email\" id=\"mce-EMAIL\" required=\"\" value=\"\" placeholder=\"Su correo electr\u00f3nico\"\/><\/div>\n        <div id=\"mce-responses\" class=\"clear\">\n            <div class=\"response\" id=\"mce-error-response\" style=\"display: none;\"><\/div>\n            <div class=\"response\" id=\"mce-success-response\" style=\"display: none;\"><\/div>\n        <\/div><div aria-hidden=\"true\" style=\"position: absolute; left: -5000px;\"><input type=\"text\" name=\"b_c53792304124d6235236f91e5_0aa651e421\" tabindex=\"-1\" value=\"\"\/><\/div>\n\t\t<div class=\"clear\"><input type=\"submit\" name=\"subscribe\" id=\"mc-embedded-subscribe\" class=\"button button-purple\" value=\"Suscr\u00edbase\"\/><\/div>\n    <\/div>\n<\/form>\n<\/div>\n<\/div>\n<\/div>\n<\/div>\n<\/div>\n<\/div>\n<\/div><\/div><\/div><\/div><\/div><\/div>\n","protected":false},"excerpt":{"rendered":"<p>Eventos Aprenda, comparta y establezca contactos con profesionales, legisladores, investigadores y defensores de la protecci\u00f3n infantil organizacional de todo el mundo. Semana Internacional de la Protecci\u00f3n Infantil Organizacional En l\u00ednea20 al 24 de octubre de 2025 Ver los recursos Pr\u00f3ximos eventos Descubre nuestros eventos y campa\u00f1as anteriores Explore nuestras listas de reproducci\u00f3n de videos tem\u00e1ticos<\/p>\n","protected":false},"author":3,"featured_media":0,"parent":0,"menu_order":0,"comment_status":"closed","ping_status":"closed","template":"","meta":{"_acf_changed":false,"_eb_attr":"","site-sidebar-layout":"default","site-content-layout":"","ast-site-content-layout":"default","site-content-style":"default","site-sidebar-style":"default","ast-global-header-display":"","ast-banner-title-visibility":"","ast-main-header-display":"","ast-hfb-above-header-display":"","ast-hfb-below-header-display":"","ast-hfb-mobile-header-display":"","site-post-title":"disabled","ast-breadcrumbs-content":"","ast-featured-img":"","footer-sml-layout":"","ast-disable-related-posts":"","theme-transparent-header-meta":"","adv-header-id-meta":"","stick-header-meta":"","header-above-stick-meta":"","header-main-stick-meta":"","header-below-stick-meta":"","astra-migrate-meta-layouts":"set","ast-page-background-enabled":"default","ast-page-background-meta":{"desktop":{"background-color":"var(--ast-global-color-4)","background-image":"","background-repeat":"repeat","background-position":"center center","background-size":"auto","background-attachment":"scroll","background-type":"","background-media":"","overlay-type":"","overlay-color":"","overlay-opacity":"","overlay-gradient":""},"tablet":{"background-color":"","background-image":"","background-repeat":"repeat","background-position":"center center","background-size":"auto","background-attachment":"scroll","background-type":"","background-media":"","overlay-type":"","overlay-color":"","overlay-opacity":"","overlay-gradient":""},"mobile":{"background-color":"","background-image":"","background-repeat":"repeat","background-position":"center center","background-size":"auto","background-attachment":"scroll","background-type":"","background-media":"","overlay-type":"","overlay-color":"","overlay-opacity":"","overlay-gradient":""}},"ast-content-background-meta":{"desktop":{"background-color":"var(--ast-global-color-5)","background-image":"","background-repeat":"repeat","background-position":"center center","background-size":"auto","background-attachment":"scroll","background-type":"","background-media":"","overlay-type":"","overlay-color":"","overlay-opacity":"","overlay-gradient":""},"tablet":{"background-color":"var(--ast-global-color-5)","background-image":"","background-repeat":"repeat","background-position":"center center","background-size":"auto","background-attachment":"scroll","background-type":"","background-media":"","overlay-type":"","overlay-color":"","overlay-opacity":"","overlay-gradient":""},"mobile":{"background-color":"var(--ast-global-color-5)","background-image":"","background-repeat":"repeat","background-position":"center center","background-size":"auto","background-attachment":"scroll","background-type":"","background-media":"","overlay-type":"","overlay-color":"","overlay-opacity":"","overlay-gradient":""}},"footnotes":""},"class_list":["post-27067","page","type-page","status-publish","hentry"],"acf":[],"yoast_head":"<!-- This site is optimized with the Yoast SEO plugin v27.4 - https:\/\/yoast.com\/product\/yoast-seo-wordpress\/ -->\n<title>Eventos - Keeping Children Safe<\/title>\n<meta name=\"description\" content=\"Aprenda, comparta y establezca contactos con profesionales, legisladores, investigadores y defensores de la protecci\u00f3n infantil organizacional de todo el mundo. \u00a1\u00danase a nuestros eventos!\" \/>\n<meta name=\"robots\" content=\"index, follow, max-snippet:-1, max-image-preview:large, max-video-preview:-1\" \/>\n<link rel=\"canonical\" href=\"https:\/\/www.keepingchildrensafe.global\/es\/eventos\/\" \/>\n<meta property=\"og:locale\" content=\"es_ES\" \/>\n<meta property=\"og:type\" content=\"article\" \/>\n<meta property=\"og:title\" content=\"Eventos - Keeping Children Safe\" \/>\n<meta property=\"og:description\" content=\"Aprenda, comparta y establezca contactos con profesionales, legisladores, investigadores y defensores de la protecci\u00f3n infantil organizacional de todo el mundo. \u00a1\u00danase a nuestros eventos!\" \/>\n<meta property=\"og:url\" content=\"https:\/\/www.keepingchildrensafe.global\/es\/eventos\/\" \/>\n<meta property=\"og:site_name\" content=\"Keeping Children Safe\" \/>\n<meta property=\"article:publisher\" content=\"https:\/\/www.facebook.com\/KCSkeepingchildrensafe\" \/>\n<meta property=\"article:modified_time\" content=\"2026-03-15T23:45:49+00:00\" \/>\n<meta property=\"og:image\" content=\"https:\/\/www.keepingchildrensafe.global\/wp-content\/uploads\/2025\/10\/ICSW2025-Web-Banner-1200x480-1.png\" \/>\n<meta name=\"twitter:card\" content=\"summary_large_image\" \/>\n<meta name=\"twitter:site\" content=\"@keepchildsafe\" \/>\n<meta name=\"twitter:label1\" content=\"Tiempo de lectura\" \/>\n\t<meta name=\"twitter:data1\" content=\"2 minutos\" \/>\n<script type=\"application\/ld+json\" class=\"yoast-schema-graph\">{\"@context\":\"https:\\\/\\\/schema.org\",\"@graph\":[{\"@type\":\"WebPage\",\"@id\":\"https:\\\/\\\/www.keepingchildrensafe.global\\\/es\\\/eventos\\\/\",\"url\":\"https:\\\/\\\/www.keepingchildrensafe.global\\\/es\\\/eventos\\\/\",\"name\":\"Eventos - Keeping Children Safe\",\"isPartOf\":{\"@id\":\"https:\\\/\\\/www.keepingchildrensafe.global\\\/es\\\/#website\"},\"primaryImageOfPage\":{\"@id\":\"https:\\\/\\\/www.keepingchildrensafe.global\\\/es\\\/eventos\\\/#primaryimage\"},\"image\":{\"@id\":\"https:\\\/\\\/www.keepingchildrensafe.global\\\/es\\\/eventos\\\/#primaryimage\"},\"thumbnailUrl\":\"https:\\\/\\\/www.keepingchildrensafe.global\\\/wp-content\\\/uploads\\\/2025\\\/10\\\/ICSW2025-Web-Banner-1200x480-1.png\",\"datePublished\":\"2023-07-10T12:54:37+00:00\",\"dateModified\":\"2026-03-15T23:45:49+00:00\",\"description\":\"Aprenda, comparta y establezca contactos con profesionales, legisladores, investigadores y defensores de la protecci\u00f3n infantil organizacional de todo el mundo. \u00a1\u00danase a nuestros eventos!\",\"breadcrumb\":{\"@id\":\"https:\\\/\\\/www.keepingchildrensafe.global\\\/es\\\/eventos\\\/#breadcrumb\"},\"inLanguage\":\"es\",\"potentialAction\":[{\"@type\":\"ReadAction\",\"target\":[\"https:\\\/\\\/www.keepingchildrensafe.global\\\/es\\\/eventos\\\/\"]}]},{\"@type\":\"ImageObject\",\"inLanguage\":\"es\",\"@id\":\"https:\\\/\\\/www.keepingchildrensafe.global\\\/es\\\/eventos\\\/#primaryimage\",\"url\":\"https:\\\/\\\/www.keepingchildrensafe.global\\\/wp-content\\\/uploads\\\/2025\\\/10\\\/ICSW2025-Web-Banner-1200x480-1.png\",\"contentUrl\":\"https:\\\/\\\/www.keepingchildrensafe.global\\\/wp-content\\\/uploads\\\/2025\\\/10\\\/ICSW2025-Web-Banner-1200x480-1.png\"},{\"@type\":\"BreadcrumbList\",\"@id\":\"https:\\\/\\\/www.keepingchildrensafe.global\\\/es\\\/eventos\\\/#breadcrumb\",\"itemListElement\":[{\"@type\":\"ListItem\",\"position\":1,\"name\":\"Home\",\"item\":\"https:\\\/\\\/www.keepingchildrensafe.global\\\/es\\\/\"},{\"@type\":\"ListItem\",\"position\":2,\"name\":\"Eventos\"}]},{\"@type\":\"WebSite\",\"@id\":\"https:\\\/\\\/www.keepingchildrensafe.global\\\/es\\\/#website\",\"url\":\"https:\\\/\\\/www.keepingchildrensafe.global\\\/es\\\/\",\"name\":\"Keeping Children Safe\",\"description\":\"Setting tough International Child Safeguarding Standards\",\"publisher\":{\"@id\":\"https:\\\/\\\/www.keepingchildrensafe.global\\\/es\\\/#organization\"},\"potentialAction\":[{\"@type\":\"SearchAction\",\"target\":{\"@type\":\"EntryPoint\",\"urlTemplate\":\"https:\\\/\\\/www.keepingchildrensafe.global\\\/es\\\/?s={search_term_string}\"},\"query-input\":{\"@type\":\"PropertyValueSpecification\",\"valueRequired\":true,\"valueName\":\"search_term_string\"}}],\"inLanguage\":\"es\"},{\"@type\":\"Organization\",\"@id\":\"https:\\\/\\\/www.keepingchildrensafe.global\\\/es\\\/#organization\",\"name\":\"Keeping Children Safe\",\"url\":\"https:\\\/\\\/www.keepingchildrensafe.global\\\/es\\\/\",\"logo\":{\"@type\":\"ImageObject\",\"inLanguage\":\"es\",\"@id\":\"https:\\\/\\\/www.keepingchildrensafe.global\\\/es\\\/#\\\/schema\\\/logo\\\/image\\\/\",\"url\":\"https:\\\/\\\/kcs.webscapegardener.site\\\/wp-content\\\/uploads\\\/2023\\\/10\\\/kcs-header-logo.png\",\"contentUrl\":\"https:\\\/\\\/kcs.webscapegardener.site\\\/wp-content\\\/uploads\\\/2023\\\/10\\\/kcs-header-logo.png\",\"width\":204,\"height\":21,\"caption\":\"Keeping Children Safe\"},\"image\":{\"@id\":\"https:\\\/\\\/www.keepingchildrensafe.global\\\/es\\\/#\\\/schema\\\/logo\\\/image\\\/\"},\"sameAs\":[\"https:\\\/\\\/www.facebook.com\\\/KCSkeepingchildrensafe\",\"https:\\\/\\\/x.com\\\/keepchildsafe\",\"https:\\\/\\\/www.instagram.com\\\/keepingchildrensafe\\\/\",\"https:\\\/\\\/www.linkedin.com\\\/company\\\/keeping-children-safe-coalition\\\/\",\"https:\\\/\\\/vimeo.com\\\/keepingchildrensafe\"]}]}<\/script>\n<!-- \/ Yoast SEO plugin. -->","yoast_head_json":{"title":"Eventos - Keeping Children Safe","description":"Aprenda, comparta y establezca contactos con profesionales, legisladores, investigadores y defensores de la protecci\u00f3n infantil organizacional de todo el mundo. \u00a1\u00danase a nuestros eventos!","robots":{"index":"index","follow":"follow","max-snippet":"max-snippet:-1","max-image-preview":"max-image-preview:large","max-video-preview":"max-video-preview:-1"},"canonical":"https:\/\/www.keepingchildrensafe.global\/es\/eventos\/","og_locale":"es_ES","og_type":"article","og_title":"Eventos - Keeping Children Safe","og_description":"Aprenda, comparta y establezca contactos con profesionales, legisladores, investigadores y defensores de la protecci\u00f3n infantil organizacional de todo el mundo. \u00a1\u00danase a nuestros eventos!","og_url":"https:\/\/www.keepingchildrensafe.global\/es\/eventos\/","og_site_name":"Keeping Children Safe","article_publisher":"https:\/\/www.facebook.com\/KCSkeepingchildrensafe","article_modified_time":"2026-03-15T23:45:49+00:00","og_image":[{"url":"https:\/\/www.keepingchildrensafe.global\/wp-content\/uploads\/2025\/10\/ICSW2025-Web-Banner-1200x480-1.png","type":"","width":"","height":""}],"twitter_card":"summary_large_image","twitter_site":"@keepchildsafe","twitter_misc":{"Tiempo de lectura":"2 minutos"},"schema":{"@context":"https:\/\/schema.org","@graph":[{"@type":"WebPage","@id":"https:\/\/www.keepingchildrensafe.global\/es\/eventos\/","url":"https:\/\/www.keepingchildrensafe.global\/es\/eventos\/","name":"Eventos - Keeping Children Safe","isPartOf":{"@id":"https:\/\/www.keepingchildrensafe.global\/es\/#website"},"primaryImageOfPage":{"@id":"https:\/\/www.keepingchildrensafe.global\/es\/eventos\/#primaryimage"},"image":{"@id":"https:\/\/www.keepingchildrensafe.global\/es\/eventos\/#primaryimage"},"thumbnailUrl":"https:\/\/www.keepingchildrensafe.global\/wp-content\/uploads\/2025\/10\/ICSW2025-Web-Banner-1200x480-1.png","datePublished":"2023-07-10T12:54:37+00:00","dateModified":"2026-03-15T23:45:49+00:00","description":"Aprenda, comparta y establezca contactos con profesionales, legisladores, investigadores y defensores de la protecci\u00f3n infantil organizacional de todo el mundo. \u00a1\u00danase a nuestros eventos!","breadcrumb":{"@id":"https:\/\/www.keepingchildrensafe.global\/es\/eventos\/#breadcrumb"},"inLanguage":"es","potentialAction":[{"@type":"ReadAction","target":["https:\/\/www.keepingchildrensafe.global\/es\/eventos\/"]}]},{"@type":"ImageObject","inLanguage":"es","@id":"https:\/\/www.keepingchildrensafe.global\/es\/eventos\/#primaryimage","url":"https:\/\/www.keepingchildrensafe.global\/wp-content\/uploads\/2025\/10\/ICSW2025-Web-Banner-1200x480-1.png","contentUrl":"https:\/\/www.keepingchildrensafe.global\/wp-content\/uploads\/2025\/10\/ICSW2025-Web-Banner-1200x480-1.png"},{"@type":"BreadcrumbList","@id":"https:\/\/www.keepingchildrensafe.global\/es\/eventos\/#breadcrumb","itemListElement":[{"@type":"ListItem","position":1,"name":"Home","item":"https:\/\/www.keepingchildrensafe.global\/es\/"},{"@type":"ListItem","position":2,"name":"Eventos"}]},{"@type":"WebSite","@id":"https:\/\/www.keepingchildrensafe.global\/es\/#website","url":"https:\/\/www.keepingchildrensafe.global\/es\/","name":"Keeping Children Safe","description":"Setting tough International Child Safeguarding Standards","publisher":{"@id":"https:\/\/www.keepingchildrensafe.global\/es\/#organization"},"potentialAction":[{"@type":"SearchAction","target":{"@type":"EntryPoint","urlTemplate":"https:\/\/www.keepingchildrensafe.global\/es\/?s={search_term_string}"},"query-input":{"@type":"PropertyValueSpecification","valueRequired":true,"valueName":"search_term_string"}}],"inLanguage":"es"},{"@type":"Organization","@id":"https:\/\/www.keepingchildrensafe.global\/es\/#organization","name":"Keeping Children Safe","url":"https:\/\/www.keepingchildrensafe.global\/es\/","logo":{"@type":"ImageObject","inLanguage":"es","@id":"https:\/\/www.keepingchildrensafe.global\/es\/#\/schema\/logo\/image\/","url":"https:\/\/kcs.webscapegardener.site\/wp-content\/uploads\/2023\/10\/kcs-header-logo.png","contentUrl":"https:\/\/kcs.webscapegardener.site\/wp-content\/uploads\/2023\/10\/kcs-header-logo.png","width":204,"height":21,"caption":"Keeping Children Safe"},"image":{"@id":"https:\/\/www.keepingchildrensafe.global\/es\/#\/schema\/logo\/image\/"},"sameAs":["https:\/\/www.facebook.com\/KCSkeepingchildrensafe","https:\/\/x.com\/keepchildsafe","https:\/\/www.instagram.com\/keepingchildrensafe\/","https:\/\/www.linkedin.com\/company\/keeping-children-safe-coalition\/","https:\/\/vimeo.com\/keepingchildrensafe"]}]}},"_links":{"self":[{"href":"https:\/\/www.keepingchildrensafe.global\/es\/wp-json\/wp\/v2\/pages\/27067","targetHints":{"allow":["GET"]}}],"collection":[{"href":"https:\/\/www.keepingchildrensafe.global\/es\/wp-json\/wp\/v2\/pages"}],"about":[{"href":"https:\/\/www.keepingchildrensafe.global\/es\/wp-json\/wp\/v2\/types\/page"}],"author":[{"embeddable":true,"href":"https:\/\/www.keepingchildrensafe.global\/es\/wp-json\/wp\/v2\/users\/3"}],"replies":[{"embeddable":true,"href":"https:\/\/www.keepingchildrensafe.global\/es\/wp-json\/wp\/v2\/comments?post=27067"}],"version-history":[{"count":25,"href":"https:\/\/www.keepingchildrensafe.global\/es\/wp-json\/wp\/v2\/pages\/27067\/revisions"}],"predecessor-version":[{"id":31811,"href":"https:\/\/www.keepingchildrensafe.global\/es\/wp-json\/wp\/v2\/pages\/27067\/revisions\/31811"}],"wp:attachment":[{"href":"https:\/\/www.keepingchildrensafe.global\/es\/wp-json\/wp\/v2\/media?parent=27067"}],"curies":[{"name":"wp","href":"https:\/\/api.w.org\/{rel}","templated":true}]}}