{"id":30784,"date":"2025-05-15T14:53:11","date_gmt":"2025-05-15T13:53:11","guid":{"rendered":"https:\/\/www.keepingchildrensafe.global\/?page_id=30784"},"modified":"2025-05-15T14:53:12","modified_gmt":"2025-05-15T13:53:12","slug":"glosario","status":"publish","type":"page","link":"https:\/\/www.keepingchildrensafe.global\/es\/glosario\/","title":{"rendered":"Glosario"},"content":{"rendered":"\n<div class=\"wp-block-essential-blocks-accordion glossary-accordion  root-eb-accordion-kh5z0rz\"><div class=\"eb-parent-wrapper eb-parent-eb-accordion-kh5z0rz \"><div class=\"eb-accordion-container eb-accordion-kh5z0rz\" data-accordion-type=\"accordion\" data-tab-icon=\"fas fa-angle-down\" data-expanded-icon=\"fas fa-angle-up\" data-transition-duration=\"500\"><div class=\"eb-accordion-inner\">\n<div class=\"wp-block-essential-blocks-accordion-item eb-accordion-item-sfydr2m eb-accordion-wrapper\" data-clickable=\"false\"><div class=\"eb-accordion-title-wrapper eb-accordion-title-wrapper-eb-accordion-kh5z0rz\" tabindex=\"0\"><span class=\"eb-accordion-icon-wrapper eb-accordion-icon-wrapper-eb-accordion-kh5z0rz\"><span class=\"fas fa-angle-down eb-accordion-icon\"><\/span><\/span><div class=\"eb-accordion-title-content-wrap title-content-eb-accordion-kh5z0rz\"><h3 class=\"eb-accordion-title\">A<\/h3><\/div><\/div><div class=\"eb-accordion-content-wrapper eb-accordion-content-wrapper-eb-accordion-kh5z0rz\"><div class=\"eb-accordion-content\">\n<h5 class=\"wp-block-heading\">Abuso sexual<\/h5>\n\n\n\n<p>Forzar o inducir a un ni\u00f1o, ni\u00f1a o adolescente a tomar parte en actividades sexuales que no comprende en su totalidad. Esto puede incluir, pero no se limita a, violaci\u00f3n, sexo oral, penetraci\u00f3n, actos sin penetraci\u00f3n como masturbaci\u00f3n, besos, roces y manoseos, y acoso verbal, f\u00edsico y emocional. Tambi\u00e9n puede incluir el hecho de involucrar a un ni\u00f1o, ni\u00f1a o adolescente en ver o producir im\u00e1genes sexuales, presenciar actividades sexuales o motivar a los ni\u00f1os, ni\u00f1as y adolescentes a comportarse de maneras sexuales inadecuadas.\u00a0\u00a0<\/p>\n\n\n\n<h5 class=\"wp-block-heading\">An\u00e1lisis de riesgos<\/h5>\n\n\n\n<p>Ejercicio que permite identificar y mitigar los riesgos de generar da\u00f1o y maltrato a los ni\u00f1os, ni\u00f1as y adolescentes a causa de los programas, personal y operaciones de una organizaci\u00f3n.<strong>\u00a0<\/strong><\/p>\n<\/div><\/div><\/div>\n\n\n\n<div class=\"wp-block-essential-blocks-accordion-item eb-accordion-item-u5pqyyc eb-accordion-wrapper\" data-clickable=\"false\"><div class=\"eb-accordion-title-wrapper eb-accordion-title-wrapper-eb-accordion-kh5z0rz\" tabindex=\"0\"><span class=\"eb-accordion-icon-wrapper eb-accordion-icon-wrapper-eb-accordion-kh5z0rz\"><span class=\"fas fa-angle-down eb-accordion-icon\"><\/span><\/span><div class=\"eb-accordion-title-content-wrap title-content-eb-accordion-kh5z0rz\"><h3 class=\"eb-accordion-title\">C<\/h3><\/div><\/div><div class=\"eb-accordion-content-wrapper eb-accordion-content-wrapper-eb-accordion-kh5z0rz\"><div class=\"eb-accordion-content\">\n<h5 class=\"wp-block-heading\">C\u00f3digo de conducta<\/h5>\n\n\n\n<p>Es una serie de comportamientos que son aceptables e inaceptables al momento de interactuar con ni\u00f1os, ni\u00f1as y adolescentes, y las sanciones por no cumplirlo. Personal, socios y voluntarios deben recibir informaci\u00f3n sobre el c\u00f3digo de conducta y confirmar su conocimiento y respeto del mismo.<strong>\u00a0<\/strong><\/p>\n<\/div><\/div><\/div>\n\n\n\n<div class=\"wp-block-essential-blocks-accordion-item eb-accordion-item-i7y6rx9 eb-accordion-wrapper\" data-clickable=\"false\"><div class=\"eb-accordion-title-wrapper eb-accordion-title-wrapper-eb-accordion-kh5z0rz\" tabindex=\"0\"><span class=\"eb-accordion-icon-wrapper eb-accordion-icon-wrapper-eb-accordion-kh5z0rz\"><span class=\"fas fa-angle-down eb-accordion-icon\"><\/span><\/span><div class=\"eb-accordion-title-content-wrap title-content-eb-accordion-kh5z0rz\"><h3 class=\"eb-accordion-title\">E<\/h3><\/div><\/div><div class=\"eb-accordion-content-wrapper eb-accordion-content-wrapper-eb-accordion-kh5z0rz\"><div class=\"eb-accordion-content\">\n<h5 class=\"wp-block-heading\">Explotaci\u00f3n comercial<\/h5>\n\n\n\n<p>Explotar a ni\u00f1os, ni\u00f1as o adolescentes en el trabajo u otras actividades en beneficio de terceros y en detrimento de su estado de salud f\u00edsica o mental, su educaci\u00f3n, su desarrollo moral y socioemocional. Esta categor\u00eda incluye, pero no se limita a, el trabajo infantil.\u00a0<\/p>\n\n\n\n<h5 class=\"wp-block-heading\">Explotaci\u00f3n sexual infantil<\/h5>\n\n\n\n<p>Esta es una forma de abuso sexual que involucra a ni\u00f1os, ni\u00f1as y adolescentes en actividades sexuales a cambio de dinero, regalos, comida, vivienda, afecto, estatus social o cualquier cosa que ellos o sus familias necesiten. Usualmente involucra a ni\u00f1os, ni\u00f1as y adolescentes manipulados o coaccionados, que puede incluir entablar amistad con el ni\u00f1o, ni\u00f1a o adolescente, ganar su confianza o someterlo al uso de drogas y alcohol. La relaci\u00f3n de maltrato entre v\u00edctima y perpetrador involucra un balance de poder en el que las opciones de la v\u00edctima son limitadas. Es una forma de abuso que puede ser confundida por ni\u00f1os, ni\u00f1as, adolescentes y adultos como algo consensuado.&nbsp;<\/p>\n\n\n\n<p>Este tipo de maltrato se puede manifestar de diferentes maneras. Puede involucrar a un adulto ejerciendo control financiero, emocional o f\u00edsico sobre un ni\u00f1o, ni\u00f1a o adolescente. Tambi\u00e9n puede involucrar a pares manipulando u obligando a v\u00edctimas a participar en actividades sexuales, a veces entre pandillas o comunidades inmersas en entornos de pandillas. Asimismo puede darse en redes organizadas u oportunistas de perpetradores que se benefician econ\u00f3micamente del tr\u00e1fico de ni\u00f1os, ni\u00f1as y adolescentes a distintos lugares donde los obligan a tener relaciones sexuales con m\u00faltiples personas.<strong>&nbsp;<\/strong>&nbsp;<\/p>\n<\/div><\/div><\/div>\n\n\n\n<div class=\"wp-block-essential-blocks-accordion-item eb-accordion-item-37qfkrp eb-accordion-wrapper\" data-clickable=\"false\"><div class=\"eb-accordion-title-wrapper eb-accordion-title-wrapper-eb-accordion-kh5z0rz\" tabindex=\"0\"><span class=\"eb-accordion-icon-wrapper eb-accordion-icon-wrapper-eb-accordion-kh5z0rz\"><span class=\"fas fa-angle-down eb-accordion-icon\"><\/span><\/span><div class=\"eb-accordion-title-content-wrap title-content-eb-accordion-kh5z0rz\"><h3 class=\"eb-accordion-title\">M<\/h3><\/div><\/div><div class=\"eb-accordion-content-wrapper eb-accordion-content-wrapper-eb-accordion-kh5z0rz\"><div class=\"eb-accordion-content\">\n<h5 class=\"wp-block-heading\">Maltrato emocional<\/h5>\n\n\n\n<p>Son los tratos persistentes que afecten el desarrollo emocional del ni\u00f1o, ni\u00f1a o adolescente. Los actos de maltrato emocional pueden incluir restricci\u00f3n del movimiento, humillaciones, uso de apodos, amenazas, discriminaci\u00f3n, ridiculizaci\u00f3n, inducci\u00f3n de miedo y otras formas no f\u00edsicas de tratos hostiles o de rechazo.<strong>\u00a0<\/strong><\/p>\n\n\n\n<h5 class=\"wp-block-heading\">Maltrato f\u00edsico<\/h5>\n\n\n\n<p>Es da\u00f1o f\u00edsico actual o potencial perpetrado por otra persona, adulto o ni\u00f1o, ni\u00f1a y adolescente. Puede involucrar, pero no se limita a, golpes, sacudidas, envenenamiento, ahogamiento o abrasamiento. El da\u00f1o f\u00edsico tambi\u00e9n puede ser causado cuando un padre, madre o tutor facilita o induce los s\u00edntomas de una enfermedad en un ni\u00f1o, ni\u00f1a y adolescente.\u00a0<\/p>\n\n\n\n<h5 class=\"wp-block-heading\">Maltrato infantil<\/h5>\n\n\n\n<p>El maltrato infantil, algunas veces referido como abuso infantil, es definido por el Informe Mundial sobre la Violencia y la Salud de la OMS como todas las formas f\u00edsicas, emocionales, sexuales, de negligencia, comerciales o de explotaci\u00f3n que puedan resultar en actual o potencial da\u00f1o a la salud, vida, desarrollo o dignidad de un ni\u00f1o, ni\u00f1a o adolescente en el contexto de una relaci\u00f3n de responsabilidad, confianza o poder.\u00a0<\/p>\n<\/div><\/div><\/div>\n\n\n\n<div class=\"wp-block-essential-blocks-accordion-item eb-accordion-item-x2g690u eb-accordion-wrapper\" data-clickable=\"false\"><div class=\"eb-accordion-title-wrapper eb-accordion-title-wrapper-eb-accordion-kh5z0rz\" tabindex=\"0\"><span class=\"eb-accordion-icon-wrapper eb-accordion-icon-wrapper-eb-accordion-kh5z0rz\"><span class=\"fas fa-angle-down eb-accordion-icon\"><\/span><\/span><div class=\"eb-accordion-title-content-wrap title-content-eb-accordion-kh5z0rz\"><h3 class=\"eb-accordion-title\">N<\/h3><\/div><\/div><div class=\"eb-accordion-content-wrapper eb-accordion-content-wrapper-eb-accordion-kh5z0rz\"><div class=\"eb-accordion-content\">\n<h5 class=\"wp-block-heading\">Negligencia o tratos negligentes<\/h5>\n\n\n\n<p>Teniendo en cuenta el contexto, los recursos y las circunstancias, la negligencia se refiere a una constante incapacidad para satisfacer las necesidades b\u00e1sicas, f\u00edsicas o emocionales, del ni\u00f1o, ni\u00f1a o adolescente que tiene riesgo de sufrir problemas de desarrollo en su salud f\u00edsica, espiritual, moral y mental. Este incluye la incapacidad de supervisar y proteger al ni\u00f1o, ni\u00f1a o adolescente de peligros, as\u00ed como la incapacidad de proveerle una buena nutrici\u00f3n, hogar y condiciones de vida adecuadas. Tambi\u00e9n puede incluir negligencia gestacional durante el embarazo\u00a0 como resultado del consumo de drogas o alcohol, as\u00ed como negligencia y malos tratos a ni\u00f1os, ni\u00f1as y adolescentes con discapacidad.<\/p>\n\n\n\n<h5 class=\"wp-block-heading\">Ni\u00f1o\/ni\u00f1a<\/h5>\n\n\n\n<p>Persona menor de 18 a\u00f1os.<\/p>\n<\/div><\/div><\/div>\n\n\n\n<div class=\"wp-block-essential-blocks-accordion-item eb-accordion-item-zbum6nb eb-accordion-wrapper\" data-clickable=\"false\"><div class=\"eb-accordion-title-wrapper eb-accordion-title-wrapper-eb-accordion-kh5z0rz\" tabindex=\"0\"><span class=\"eb-accordion-icon-wrapper eb-accordion-icon-wrapper-eb-accordion-kh5z0rz\"><span class=\"fas fa-angle-down eb-accordion-icon\"><\/span><\/span><div class=\"eb-accordion-title-content-wrap title-content-eb-accordion-kh5z0rz\"><h3 class=\"eb-accordion-title\">P<\/h3><\/div><\/div><div class=\"eb-accordion-content-wrapper eb-accordion-content-wrapper-eb-accordion-kh5z0rz\"><div class=\"eb-accordion-content\">\n<h5 class=\"wp-block-heading\">Pol\u00edtica de protecci\u00f3n infantil organizacional<\/h5>\n\n\n\n<p>Documento normativo que establece el compromiso de una organizaci\u00f3n con la prevenci\u00f3n y respuesta al abuso infantil. La pol\u00edtica debe reflejar los derechos de los ni\u00f1os, ni\u00f1as y adolescentes a ser protegidos contra el abuso y la explotaci\u00f3n, tal como se describe en la Convenci\u00f3n de las Naciones Unidas sobre los Derechos del Ni\u00f1o (CDN).&nbsp;<\/p>\n\n\n\n<p>Se puede encontrar informaci\u00f3n m\u00e1s detallada sobre c\u00f3mo desarrollar una pol\u00edtica de protecci\u00f3n infantil en la gu\u00eda de KCS Developing Child Safeguarding Policy and Procedures.<strong>\u00a0<\/strong>\u00a0<\/p>\n\n\n\n<h5 class=\"wp-block-heading\">Protecci\u00f3n infantil<\/h5>\n\n\n\n<p>Prevenir y responder a toda violencia, explotaci\u00f3n y abuso contra los ni\u00f1os.\u00a0<\/p>\n\n\n\n<h5 class=\"wp-block-heading\">Protecci\u00f3n infantil organizacional<\/h5>\n\n\n\n<p>Es la responsabilidad que las organizaciones tienen de asegurarse que su personal, operaciones y programas \u201cno da\u00f1en\u201d a los ni\u00f1os, ni\u00f1as y adolescentes. Es decir, que no los expongan a posibles maltratos y abusos, y que toda preocupaci\u00f3n que surja sobre la integridad de un ni\u00f1o, ni\u00f1a y adolescente en la comunidad en la que se trabaja, sea debidamente reportada o denunciada a las autoridades correspondientes.\u00a0\u00a0<\/p>\n\n\n\n<p>El principio de \u201cno da\u00f1o\u201d se refiere a la responsabilidad de las organizaciones de \u201cno da\u00f1ar\u201d o de minimizar el da\u00f1o que inadvertidamente puede producir como resultado de una mala ejecuci\u00f3n de programas o por el simple hecho de estar presentes en la comunidad.\u00a0<\/p>\n\n\n\n<h5 class=\"wp-block-heading\">Riesgo de protecci\u00f3n infantil organizacional<\/h5>\n\n\n\n<p>Toda acci\u00f3n, omisi\u00f3n o situaci\u00f3n que pueda generar da\u00f1o o maltrato a ni\u00f1os, ni\u00f1as y adolescentes debido a los programas, personal y operaciones de una organizaci\u00f3n. Estos riesgos tambi\u00e9n consideran impedir el ejercicio de derechos a ni\u00f1os, ni\u00f1as y adolescentes.<\/p>\n<\/div><\/div><\/div>\n<\/div><\/div><\/div><\/div>\n","protected":false},"excerpt":{"rendered":"","protected":false},"author":14,"featured_media":0,"parent":0,"menu_order":0,"comment_status":"closed","ping_status":"closed","template":"","meta":{"_acf_changed":false,"_eb_attr":"","site-sidebar-layout":"default","site-content-layout":"","ast-site-content-layout":"default","site-content-style":"default","site-sidebar-style":"default","ast-global-header-display":"","ast-banner-title-visibility":"","ast-main-header-display":"","ast-hfb-above-header-display":"","ast-hfb-below-header-display":"","ast-hfb-mobile-header-display":"","site-post-title":"","ast-breadcrumbs-content":"","ast-featured-img":"","footer-sml-layout":"","ast-disable-related-posts":"","theme-transparent-header-meta":"","adv-header-id-meta":"","stick-header-meta":"","header-above-stick-meta":"","header-main-stick-meta":"","header-below-stick-meta":"","astra-migrate-meta-layouts":"set","ast-page-background-enabled":"default","ast-page-background-meta":{"desktop":{"background-color":"var(--ast-global-color-4)","background-image":"","background-repeat":"repeat","background-position":"center center","background-size":"auto","background-attachment":"scroll","background-type":"","background-media":"","overlay-type":"","overlay-color":"","overlay-opacity":"","overlay-gradient":""},"tablet":{"background-color":"","background-image":"","background-repeat":"repeat","background-position":"center center","background-size":"auto","background-attachment":"scroll","background-type":"","background-media":"","overlay-type":"","overlay-color":"","overlay-opacity":"","overlay-gradient":""},"mobile":{"background-color":"","background-image":"","background-repeat":"repeat","background-position":"center center","background-size":"auto","background-attachment":"scroll","background-type":"","background-media":"","overlay-type":"","overlay-color":"","overlay-opacity":"","overlay-gradient":""}},"ast-content-background-meta":{"desktop":{"background-color":"var(--ast-global-color-5)","background-image":"","background-repeat":"repeat","background-position":"center center","background-size":"auto","background-attachment":"scroll","background-type":"","background-media":"","overlay-type":"","overlay-color":"","overlay-opacity":"","overlay-gradient":""},"tablet":{"background-color":"var(--ast-global-color-5)","background-image":"","background-repeat":"repeat","background-position":"center center","background-size":"auto","background-attachment":"scroll","background-type":"","background-media":"","overlay-type":"","overlay-color":"","overlay-opacity":"","overlay-gradient":""},"mobile":{"background-color":"var(--ast-global-color-5)","background-image":"","background-repeat":"repeat","background-position":"center center","background-size":"auto","background-attachment":"scroll","background-type":"","background-media":"","overlay-type":"","overlay-color":"","overlay-opacity":"","overlay-gradient":""}},"footnotes":""},"class_list":["post-30784","page","type-page","status-publish","hentry"],"acf":[],"yoast_head":"<!-- This site is optimized with the Yoast SEO plugin v27.4 - https:\/\/yoast.com\/product\/yoast-seo-wordpress\/ -->\n<title>Glosario - Keeping Children Safe<\/title>\n<meta name=\"robots\" content=\"index, follow, max-snippet:-1, max-image-preview:large, max-video-preview:-1\" \/>\n<link rel=\"canonical\" href=\"https:\/\/www.keepingchildrensafe.global\/es\/glosario\/\" \/>\n<meta property=\"og:locale\" content=\"es_ES\" \/>\n<meta property=\"og:type\" content=\"article\" \/>\n<meta property=\"og:title\" content=\"Glosario - Keeping Children Safe\" \/>\n<meta property=\"og:url\" content=\"https:\/\/www.keepingchildrensafe.global\/es\/glosario\/\" \/>\n<meta property=\"og:site_name\" content=\"Keeping Children Safe\" \/>\n<meta property=\"article:publisher\" content=\"https:\/\/www.facebook.com\/KCSkeepingchildrensafe\" \/>\n<meta property=\"article:modified_time\" content=\"2025-05-15T13:53:12+00:00\" \/>\n<meta name=\"twitter:card\" content=\"summary_large_image\" \/>\n<meta name=\"twitter:site\" content=\"@keepchildsafe\" \/>\n<meta name=\"twitter:label1\" content=\"Tiempo de lectura\" \/>\n\t<meta name=\"twitter:data1\" content=\"6 minutos\" \/>\n<script type=\"application\/ld+json\" class=\"yoast-schema-graph\">{\"@context\":\"https:\\\/\\\/schema.org\",\"@graph\":[{\"@type\":\"WebPage\",\"@id\":\"https:\\\/\\\/www.keepingchildrensafe.global\\\/es\\\/glosario\\\/\",\"url\":\"https:\\\/\\\/www.keepingchildrensafe.global\\\/es\\\/glosario\\\/\",\"name\":\"Glosario - Keeping Children Safe\",\"isPartOf\":{\"@id\":\"https:\\\/\\\/www.keepingchildrensafe.global\\\/es\\\/#website\"},\"datePublished\":\"2025-05-15T13:53:11+00:00\",\"dateModified\":\"2025-05-15T13:53:12+00:00\",\"breadcrumb\":{\"@id\":\"https:\\\/\\\/www.keepingchildrensafe.global\\\/es\\\/glosario\\\/#breadcrumb\"},\"inLanguage\":\"es\",\"potentialAction\":[{\"@type\":\"ReadAction\",\"target\":[\"https:\\\/\\\/www.keepingchildrensafe.global\\\/es\\\/glosario\\\/\"]}]},{\"@type\":\"BreadcrumbList\",\"@id\":\"https:\\\/\\\/www.keepingchildrensafe.global\\\/es\\\/glosario\\\/#breadcrumb\",\"itemListElement\":[{\"@type\":\"ListItem\",\"position\":1,\"name\":\"Home\",\"item\":\"https:\\\/\\\/www.keepingchildrensafe.global\\\/es\\\/\"},{\"@type\":\"ListItem\",\"position\":2,\"name\":\"Glosario\"}]},{\"@type\":\"WebSite\",\"@id\":\"https:\\\/\\\/www.keepingchildrensafe.global\\\/es\\\/#website\",\"url\":\"https:\\\/\\\/www.keepingchildrensafe.global\\\/es\\\/\",\"name\":\"Keeping Children Safe\",\"description\":\"Setting tough International Child Safeguarding Standards\",\"publisher\":{\"@id\":\"https:\\\/\\\/www.keepingchildrensafe.global\\\/es\\\/#organization\"},\"potentialAction\":[{\"@type\":\"SearchAction\",\"target\":{\"@type\":\"EntryPoint\",\"urlTemplate\":\"https:\\\/\\\/www.keepingchildrensafe.global\\\/es\\\/?s={search_term_string}\"},\"query-input\":{\"@type\":\"PropertyValueSpecification\",\"valueRequired\":true,\"valueName\":\"search_term_string\"}}],\"inLanguage\":\"es\"},{\"@type\":\"Organization\",\"@id\":\"https:\\\/\\\/www.keepingchildrensafe.global\\\/es\\\/#organization\",\"name\":\"Keeping Children Safe\",\"url\":\"https:\\\/\\\/www.keepingchildrensafe.global\\\/es\\\/\",\"logo\":{\"@type\":\"ImageObject\",\"inLanguage\":\"es\",\"@id\":\"https:\\\/\\\/www.keepingchildrensafe.global\\\/es\\\/#\\\/schema\\\/logo\\\/image\\\/\",\"url\":\"https:\\\/\\\/kcs.webscapegardener.site\\\/wp-content\\\/uploads\\\/2023\\\/10\\\/kcs-header-logo.png\",\"contentUrl\":\"https:\\\/\\\/kcs.webscapegardener.site\\\/wp-content\\\/uploads\\\/2023\\\/10\\\/kcs-header-logo.png\",\"width\":204,\"height\":21,\"caption\":\"Keeping Children Safe\"},\"image\":{\"@id\":\"https:\\\/\\\/www.keepingchildrensafe.global\\\/es\\\/#\\\/schema\\\/logo\\\/image\\\/\"},\"sameAs\":[\"https:\\\/\\\/www.facebook.com\\\/KCSkeepingchildrensafe\",\"https:\\\/\\\/x.com\\\/keepchildsafe\",\"https:\\\/\\\/www.instagram.com\\\/keepingchildrensafe\\\/\",\"https:\\\/\\\/www.linkedin.com\\\/company\\\/keeping-children-safe-coalition\\\/\",\"https:\\\/\\\/vimeo.com\\\/keepingchildrensafe\"]}]}<\/script>\n<!-- \/ Yoast SEO plugin. -->","yoast_head_json":{"title":"Glosario - Keeping Children Safe","robots":{"index":"index","follow":"follow","max-snippet":"max-snippet:-1","max-image-preview":"max-image-preview:large","max-video-preview":"max-video-preview:-1"},"canonical":"https:\/\/www.keepingchildrensafe.global\/es\/glosario\/","og_locale":"es_ES","og_type":"article","og_title":"Glosario - Keeping Children Safe","og_url":"https:\/\/www.keepingchildrensafe.global\/es\/glosario\/","og_site_name":"Keeping Children Safe","article_publisher":"https:\/\/www.facebook.com\/KCSkeepingchildrensafe","article_modified_time":"2025-05-15T13:53:12+00:00","twitter_card":"summary_large_image","twitter_site":"@keepchildsafe","twitter_misc":{"Tiempo de lectura":"6 minutos"},"schema":{"@context":"https:\/\/schema.org","@graph":[{"@type":"WebPage","@id":"https:\/\/www.keepingchildrensafe.global\/es\/glosario\/","url":"https:\/\/www.keepingchildrensafe.global\/es\/glosario\/","name":"Glosario - Keeping Children Safe","isPartOf":{"@id":"https:\/\/www.keepingchildrensafe.global\/es\/#website"},"datePublished":"2025-05-15T13:53:11+00:00","dateModified":"2025-05-15T13:53:12+00:00","breadcrumb":{"@id":"https:\/\/www.keepingchildrensafe.global\/es\/glosario\/#breadcrumb"},"inLanguage":"es","potentialAction":[{"@type":"ReadAction","target":["https:\/\/www.keepingchildrensafe.global\/es\/glosario\/"]}]},{"@type":"BreadcrumbList","@id":"https:\/\/www.keepingchildrensafe.global\/es\/glosario\/#breadcrumb","itemListElement":[{"@type":"ListItem","position":1,"name":"Home","item":"https:\/\/www.keepingchildrensafe.global\/es\/"},{"@type":"ListItem","position":2,"name":"Glosario"}]},{"@type":"WebSite","@id":"https:\/\/www.keepingchildrensafe.global\/es\/#website","url":"https:\/\/www.keepingchildrensafe.global\/es\/","name":"Keeping Children Safe","description":"Setting tough International Child Safeguarding Standards","publisher":{"@id":"https:\/\/www.keepingchildrensafe.global\/es\/#organization"},"potentialAction":[{"@type":"SearchAction","target":{"@type":"EntryPoint","urlTemplate":"https:\/\/www.keepingchildrensafe.global\/es\/?s={search_term_string}"},"query-input":{"@type":"PropertyValueSpecification","valueRequired":true,"valueName":"search_term_string"}}],"inLanguage":"es"},{"@type":"Organization","@id":"https:\/\/www.keepingchildrensafe.global\/es\/#organization","name":"Keeping Children Safe","url":"https:\/\/www.keepingchildrensafe.global\/es\/","logo":{"@type":"ImageObject","inLanguage":"es","@id":"https:\/\/www.keepingchildrensafe.global\/es\/#\/schema\/logo\/image\/","url":"https:\/\/kcs.webscapegardener.site\/wp-content\/uploads\/2023\/10\/kcs-header-logo.png","contentUrl":"https:\/\/kcs.webscapegardener.site\/wp-content\/uploads\/2023\/10\/kcs-header-logo.png","width":204,"height":21,"caption":"Keeping Children Safe"},"image":{"@id":"https:\/\/www.keepingchildrensafe.global\/es\/#\/schema\/logo\/image\/"},"sameAs":["https:\/\/www.facebook.com\/KCSkeepingchildrensafe","https:\/\/x.com\/keepchildsafe","https:\/\/www.instagram.com\/keepingchildrensafe\/","https:\/\/www.linkedin.com\/company\/keeping-children-safe-coalition\/","https:\/\/vimeo.com\/keepingchildrensafe"]}]}},"_links":{"self":[{"href":"https:\/\/www.keepingchildrensafe.global\/es\/wp-json\/wp\/v2\/pages\/30784","targetHints":{"allow":["GET"]}}],"collection":[{"href":"https:\/\/www.keepingchildrensafe.global\/es\/wp-json\/wp\/v2\/pages"}],"about":[{"href":"https:\/\/www.keepingchildrensafe.global\/es\/wp-json\/wp\/v2\/types\/page"}],"author":[{"embeddable":true,"href":"https:\/\/www.keepingchildrensafe.global\/es\/wp-json\/wp\/v2\/users\/14"}],"replies":[{"embeddable":true,"href":"https:\/\/www.keepingchildrensafe.global\/es\/wp-json\/wp\/v2\/comments?post=30784"}],"version-history":[{"count":1,"href":"https:\/\/www.keepingchildrensafe.global\/es\/wp-json\/wp\/v2\/pages\/30784\/revisions"}],"predecessor-version":[{"id":30788,"href":"https:\/\/www.keepingchildrensafe.global\/es\/wp-json\/wp\/v2\/pages\/30784\/revisions\/30788"}],"wp:attachment":[{"href":"https:\/\/www.keepingchildrensafe.global\/es\/wp-json\/wp\/v2\/media?parent=30784"}],"curies":[{"name":"wp","href":"https:\/\/api.w.org\/{rel}","templated":true}]}}