{"id":308,"date":"2023-08-08T12:24:10","date_gmt":"2023-08-08T11:24:10","guid":{"rendered":"https:\/\/kcs.webscapegardener.site\/gracias-por-completar-la-autoevaluacion\/"},"modified":"2025-01-23T19:35:30","modified_gmt":"2025-01-23T19:35:30","slug":"gracias-por-completar-la-autoevaluacion","status":"publish","type":"page","link":"https:\/\/www.keepingchildrensafe.global\/es\/gracias-por-completar-la-autoevaluacion\/","title":{"rendered":"Gracias por completar la autoevaluaci\u00f3n"},"content":{"rendered":"\n<p>Su autoevaluaci\u00f3n ha sido enviada, en unos minutos recibir\u00e1 un correo electr\u00f3nico con sus resultados. Si no lo recibe por favor revise su carpeta de correo no deseado, ya que a veces los bloqueadores de spam eliminan los mensajes generados autom\u00e1ticamente. Si tiene problemas p\u00f3ngase en contacto con nuestro equipo para que podamos ayudarle.<\/p>\n\n\n\n<h2 class=\"wp-block-heading\">\u00bfY ahora qu\u00e9?<\/h2>\n\n\n\n<p>Al completar la autoevaluaci\u00f3n de Keeping Children Safe, habr\u00e1 dado el primer paso para descubrir si su organizaci\u00f3n est\u00e1 haciendo todo lo posible para proteger a los ni\u00f1os, ni\u00f1as y adolescentes de los abusos. El correo electr\u00f3nico que recibir\u00e1 con los resultados pondr\u00e1 de relieve el trabajo que su organizaci\u00f3n todav\u00eda tiene que hacer para ayudar a integrar la protecci\u00f3n infantil en todas las interacciones que mantiene con ni\u00f1os, ni\u00f1as y adolescentes.<\/p>\n\n\n\n<h2 class=\"wp-block-heading\">\u00danase a una red en expansi\u00f3n<\/h2>\n\n\n\n<p>Si a\u00fan no es miembro de KCS, <a href=\"https:\/\/www.keepingchildrensafe.global\/es\/afiliese-a-kcs\/\" data-type=\"page\" data-id=\"299\">\u00fanase a nuestra comunidad global<\/a> de profesionales de la protecci\u00f3n infantil que trabajan en casi todos los pa\u00edses del mundo. Para obtener m\u00e1s informaci\u00f3n sobre c\u00f3mo afiliarse, <a href=\"https:\/\/www.keepingchildrensafe.global\/es\/contactenos\/\" data-type=\"page\" data-id=\"47\">p\u00f3ngase en contacto<\/a> con nuestro equipo.<\/p>\n\n\n\n<h2 class=\"wp-block-heading\">Aprender con KCS<\/h2>\n\n\n\n<p>Tanto si usted es un particular que desea profundizar su conocimiento sobre la protecci\u00f3n infantil organizacional, como si es parte de una organizaci\u00f3n y desea ayudar a su equipo de trabajo a desarrollar mejores medidas de protecci\u00f3n infantil, ofrecemos <a href=\"https:\/\/learning.keepingchildrensafe.global\/es\">cursos en l\u00ednea<\/a>, talleres gratuitos y <a href=\"https:\/\/www.keepingchildrensafe.global\/es\/eventos\/\" data-type=\"page\" data-id=\"294\">conferencias<\/a> en l\u00ednea en directo, cada uno de ellos adaptado a diferentes tipos de necesidades de aprendizaje y capacidad.<\/p>\n","protected":false},"excerpt":{"rendered":"<p>Su autoevaluaci\u00f3n ha sido enviada, en unos minutos recibir\u00e1 un correo electr\u00f3nico con sus resultados. Si no lo recibe por favor revise su carpeta de correo no deseado, ya que a veces los bloqueadores de spam eliminan los mensajes generados autom\u00e1ticamente. Si tiene problemas p\u00f3ngase en contacto con nuestro equipo para que podamos ayudarle. \u00bfY [&hellip;]<\/p>\n","protected":false},"author":3,"featured_media":0,"parent":0,"menu_order":0,"comment_status":"closed","ping_status":"closed","template":"","meta":{"_acf_changed":false,"_eb_attr":"","site-sidebar-layout":"default","site-content-layout":"","ast-site-content-layout":"default","site-content-style":"default","site-sidebar-style":"default","ast-global-header-display":"","ast-banner-title-visibility":"","ast-main-header-display":"","ast-hfb-above-header-display":"","ast-hfb-below-header-display":"","ast-hfb-mobile-header-display":"","site-post-title":"","ast-breadcrumbs-content":"","ast-featured-img":"","footer-sml-layout":"","ast-disable-related-posts":"","theme-transparent-header-meta":"","adv-header-id-meta":"","stick-header-meta":"","header-above-stick-meta":"","header-main-stick-meta":"","header-below-stick-meta":"","astra-migrate-meta-layouts":"set","ast-page-background-enabled":"default","ast-page-background-meta":{"desktop":{"background-color":"var(--ast-global-color-4)","background-image":"","background-repeat":"repeat","background-position":"center center","background-size":"auto","background-attachment":"scroll","background-type":"","background-media":"","overlay-type":"","overlay-color":"","overlay-opacity":"","overlay-gradient":""},"tablet":{"background-color":"","background-image":"","background-repeat":"repeat","background-position":"center center","background-size":"auto","background-attachment":"scroll","background-type":"","background-media":"","overlay-type":"","overlay-color":"","overlay-opacity":"","overlay-gradient":""},"mobile":{"background-color":"","background-image":"","background-repeat":"repeat","background-position":"center center","background-size":"auto","background-attachment":"scroll","background-type":"","background-media":"","overlay-type":"","overlay-color":"","overlay-opacity":"","overlay-gradient":""}},"ast-content-background-meta":{"desktop":{"background-color":"var(--ast-global-color-5)","background-image":"","background-repeat":"repeat","background-position":"center center","background-size":"auto","background-attachment":"scroll","background-type":"","background-media":"","overlay-type":"","overlay-color":"","overlay-opacity":"","overlay-gradient":""},"tablet":{"background-color":"var(--ast-global-color-5)","background-image":"","background-repeat":"repeat","background-position":"center center","background-size":"auto","background-attachment":"scroll","background-type":"","background-media":"","overlay-type":"","overlay-color":"","overlay-opacity":"","overlay-gradient":""},"mobile":{"background-color":"var(--ast-global-color-5)","background-image":"","background-repeat":"repeat","background-position":"center center","background-size":"auto","background-attachment":"scroll","background-type":"","background-media":"","overlay-type":"","overlay-color":"","overlay-opacity":"","overlay-gradient":""}},"footnotes":""},"class_list":["post-308","page","type-page","status-publish","hentry"],"acf":[],"yoast_head":"<!-- This site is optimized with the Yoast SEO plugin v27.4 - https:\/\/yoast.com\/product\/yoast-seo-wordpress\/ -->\n<title>Gracias por completar la autoevaluaci\u00f3n - Keeping Children Safe<\/title>\n<meta name=\"description\" content=\"\u00a1Gracias! Su autoevaluaci\u00f3n ha sido enviada. En unos minutos recibir\u00e1 un correo electr\u00f3nico con sus resultados.\" \/>\n<meta name=\"robots\" content=\"index, follow, max-snippet:-1, max-image-preview:large, max-video-preview:-1\" \/>\n<link rel=\"canonical\" href=\"https:\/\/www.keepingchildrensafe.global\/es\/gracias-por-completar-la-autoevaluacion\/\" \/>\n<meta property=\"og:locale\" content=\"es_ES\" \/>\n<meta property=\"og:type\" content=\"article\" \/>\n<meta property=\"og:title\" content=\"Gracias por completar la autoevaluaci\u00f3n - Keeping Children Safe\" \/>\n<meta property=\"og:description\" content=\"\u00a1Gracias! Su autoevaluaci\u00f3n ha sido enviada. En unos minutos recibir\u00e1 un correo electr\u00f3nico con sus resultados.\" \/>\n<meta property=\"og:url\" content=\"https:\/\/www.keepingchildrensafe.global\/es\/gracias-por-completar-la-autoevaluacion\/\" \/>\n<meta property=\"og:site_name\" content=\"Keeping Children Safe\" \/>\n<meta property=\"article:publisher\" content=\"https:\/\/www.facebook.com\/KCSkeepingchildrensafe\" \/>\n<meta property=\"article:modified_time\" content=\"2025-01-23T19:35:30+00:00\" \/>\n<meta name=\"twitter:card\" content=\"summary_large_image\" \/>\n<meta name=\"twitter:site\" content=\"@keepchildsafe\" \/>\n<meta name=\"twitter:label1\" content=\"Tiempo de lectura\" \/>\n\t<meta name=\"twitter:data1\" content=\"2 minutos\" \/>\n<script type=\"application\/ld+json\" class=\"yoast-schema-graph\">{\"@context\":\"https:\\\/\\\/schema.org\",\"@graph\":[{\"@type\":\"WebPage\",\"@id\":\"https:\\\/\\\/www.keepingchildrensafe.global\\\/es\\\/gracias-por-completar-la-autoevaluacion\\\/\",\"url\":\"https:\\\/\\\/www.keepingchildrensafe.global\\\/es\\\/gracias-por-completar-la-autoevaluacion\\\/\",\"name\":\"Gracias por completar la autoevaluaci\u00f3n - Keeping Children Safe\",\"isPartOf\":{\"@id\":\"https:\\\/\\\/www.keepingchildrensafe.global\\\/es\\\/#website\"},\"datePublished\":\"2023-08-08T11:24:10+00:00\",\"dateModified\":\"2025-01-23T19:35:30+00:00\",\"description\":\"\u00a1Gracias! Su autoevaluaci\u00f3n ha sido enviada. En unos minutos recibir\u00e1 un correo electr\u00f3nico con sus resultados.\",\"breadcrumb\":{\"@id\":\"https:\\\/\\\/www.keepingchildrensafe.global\\\/es\\\/gracias-por-completar-la-autoevaluacion\\\/#breadcrumb\"},\"inLanguage\":\"es\",\"potentialAction\":[{\"@type\":\"ReadAction\",\"target\":[\"https:\\\/\\\/www.keepingchildrensafe.global\\\/es\\\/gracias-por-completar-la-autoevaluacion\\\/\"]}]},{\"@type\":\"BreadcrumbList\",\"@id\":\"https:\\\/\\\/www.keepingchildrensafe.global\\\/es\\\/gracias-por-completar-la-autoevaluacion\\\/#breadcrumb\",\"itemListElement\":[{\"@type\":\"ListItem\",\"position\":1,\"name\":\"Home\",\"item\":\"https:\\\/\\\/www.keepingchildrensafe.global\\\/es\\\/\"},{\"@type\":\"ListItem\",\"position\":2,\"name\":\"Gracias por completar la autoevaluaci\u00f3n\"}]},{\"@type\":\"WebSite\",\"@id\":\"https:\\\/\\\/www.keepingchildrensafe.global\\\/es\\\/#website\",\"url\":\"https:\\\/\\\/www.keepingchildrensafe.global\\\/es\\\/\",\"name\":\"Keeping Children Safe\",\"description\":\"Setting tough International Child Safeguarding Standards\",\"publisher\":{\"@id\":\"https:\\\/\\\/www.keepingchildrensafe.global\\\/es\\\/#organization\"},\"potentialAction\":[{\"@type\":\"SearchAction\",\"target\":{\"@type\":\"EntryPoint\",\"urlTemplate\":\"https:\\\/\\\/www.keepingchildrensafe.global\\\/es\\\/?s={search_term_string}\"},\"query-input\":{\"@type\":\"PropertyValueSpecification\",\"valueRequired\":true,\"valueName\":\"search_term_string\"}}],\"inLanguage\":\"es\"},{\"@type\":\"Organization\",\"@id\":\"https:\\\/\\\/www.keepingchildrensafe.global\\\/es\\\/#organization\",\"name\":\"Keeping Children Safe\",\"url\":\"https:\\\/\\\/www.keepingchildrensafe.global\\\/es\\\/\",\"logo\":{\"@type\":\"ImageObject\",\"inLanguage\":\"es\",\"@id\":\"https:\\\/\\\/www.keepingchildrensafe.global\\\/es\\\/#\\\/schema\\\/logo\\\/image\\\/\",\"url\":\"https:\\\/\\\/kcs.webscapegardener.site\\\/wp-content\\\/uploads\\\/2023\\\/10\\\/kcs-header-logo.png\",\"contentUrl\":\"https:\\\/\\\/kcs.webscapegardener.site\\\/wp-content\\\/uploads\\\/2023\\\/10\\\/kcs-header-logo.png\",\"width\":204,\"height\":21,\"caption\":\"Keeping Children Safe\"},\"image\":{\"@id\":\"https:\\\/\\\/www.keepingchildrensafe.global\\\/es\\\/#\\\/schema\\\/logo\\\/image\\\/\"},\"sameAs\":[\"https:\\\/\\\/www.facebook.com\\\/KCSkeepingchildrensafe\",\"https:\\\/\\\/x.com\\\/keepchildsafe\",\"https:\\\/\\\/www.instagram.com\\\/keepingchildrensafe\\\/\",\"https:\\\/\\\/www.linkedin.com\\\/company\\\/keeping-children-safe-coalition\\\/\",\"https:\\\/\\\/vimeo.com\\\/keepingchildrensafe\"]}]}<\/script>\n<!-- \/ Yoast SEO plugin. -->","yoast_head_json":{"title":"Gracias por completar la autoevaluaci\u00f3n - Keeping Children Safe","description":"\u00a1Gracias! Su autoevaluaci\u00f3n ha sido enviada. En unos minutos recibir\u00e1 un correo electr\u00f3nico con sus resultados.","robots":{"index":"index","follow":"follow","max-snippet":"max-snippet:-1","max-image-preview":"max-image-preview:large","max-video-preview":"max-video-preview:-1"},"canonical":"https:\/\/www.keepingchildrensafe.global\/es\/gracias-por-completar-la-autoevaluacion\/","og_locale":"es_ES","og_type":"article","og_title":"Gracias por completar la autoevaluaci\u00f3n - Keeping Children Safe","og_description":"\u00a1Gracias! Su autoevaluaci\u00f3n ha sido enviada. En unos minutos recibir\u00e1 un correo electr\u00f3nico con sus resultados.","og_url":"https:\/\/www.keepingchildrensafe.global\/es\/gracias-por-completar-la-autoevaluacion\/","og_site_name":"Keeping Children Safe","article_publisher":"https:\/\/www.facebook.com\/KCSkeepingchildrensafe","article_modified_time":"2025-01-23T19:35:30+00:00","twitter_card":"summary_large_image","twitter_site":"@keepchildsafe","twitter_misc":{"Tiempo de lectura":"2 minutos"},"schema":{"@context":"https:\/\/schema.org","@graph":[{"@type":"WebPage","@id":"https:\/\/www.keepingchildrensafe.global\/es\/gracias-por-completar-la-autoevaluacion\/","url":"https:\/\/www.keepingchildrensafe.global\/es\/gracias-por-completar-la-autoevaluacion\/","name":"Gracias por completar la autoevaluaci\u00f3n - Keeping Children Safe","isPartOf":{"@id":"https:\/\/www.keepingchildrensafe.global\/es\/#website"},"datePublished":"2023-08-08T11:24:10+00:00","dateModified":"2025-01-23T19:35:30+00:00","description":"\u00a1Gracias! Su autoevaluaci\u00f3n ha sido enviada. En unos minutos recibir\u00e1 un correo electr\u00f3nico con sus resultados.","breadcrumb":{"@id":"https:\/\/www.keepingchildrensafe.global\/es\/gracias-por-completar-la-autoevaluacion\/#breadcrumb"},"inLanguage":"es","potentialAction":[{"@type":"ReadAction","target":["https:\/\/www.keepingchildrensafe.global\/es\/gracias-por-completar-la-autoevaluacion\/"]}]},{"@type":"BreadcrumbList","@id":"https:\/\/www.keepingchildrensafe.global\/es\/gracias-por-completar-la-autoevaluacion\/#breadcrumb","itemListElement":[{"@type":"ListItem","position":1,"name":"Home","item":"https:\/\/www.keepingchildrensafe.global\/es\/"},{"@type":"ListItem","position":2,"name":"Gracias por completar la autoevaluaci\u00f3n"}]},{"@type":"WebSite","@id":"https:\/\/www.keepingchildrensafe.global\/es\/#website","url":"https:\/\/www.keepingchildrensafe.global\/es\/","name":"Keeping Children Safe","description":"Setting tough International Child Safeguarding Standards","publisher":{"@id":"https:\/\/www.keepingchildrensafe.global\/es\/#organization"},"potentialAction":[{"@type":"SearchAction","target":{"@type":"EntryPoint","urlTemplate":"https:\/\/www.keepingchildrensafe.global\/es\/?s={search_term_string}"},"query-input":{"@type":"PropertyValueSpecification","valueRequired":true,"valueName":"search_term_string"}}],"inLanguage":"es"},{"@type":"Organization","@id":"https:\/\/www.keepingchildrensafe.global\/es\/#organization","name":"Keeping Children Safe","url":"https:\/\/www.keepingchildrensafe.global\/es\/","logo":{"@type":"ImageObject","inLanguage":"es","@id":"https:\/\/www.keepingchildrensafe.global\/es\/#\/schema\/logo\/image\/","url":"https:\/\/kcs.webscapegardener.site\/wp-content\/uploads\/2023\/10\/kcs-header-logo.png","contentUrl":"https:\/\/kcs.webscapegardener.site\/wp-content\/uploads\/2023\/10\/kcs-header-logo.png","width":204,"height":21,"caption":"Keeping Children Safe"},"image":{"@id":"https:\/\/www.keepingchildrensafe.global\/es\/#\/schema\/logo\/image\/"},"sameAs":["https:\/\/www.facebook.com\/KCSkeepingchildrensafe","https:\/\/x.com\/keepchildsafe","https:\/\/www.instagram.com\/keepingchildrensafe\/","https:\/\/www.linkedin.com\/company\/keeping-children-safe-coalition\/","https:\/\/vimeo.com\/keepingchildrensafe"]}]}},"_links":{"self":[{"href":"https:\/\/www.keepingchildrensafe.global\/es\/wp-json\/wp\/v2\/pages\/308","targetHints":{"allow":["GET"]}}],"collection":[{"href":"https:\/\/www.keepingchildrensafe.global\/es\/wp-json\/wp\/v2\/pages"}],"about":[{"href":"https:\/\/www.keepingchildrensafe.global\/es\/wp-json\/wp\/v2\/types\/page"}],"author":[{"embeddable":true,"href":"https:\/\/www.keepingchildrensafe.global\/es\/wp-json\/wp\/v2\/users\/3"}],"replies":[{"embeddable":true,"href":"https:\/\/www.keepingchildrensafe.global\/es\/wp-json\/wp\/v2\/comments?post=308"}],"version-history":[{"count":10,"href":"https:\/\/www.keepingchildrensafe.global\/es\/wp-json\/wp\/v2\/pages\/308\/revisions"}],"predecessor-version":[{"id":30366,"href":"https:\/\/www.keepingchildrensafe.global\/es\/wp-json\/wp\/v2\/pages\/308\/revisions\/30366"}],"wp:attachment":[{"href":"https:\/\/www.keepingchildrensafe.global\/es\/wp-json\/wp\/v2\/media?parent=308"}],"curies":[{"name":"wp","href":"https:\/\/api.w.org\/{rel}","templated":true}]}}