{"id":31375,"date":"2025-10-19T19:42:07","date_gmt":"2025-10-19T18:42:07","guid":{"rendered":"https:\/\/www.keepingchildrensafe.global\/dia-1-movimientos-liderados-por-ninos-ninas-y-adolescentes\/"},"modified":"2025-10-23T17:09:57","modified_gmt":"2025-10-23T16:09:57","slug":"dia-1-movimientos-liderados-por-ninos-ninas-y-adolescentes","status":"publish","type":"page","link":"https:\/\/www.keepingchildrensafe.global\/es\/semanapio2025\/dia-1-movimientos-liderados-por-ninos-ninas-y-adolescentes\/","title":{"rendered":"D\u00eda 1: Movimientos liderados por ni\u00f1os, ni\u00f1as y adolescentes"},"content":{"rendered":"\n<div style=\"height:30px\" aria-hidden=\"true\" class=\"wp-block-spacer\"><\/div>\n\n<p class=\"has-medium-font-size\">Cada d\u00eda de la Semana Internacional de Protecci\u00f3n Infantil Organizacional se centrar\u00e1 en diferentes aspectos pr\u00e1cticos de la protecci\u00f3n infantil organizacional, adaptados a las distintas \u00e1reas funcionales de las organizaciones. El d\u00eda 1 es sobre experiencias de ni\u00f1os, ni\u00f1as y adolescentes que lideran peticiones, dan forma a pol\u00edticas e influyen en decisiones de sus comunidades.<br\/><\/p>\n\n<div style=\"height:30px\" aria-hidden=\"true\" class=\"wp-block-spacer\"><\/div>\n\n<h2 class=\"wp-block-heading has-black-color has-ast-global-color-1-background-color has-text-color has-background has-link-color wp-elements-159bb5800aa2f3d8c2e1a746aa9e5304\" style=\"padding-top:0;padding-right:var(--wp--preset--spacing--30);padding-bottom:0;padding-left:var(--wp--preset--spacing--30)\">Videos<\/h2>\n\n<div class=\"wp-block-columns is-layout-flex wp-container-core-columns-is-layout-28f84493 wp-block-columns-is-layout-flex\">\n<div class=\"wp-block-column is-layout-flow wp-block-column-is-layout-flow\">\n<p class=\"has-black-color has-text-color has-link-color wp-elements-8f96c97c44e3543cfbfc554a805e6c62\"><strong>La protecci\u00f3n infantil organizacional en para todos y todas<\/strong><br\/><span style=\"text-decoration: underline;\"><a href=\"https:\/\/jlh-uganda.org\/\" target=\"_blank\" rel=\"noreferrer noopener\">Justice Livelihoods Health<\/a><\/span> (Uganda)<\/p>\n\n\n\n<figure class=\"wp-block-embed is-type-video is-provider-vimeo wp-block-embed-vimeo wp-embed-aspect-16-9 wp-has-aspect-ratio\"><div class=\"wp-block-embed__wrapper\">\n<iframe title=\"Justice Livelihood Health #ICSW2025\" data-src=\"https:\/\/player.vimeo.com\/video\/1127201796?dnt=1&amp;app_id=122963\" width=\"500\" height=\"281\" frameborder=\"0\" allow=\"autoplay; fullscreen; picture-in-picture; clipboard-write; encrypted-media; web-share\" referrerpolicy=\"strict-origin-when-cross-origin\" src=\"data:image\/svg+xml;base64,PHN2ZyB3aWR0aD0iMSIgaGVpZ2h0PSIxIiB4bWxucz0iaHR0cDovL3d3dy53My5vcmcvMjAwMC9zdmciPjwvc3ZnPg==\" class=\"lazyload\" data-load-mode=\"1\"><\/iframe>\n<\/div><\/figure>\n\n\n\n<div class=\"wp-block-essential-blocks-text root-eb-text-4ivb9\"><div class=\"eb-parent-wrapper eb-parent-eb-text-4ivb9 \"><div class=\"eb-text-wrapper eb-text-4ivb9\" data-id=\"eb-text-4ivb9\"><p class=\"eb-text\"><strong><a href=\"https:\/\/vimeo.com\/1127201796\/3a43943c18?share=copy\" target=\"_blank\" rel=\"noreferrer noopener\"><span style=\"text-decoration: underline;\">Mirar en Vimeo<\/span><\/a><\/strong><br><br>El audio de este video est\u00e1 en ingl\u00e9s.<br><em>Subt\u00edtulos en espa\u00f1ol disponibles<\/em><\/p><\/div><\/div><\/div>\n<\/div>\n\n\n\n<div class=\"wp-block-column is-layout-flow wp-block-column-is-layout-flow\">\n<p class=\"has-black-color has-text-color has-link-color wp-elements-32979786f1b8b4971916333f4b831ed4\"><strong>Child participation<\/strong><br\/><a href=\"https:\/\/www.educo.org\/\" target=\"_blank\" rel=\"noreferrer noopener\"><span style=\"text-decoration: underline;\">Educo<\/span><\/a> (Global)<\/p>\n\n\n\n<figure class=\"wp-block-embed is-type-video is-provider-vimeo wp-block-embed-vimeo wp-embed-aspect-16-9 wp-has-aspect-ratio\"><div class=\"wp-block-embed__wrapper\">\n<iframe title=\"Educo #ICSW2025\" data-src=\"https:\/\/player.vimeo.com\/video\/1126832421?dnt=1&amp;app_id=122963\" width=\"500\" height=\"281\" frameborder=\"0\" allow=\"autoplay; fullscreen; picture-in-picture; clipboard-write; encrypted-media; web-share\" referrerpolicy=\"strict-origin-when-cross-origin\" src=\"data:image\/svg+xml;base64,PHN2ZyB3aWR0aD0iMSIgaGVpZ2h0PSIxIiB4bWxucz0iaHR0cDovL3d3dy53My5vcmcvMjAwMC9zdmciPjwvc3ZnPg==\" class=\"lazyload\" data-load-mode=\"1\"><\/iframe>\n<\/div><\/figure>\n\n\n\n<div class=\"wp-block-essential-blocks-text root-eb-text-v8dl0\"><div class=\"eb-parent-wrapper eb-parent-eb-text-v8dl0 \"><div class=\"eb-text-wrapper eb-text-v8dl0\" data-id=\"eb-text-v8dl0\"><p class=\"eb-text\"><span style=\"text-decoration: underline;\"><a href=\"https:\/\/vimeo.com\/1126832421?share=copy&amp;fl=sv&amp;fe=ci\" target=\"_blank\" rel=\"noreferrer noopener\"><strong>Mirar en Vimeo<\/strong><\/a><\/span><br><br>El audio de este video est\u00e1 en espa\u00f1ol.<br><em>Subt\u00edtulos en ingl\u00e9s disponibles<\/em><\/p><\/div><\/div><\/div>\n<\/div>\n<\/div>\n\n<div style=\"height:15px\" aria-hidden=\"true\" class=\"wp-block-spacer\"><\/div>\n\n<h2 class=\"wp-block-heading has-ast-global-color-5-color has-ast-global-color-3-background-color has-text-color has-background has-link-color wp-elements-3dcea17aef5a36c30dc0cc8dd54ec1d5\" style=\"padding-top:0;padding-right:var(--wp--preset--spacing--30);padding-bottom:0;padding-left:var(--wp--preset--spacing--30)\">Art\u00edculos<\/h2>\n\n<div class=\"wp-block-columns is-layout-flex wp-container-core-columns-is-layout-28f84493 wp-block-columns-is-layout-flex\">\n<div class=\"wp-block-column is-layout-flow wp-block-column-is-layout-flow\">\n<div class=\"wp-block-essential-blocks-text root-eb-text-oduip\"><div class=\"eb-parent-wrapper eb-parent-eb-text-oduip \"><div class=\"eb-text-wrapper eb-text-oduip\" data-id=\"eb-text-oduip\"><h5 class=\"eb-text\"><strong>Ni\u00f1os, ni\u00f1as y adolescentes de la Rep\u00fablica Democr\u00e1tica del Congo en el centro de la preocupaci\u00f3n mundial<\/strong><\/h5><\/div><\/div><\/div>\n\n\n\n<p>En este art\u00edculo, <a href=\"https:\/\/www.biferd.org\/en-UK\" target=\"_blank\" rel=\"noreferrer noopener\">Biferd <\/a>(RDC) expresa la necesidad de atender las necesidades de los ni\u00f1os, ni\u00f1as y adolescentes en la Rep\u00fablica Democr\u00e1tica del Congo y c\u00f3mo est\u00e1n trabajando en la defensa de sus derechos.<\/p>\n\n\n\n<p class=\"arrow-list has-black-color has-text-color has-link-color wp-elements-c7a93a72651ebbdb136fd820068a21a7\" style=\"text-decoration:underline\"><strong><a href=\"https:\/\/www.keepingchildrensafe.global\/wp-content\/uploads\/2025\/10\/DRC-EN.pdf\" target=\"_blank\" rel=\"noreferrer noopener\">Leer en ingl\u00e9s<\/a><\/strong><\/p>\n\n\n\n<p class=\"arrow-list has-black-color has-text-color has-link-color wp-elements-93ba9921910525d2a355ffadd530978a\" style=\"text-decoration:underline\"><strong><a href=\"https:\/\/www.keepingchildrensafe.global\/wp-content\/uploads\/2025\/10\/DAY-1-Biferd-FR-SP-EN-1.pdf\" target=\"_blank\" rel=\"noreferrer noopener\">Leer en espa\u00f1ol<\/a><\/strong><\/p>\n\n\n\n<p class=\"arrow-list has-black-color has-text-color has-link-color wp-elements-74ca4a3ff2e26fee1a9fcadd494075a7\" style=\"text-decoration:underline\"><strong><a href=\"https:\/\/www.keepingchildrensafe.global\/wp-content\/uploads\/2025\/10\/DAY-1-Biferd-FR-SP-EN.pdf\" target=\"_blank\" rel=\"noreferrer noopener\">Leer en franc\u00e9s<\/a><\/strong><\/p>\n<\/div>\n\n\n\n<div class=\"wp-block-column is-layout-flow wp-block-column-is-layout-flow\">\n<div class=\"wp-block-essential-blocks-text root-eb-text-wxidw\"><div class=\"eb-parent-wrapper eb-parent-eb-text-wxidw \"><div class=\"eb-text-wrapper eb-text-wxidw\" data-id=\"eb-text-wxidw\"><h5 class=\"eb-text\"><strong>Campa\u00f1a para acabar con el castigo corporal<\/strong><\/h5><\/div><\/div><\/div>\n\n\n\n<p>Lee sobre c\u00f3mo <span style=\"text-decoration: underline;\"><a href=\"http:\/\/stopchildcruelty.com\" target=\"_blank\" rel=\"noreferrer noopener\">The Stop Child Cruelty Trust<\/a> <\/span>(Sri Lanka) organiz\u00f3 una campa\u00f1a con estudiantes para llevar una petici\u00f3n al Parlamento en defensa de los derechos del ni\u00f1o.<\/p>\n\n\n\n<p class=\"arrow-list has-black-color has-text-color has-link-color wp-elements-94f2a4e91c5b2c9e1c403488bba98c28\" style=\"text-decoration:underline\"><strong><a href=\"https:\/\/www.keepingchildrensafe.global\/wp-content\/uploads\/2025\/10\/The-Stop-Child-Cruelty-Trust-EN.pdf\" target=\"_blank\" rel=\"noreferrer noopener\">Leer en ingl\u00e9s<\/a><\/strong><\/p>\n\n\n\n<p class=\"arrow-list has-black-color has-text-color has-link-color wp-elements-248e962e530120c16b1778c5b40b1e97\" style=\"text-decoration:underline\"><strong><a href=\"https:\/\/www.keepingchildrensafe.global\/wp-content\/uploads\/2025\/10\/Stop-Child-Cruelty-Trust-SP.pdf\" target=\"_blank\" rel=\"noreferrer noopener\">Leer en espa\u00f1ol<\/a><\/strong><\/p>\n\n\n\n<div style=\"height:2px\" aria-hidden=\"true\" class=\"wp-block-spacer\"><\/div>\n<\/div>\n\n\n\n<div class=\"wp-block-column is-layout-flow wp-block-column-is-layout-flow\">\n<div class=\"wp-block-essential-blocks-text root-eb-text-vpc3l\"><div class=\"eb-parent-wrapper eb-parent-eb-text-vpc3l \"><div class=\"eb-text-wrapper eb-text-vpc3l\" data-id=\"eb-text-vpc3l\"><h5 class=\"eb-text\"><\/h5><\/div><\/div><\/div>\n\n\n\n<p><\/p>\n<\/div>\n<\/div>\n\n<div style=\"height:15px\" aria-hidden=\"true\" class=\"wp-block-spacer\"><\/div>\n\n<h2 class=\"wp-block-heading has-black-color has-ast-global-color-6-background-color has-text-color has-background has-link-color wp-elements-7abb0272c0933d8e9b1618c6de248773\" style=\"padding-top:0;padding-right:var(--wp--preset--spacing--30);padding-bottom:0;padding-left:var(--wp--preset--spacing--30)\">Recursos<\/h2>\n\n<div class=\"wp-block-columns is-layout-flex wp-container-core-columns-is-layout-28f84493 wp-block-columns-is-layout-flex\">\n<div class=\"wp-block-column is-layout-flow wp-block-column-is-layout-flow\">\n<div class=\"wp-block-essential-blocks-text root-eb-text-k8j8i\"><div class=\"eb-parent-wrapper eb-parent-eb-text-k8j8i \"><div class=\"eb-text-wrapper eb-text-k8j8i\" data-id=\"eb-text-k8j8i\"><h5 class=\"eb-text\"><strong>Abriendo puertas<\/strong><\/h5><\/div><\/div><\/div>\n\n\n\n<p>Por <span style=\"text-decoration: underline;\"><a href=\"http:\/\/triangle.org.uk\" target=\"_blank\" rel=\"noreferrer noopener\">Triangle<\/a><\/span> (Reino Unido)<\/p>\n\n\n\n<div class=\"wp-block-buttons is-layout-flex wp-block-buttons-is-layout-flex\">\n<div class=\"wp-block-button\"><a class=\"wp-block-button__link wp-element-button\" href=\"https:\/\/www.keepingchildrensafe.global\/wp-content\/uploads\/2025\/10\/Opening-Doors-Article.pdf\" target=\"_blank\" rel=\"noreferrer noopener\"><strong>Descargar en Ingl\u00e9s<\/strong><\/a><\/div>\n<\/div>\n<\/div>\n\n\n\n<div class=\"wp-block-column is-layout-flow wp-block-column-is-layout-flow\">\n<div class=\"wp-block-essential-blocks-text root-eb-text-zmr4j\"><div class=\"eb-parent-wrapper eb-parent-eb-text-zmr4j \"><div class=\"eb-text-wrapper eb-text-zmr4j\" data-id=\"eb-text-zmr4j\"><h5 class=\"eb-text\"><strong>Comunicaci\u00f3n tripartita<\/strong><\/h5><\/div><\/div><\/div>\n\n\n\n<p>Por <span style=\"text-decoration: underline;\"><a href=\"http:\/\/triangle.org.uk\" target=\"_blank\" rel=\"noreferrer noopener\">Triangle<\/a><\/span> (Reino Unido)<\/p>\n\n\n\n<div class=\"wp-block-buttons is-layout-flex wp-block-buttons-is-layout-flex\">\n<div class=\"wp-block-button\"><a class=\"wp-block-button__link wp-element-button\" href=\"https:\/\/www.keepingchildrensafe.global\/wp-content\/uploads\/2025\/10\/Summary-of-3WS.pdf\" target=\"_blank\" rel=\"noreferrer noopener\"><strong>Descargar en Ingl\u00e9s<\/strong><\/a><\/div>\n<\/div>\n<\/div>\n\n\n\n<div class=\"wp-block-column is-layout-flow wp-block-column-is-layout-flow\">\n<div class=\"wp-block-essential-blocks-text root-eb-text-b520r\"><div class=\"eb-parent-wrapper eb-parent-eb-text-b520r \"><div class=\"eb-text-wrapper eb-text-b520r\" data-id=\"eb-text-b520r\"><h5 class=\"eb-text\"><strong>Capacitar a chicos y chicas para que sean agentes activos de su propio desarrollo.<\/strong><\/h5><\/div><\/div><\/div>\n\n\n\n<p>Por <span style=\"text-decoration: underline;\"><a href=\"https:\/\/www.sos-bangladesh.org\/\" target=\"_blank\" rel=\"noreferrer noopener\">Aldeas Infantiles SOS <\/a><\/span>(Bangladesh)<\/p>\n\n\n\n<div class=\"wp-block-buttons is-layout-flex wp-block-buttons-is-layout-flex\">\n<div class=\"wp-block-button\"><a class=\"wp-block-button__link wp-element-button\" href=\"https:\/\/www.keepingchildrensafe.global\/wp-content\/uploads\/2025\/10\/PPT-on-CYS-for-KCS-1.pdf\" target=\"_blank\" rel=\"noreferrer noopener\"><strong>Descargar en Ingl\u00e9s<\/strong><\/a><\/div>\n<\/div>\n<\/div>\n<\/div>\n\n<div style=\"height:90px\" aria-hidden=\"true\" class=\"wp-block-spacer\"><\/div>\n","protected":false},"excerpt":{"rendered":"<p>Cada d\u00eda de la Semana Internacional de Protecci\u00f3n Infantil Organizacional se centrar\u00e1 en diferentes aspectos pr\u00e1cticos de la protecci\u00f3n infantil organizacional, adaptados a las distintas \u00e1reas funcionales de las organizaciones. El d\u00eda 1 es sobre experiencias de ni\u00f1os, ni\u00f1as y adolescentes que lideran peticiones, dan forma a pol\u00edticas e influyen en decisiones de sus comunidades. [&hellip;]<\/p>\n","protected":false},"author":14,"featured_media":0,"parent":30128,"menu_order":0,"comment_status":"closed","ping_status":"closed","template":"","meta":{"_acf_changed":false,"_eb_attr":"","site-sidebar-layout":"default","site-content-layout":"","ast-site-content-layout":"default","site-content-style":"default","site-sidebar-style":"default","ast-global-header-display":"","ast-banner-title-visibility":"","ast-main-header-display":"","ast-hfb-above-header-display":"","ast-hfb-below-header-display":"","ast-hfb-mobile-header-display":"","site-post-title":"","ast-breadcrumbs-content":"","ast-featured-img":"","footer-sml-layout":"","ast-disable-related-posts":"","theme-transparent-header-meta":"","adv-header-id-meta":"","stick-header-meta":"","header-above-stick-meta":"","header-main-stick-meta":"","header-below-stick-meta":"","astra-migrate-meta-layouts":"default","ast-page-background-enabled":"default","ast-page-background-meta":{"desktop":{"background-color":"var(--ast-global-color-4)","background-image":"","background-repeat":"repeat","background-position":"center center","background-size":"auto","background-attachment":"scroll","background-type":"","background-media":"","overlay-type":"","overlay-color":"","overlay-opacity":"","overlay-gradient":""},"tablet":{"background-color":"","background-image":"","background-repeat":"repeat","background-position":"center center","background-size":"auto","background-attachment":"scroll","background-type":"","background-media":"","overlay-type":"","overlay-color":"","overlay-opacity":"","overlay-gradient":""},"mobile":{"background-color":"","background-image":"","background-repeat":"repeat","background-position":"center center","background-size":"auto","background-attachment":"scroll","background-type":"","background-media":"","overlay-type":"","overlay-color":"","overlay-opacity":"","overlay-gradient":""}},"ast-content-background-meta":{"desktop":{"background-color":"var(--ast-global-color-5)","background-image":"","background-repeat":"repeat","background-position":"center center","background-size":"auto","background-attachment":"scroll","background-type":"","background-media":"","overlay-type":"","overlay-color":"","overlay-opacity":"","overlay-gradient":""},"tablet":{"background-color":"var(--ast-global-color-5)","background-image":"","background-repeat":"repeat","background-position":"center center","background-size":"auto","background-attachment":"scroll","background-type":"","background-media":"","overlay-type":"","overlay-color":"","overlay-opacity":"","overlay-gradient":""},"mobile":{"background-color":"var(--ast-global-color-5)","background-image":"","background-repeat":"repeat","background-position":"center center","background-size":"auto","background-attachment":"scroll","background-type":"","background-media":"","overlay-type":"","overlay-color":"","overlay-opacity":"","overlay-gradient":""}},"footnotes":""},"class_list":["post-31375","page","type-page","status-publish","hentry"],"acf":[],"yoast_head":"<!-- This site is optimized with the Yoast SEO plugin v27.3 - https:\/\/yoast.com\/product\/yoast-seo-wordpress\/ -->\n<title>D\u00eda 1: Movimientos liderados por ni\u00f1os, ni\u00f1as y adolescentes - Keeping Children Safe<\/title>\n<meta name=\"robots\" content=\"index, follow, max-snippet:-1, max-image-preview:large, max-video-preview:-1\" \/>\n<link rel=\"canonical\" href=\"https:\/\/www.keepingchildrensafe.global\/es\/semanapio2025\/dia-1-movimientos-liderados-por-ninos-ninas-y-adolescentes\/\" \/>\n<meta property=\"og:locale\" content=\"es_ES\" \/>\n<meta property=\"og:type\" content=\"article\" \/>\n<meta property=\"og:title\" content=\"D\u00eda 1: Movimientos liderados por ni\u00f1os, ni\u00f1as y adolescentes - Keeping Children Safe\" \/>\n<meta property=\"og:description\" content=\"Cada d\u00eda de la Semana Internacional de Protecci\u00f3n Infantil Organizacional se centrar\u00e1 en diferentes aspectos pr\u00e1cticos de la protecci\u00f3n infantil organizacional, adaptados a las distintas \u00e1reas funcionales de las organizaciones. El d\u00eda 1 es sobre experiencias de ni\u00f1os, ni\u00f1as y adolescentes que lideran peticiones, dan forma a pol\u00edticas e influyen en decisiones de sus comunidades. [&hellip;]\" \/>\n<meta property=\"og:url\" content=\"https:\/\/www.keepingchildrensafe.global\/es\/semanapio2025\/dia-1-movimientos-liderados-por-ninos-ninas-y-adolescentes\/\" \/>\n<meta property=\"og:site_name\" content=\"Keeping Children Safe\" \/>\n<meta property=\"article:publisher\" content=\"https:\/\/www.facebook.com\/KCSkeepingchildrensafe\" \/>\n<meta property=\"article:modified_time\" content=\"2025-10-23T16:09:57+00:00\" \/>\n<meta name=\"twitter:card\" content=\"summary_large_image\" \/>\n<meta name=\"twitter:site\" content=\"@keepchildsafe\" \/>\n<meta name=\"twitter:label1\" content=\"Tiempo de lectura\" \/>\n\t<meta name=\"twitter:data1\" content=\"2 minutos\" \/>\n<script type=\"application\/ld+json\" class=\"yoast-schema-graph\">{\"@context\":\"https:\\\/\\\/schema.org\",\"@graph\":[{\"@type\":\"WebPage\",\"@id\":\"https:\\\/\\\/www.keepingchildrensafe.global\\\/es\\\/semanapio2025\\\/dia-1-movimientos-liderados-por-ninos-ninas-y-adolescentes\\\/\",\"url\":\"https:\\\/\\\/www.keepingchildrensafe.global\\\/es\\\/semanapio2025\\\/dia-1-movimientos-liderados-por-ninos-ninas-y-adolescentes\\\/\",\"name\":\"D\u00eda 1: Movimientos liderados por ni\u00f1os, ni\u00f1as y adolescentes - Keeping Children Safe\",\"isPartOf\":{\"@id\":\"https:\\\/\\\/www.keepingchildrensafe.global\\\/es\\\/#website\"},\"datePublished\":\"2025-10-19T18:42:07+00:00\",\"dateModified\":\"2025-10-23T16:09:57+00:00\",\"breadcrumb\":{\"@id\":\"https:\\\/\\\/www.keepingchildrensafe.global\\\/es\\\/semanapio2025\\\/dia-1-movimientos-liderados-por-ninos-ninas-y-adolescentes\\\/#breadcrumb\"},\"inLanguage\":\"es\",\"potentialAction\":[{\"@type\":\"ReadAction\",\"target\":[\"https:\\\/\\\/www.keepingchildrensafe.global\\\/es\\\/semanapio2025\\\/dia-1-movimientos-liderados-por-ninos-ninas-y-adolescentes\\\/\"]}]},{\"@type\":\"BreadcrumbList\",\"@id\":\"https:\\\/\\\/www.keepingchildrensafe.global\\\/es\\\/semanapio2025\\\/dia-1-movimientos-liderados-por-ninos-ninas-y-adolescentes\\\/#breadcrumb\",\"itemListElement\":[{\"@type\":\"ListItem\",\"position\":1,\"name\":\"Home\",\"item\":\"https:\\\/\\\/www.keepingchildrensafe.global\\\/es\\\/\"},{\"@type\":\"ListItem\",\"position\":2,\"name\":\"Semana Internacional de la Protecci\u00f3n Infantil Organizacional 2025\",\"item\":\"https:\\\/\\\/www.keepingchildrensafe.global\\\/es\\\/semanapio2025\\\/\"},{\"@type\":\"ListItem\",\"position\":3,\"name\":\"D\u00eda 1: Movimientos liderados por ni\u00f1os, ni\u00f1as y adolescentes\"}]},{\"@type\":\"WebSite\",\"@id\":\"https:\\\/\\\/www.keepingchildrensafe.global\\\/es\\\/#website\",\"url\":\"https:\\\/\\\/www.keepingchildrensafe.global\\\/es\\\/\",\"name\":\"Keeping Children Safe\",\"description\":\"Setting tough International Child Safeguarding Standards\",\"publisher\":{\"@id\":\"https:\\\/\\\/www.keepingchildrensafe.global\\\/es\\\/#organization\"},\"potentialAction\":[{\"@type\":\"SearchAction\",\"target\":{\"@type\":\"EntryPoint\",\"urlTemplate\":\"https:\\\/\\\/www.keepingchildrensafe.global\\\/es\\\/?s={search_term_string}\"},\"query-input\":{\"@type\":\"PropertyValueSpecification\",\"valueRequired\":true,\"valueName\":\"search_term_string\"}}],\"inLanguage\":\"es\"},{\"@type\":\"Organization\",\"@id\":\"https:\\\/\\\/www.keepingchildrensafe.global\\\/es\\\/#organization\",\"name\":\"Keeping Children Safe\",\"url\":\"https:\\\/\\\/www.keepingchildrensafe.global\\\/es\\\/\",\"logo\":{\"@type\":\"ImageObject\",\"inLanguage\":\"es\",\"@id\":\"https:\\\/\\\/www.keepingchildrensafe.global\\\/es\\\/#\\\/schema\\\/logo\\\/image\\\/\",\"url\":\"https:\\\/\\\/kcs.webscapegardener.site\\\/wp-content\\\/uploads\\\/2023\\\/10\\\/kcs-header-logo.png\",\"contentUrl\":\"https:\\\/\\\/kcs.webscapegardener.site\\\/wp-content\\\/uploads\\\/2023\\\/10\\\/kcs-header-logo.png\",\"width\":204,\"height\":21,\"caption\":\"Keeping Children Safe\"},\"image\":{\"@id\":\"https:\\\/\\\/www.keepingchildrensafe.global\\\/es\\\/#\\\/schema\\\/logo\\\/image\\\/\"},\"sameAs\":[\"https:\\\/\\\/www.facebook.com\\\/KCSkeepingchildrensafe\",\"https:\\\/\\\/x.com\\\/keepchildsafe\",\"https:\\\/\\\/www.instagram.com\\\/keepingchildrensafe\\\/\",\"https:\\\/\\\/www.linkedin.com\\\/company\\\/keeping-children-safe-coalition\\\/\",\"https:\\\/\\\/vimeo.com\\\/keepingchildrensafe\"]}]}<\/script>\n<!-- \/ Yoast SEO plugin. -->","yoast_head_json":{"title":"D\u00eda 1: Movimientos liderados por ni\u00f1os, ni\u00f1as y adolescentes - Keeping Children Safe","robots":{"index":"index","follow":"follow","max-snippet":"max-snippet:-1","max-image-preview":"max-image-preview:large","max-video-preview":"max-video-preview:-1"},"canonical":"https:\/\/www.keepingchildrensafe.global\/es\/semanapio2025\/dia-1-movimientos-liderados-por-ninos-ninas-y-adolescentes\/","og_locale":"es_ES","og_type":"article","og_title":"D\u00eda 1: Movimientos liderados por ni\u00f1os, ni\u00f1as y adolescentes - Keeping Children Safe","og_description":"Cada d\u00eda de la Semana Internacional de Protecci\u00f3n Infantil Organizacional se centrar\u00e1 en diferentes aspectos pr\u00e1cticos de la protecci\u00f3n infantil organizacional, adaptados a las distintas \u00e1reas funcionales de las organizaciones. El d\u00eda 1 es sobre experiencias de ni\u00f1os, ni\u00f1as y adolescentes que lideran peticiones, dan forma a pol\u00edticas e influyen en decisiones de sus comunidades. [&hellip;]","og_url":"https:\/\/www.keepingchildrensafe.global\/es\/semanapio2025\/dia-1-movimientos-liderados-por-ninos-ninas-y-adolescentes\/","og_site_name":"Keeping Children Safe","article_publisher":"https:\/\/www.facebook.com\/KCSkeepingchildrensafe","article_modified_time":"2025-10-23T16:09:57+00:00","twitter_card":"summary_large_image","twitter_site":"@keepchildsafe","twitter_misc":{"Tiempo de lectura":"2 minutos"},"schema":{"@context":"https:\/\/schema.org","@graph":[{"@type":"WebPage","@id":"https:\/\/www.keepingchildrensafe.global\/es\/semanapio2025\/dia-1-movimientos-liderados-por-ninos-ninas-y-adolescentes\/","url":"https:\/\/www.keepingchildrensafe.global\/es\/semanapio2025\/dia-1-movimientos-liderados-por-ninos-ninas-y-adolescentes\/","name":"D\u00eda 1: Movimientos liderados por ni\u00f1os, ni\u00f1as y adolescentes - Keeping Children Safe","isPartOf":{"@id":"https:\/\/www.keepingchildrensafe.global\/es\/#website"},"datePublished":"2025-10-19T18:42:07+00:00","dateModified":"2025-10-23T16:09:57+00:00","breadcrumb":{"@id":"https:\/\/www.keepingchildrensafe.global\/es\/semanapio2025\/dia-1-movimientos-liderados-por-ninos-ninas-y-adolescentes\/#breadcrumb"},"inLanguage":"es","potentialAction":[{"@type":"ReadAction","target":["https:\/\/www.keepingchildrensafe.global\/es\/semanapio2025\/dia-1-movimientos-liderados-por-ninos-ninas-y-adolescentes\/"]}]},{"@type":"BreadcrumbList","@id":"https:\/\/www.keepingchildrensafe.global\/es\/semanapio2025\/dia-1-movimientos-liderados-por-ninos-ninas-y-adolescentes\/#breadcrumb","itemListElement":[{"@type":"ListItem","position":1,"name":"Home","item":"https:\/\/www.keepingchildrensafe.global\/es\/"},{"@type":"ListItem","position":2,"name":"Semana Internacional de la Protecci\u00f3n Infantil Organizacional 2025","item":"https:\/\/www.keepingchildrensafe.global\/es\/semanapio2025\/"},{"@type":"ListItem","position":3,"name":"D\u00eda 1: Movimientos liderados por ni\u00f1os, ni\u00f1as y adolescentes"}]},{"@type":"WebSite","@id":"https:\/\/www.keepingchildrensafe.global\/es\/#website","url":"https:\/\/www.keepingchildrensafe.global\/es\/","name":"Keeping Children Safe","description":"Setting tough International Child Safeguarding Standards","publisher":{"@id":"https:\/\/www.keepingchildrensafe.global\/es\/#organization"},"potentialAction":[{"@type":"SearchAction","target":{"@type":"EntryPoint","urlTemplate":"https:\/\/www.keepingchildrensafe.global\/es\/?s={search_term_string}"},"query-input":{"@type":"PropertyValueSpecification","valueRequired":true,"valueName":"search_term_string"}}],"inLanguage":"es"},{"@type":"Organization","@id":"https:\/\/www.keepingchildrensafe.global\/es\/#organization","name":"Keeping Children Safe","url":"https:\/\/www.keepingchildrensafe.global\/es\/","logo":{"@type":"ImageObject","inLanguage":"es","@id":"https:\/\/www.keepingchildrensafe.global\/es\/#\/schema\/logo\/image\/","url":"https:\/\/kcs.webscapegardener.site\/wp-content\/uploads\/2023\/10\/kcs-header-logo.png","contentUrl":"https:\/\/kcs.webscapegardener.site\/wp-content\/uploads\/2023\/10\/kcs-header-logo.png","width":204,"height":21,"caption":"Keeping Children Safe"},"image":{"@id":"https:\/\/www.keepingchildrensafe.global\/es\/#\/schema\/logo\/image\/"},"sameAs":["https:\/\/www.facebook.com\/KCSkeepingchildrensafe","https:\/\/x.com\/keepchildsafe","https:\/\/www.instagram.com\/keepingchildrensafe\/","https:\/\/www.linkedin.com\/company\/keeping-children-safe-coalition\/","https:\/\/vimeo.com\/keepingchildrensafe"]}]}},"_links":{"self":[{"href":"https:\/\/www.keepingchildrensafe.global\/es\/wp-json\/wp\/v2\/pages\/31375","targetHints":{"allow":["GET"]}}],"collection":[{"href":"https:\/\/www.keepingchildrensafe.global\/es\/wp-json\/wp\/v2\/pages"}],"about":[{"href":"https:\/\/www.keepingchildrensafe.global\/es\/wp-json\/wp\/v2\/types\/page"}],"author":[{"embeddable":true,"href":"https:\/\/www.keepingchildrensafe.global\/es\/wp-json\/wp\/v2\/users\/14"}],"replies":[{"embeddable":true,"href":"https:\/\/www.keepingchildrensafe.global\/es\/wp-json\/wp\/v2\/comments?post=31375"}],"version-history":[{"count":8,"href":"https:\/\/www.keepingchildrensafe.global\/es\/wp-json\/wp\/v2\/pages\/31375\/revisions"}],"predecessor-version":[{"id":31461,"href":"https:\/\/www.keepingchildrensafe.global\/es\/wp-json\/wp\/v2\/pages\/31375\/revisions\/31461"}],"up":[{"embeddable":true,"href":"https:\/\/www.keepingchildrensafe.global\/es\/wp-json\/wp\/v2\/pages\/30128"}],"wp:attachment":[{"href":"https:\/\/www.keepingchildrensafe.global\/es\/wp-json\/wp\/v2\/media?parent=31375"}],"curies":[{"name":"wp","href":"https:\/\/api.w.org\/{rel}","templated":true}]}}