{"id":31434,"date":"2025-10-21T00:00:00","date_gmt":"2025-10-20T23:00:00","guid":{"rendered":"https:\/\/www.keepingchildrensafe.global\/?page_id=31434"},"modified":"2025-10-22T13:22:27","modified_gmt":"2025-10-22T12:22:27","slug":"proteccion-infantil-organizacional-en-eventos","status":"publish","type":"page","link":"https:\/\/www.keepingchildrensafe.global\/es\/semanapio2025\/proteccion-infantil-organizacional-en-eventos\/","title":{"rendered":"D\u00eda 2: Protecci\u00f3n infantil organizacional en eventos"},"content":{"rendered":"\n<p class=\"has-medium-font-size\">Cada d\u00eda de la Semana Internacional de Protecci\u00f3n Infantil Organizacional se centrar\u00e1 en diferentes aspectos pr\u00e1cticos de la protecci\u00f3n infantil organizacional, adaptados a las distintas \u00e1reas funcionales de las organizaciones. El D\u00eda 2 se centra en pr\u00e1cticas para proteger a ni\u00f1os, ni\u00f1as y adolescentes durante eventos de todo tipo.<br\/><\/p>\n\n<div style=\"height:30px\" aria-hidden=\"true\" class=\"wp-block-spacer\"><\/div>\n\n<h2 class=\"wp-block-heading has-ast-global-color-5-color has-ast-global-color-2-background-color has-text-color has-background has-link-color wp-elements-3332138679dbf6ff0feec5eeef83b64e\" style=\"padding-top:0;padding-right:var(--wp--preset--spacing--30);padding-bottom:0;padding-left:var(--wp--preset--spacing--30)\">Eventos en vivo<\/h2>\n\n<div class=\"wp-block-columns is-layout-flex wp-container-core-columns-is-layout-28f84493 wp-block-columns-is-layout-flex\">\n<div class=\"wp-block-column is-layout-flow wp-block-column-is-layout-flow\" style=\"flex-basis:65%\">\n<p><strong>En l\u00ednea &#8211; 21 de octubre de 2025 a las 10:30 GMT+1 BST<\/strong><\/p>\n\n\n\n<figure class=\"wp-block-embed is-type-video is-provider-vimeo wp-block-embed-vimeo wp-embed-aspect-16-9 wp-has-aspect-ratio\"><div class=\"wp-block-embed__wrapper\">\n<iframe title=\"DAY 2 Child Safeguarding in Events\" data-src=\"https:\/\/player.vimeo.com\/video\/1129156029?dnt=1&amp;app_id=122963\" width=\"500\" height=\"281\" frameborder=\"0\" allow=\"autoplay; fullscreen; picture-in-picture; clipboard-write; encrypted-media; web-share\" referrerpolicy=\"strict-origin-when-cross-origin\" src=\"data:image\/svg+xml;base64,PHN2ZyB3aWR0aD0iMSIgaGVpZ2h0PSIxIiB4bWxucz0iaHR0cDovL3d3dy53My5vcmcvMjAwMC9zdmciPjwvc3ZnPg==\" class=\"lazyload\" data-load-mode=\"1\"><\/iframe>\n<\/div><\/figure>\n\n\n\n<p class=\"has-medium-font-size\">Protecci\u00f3n infantil organizacional en eventos comunitarios<\/p>\n\n\n\n<p>Un panel en vivo con <span style=\"text-decoration: underline;\"><a href=\"https:\/\/afrikindness.org\/\" target=\"_blank\" rel=\"noreferrer noopener\">Afrikindness<\/a><\/span> (Africa), <span style=\"text-decoration: underline;\"><a href=\"https:\/\/ratifoundation.org\/\" target=\"_blank\" rel=\"noreferrer noopener\">RATI Foundation<\/a><\/span><a href=\"https:\/\/ratifoundation.org\/\" target=\"_blank\" rel=\"noreferrer noopener\"> (India)<\/a>, <span style=\"text-decoration: underline;\"><a href=\"https:\/\/www.sos-childrensvillages.org\/\" target=\"_blank\" rel=\"noreferrer noopener\">SOS Children&#8217;s Villages International<\/a><\/span> (Global) y <span style=\"text-decoration: underline;\"><a href=\"https:\/\/dofezambia.org\/\" target=\"_blank\" rel=\"noreferrer noopener\">Duke of Edinburgh International Award<\/a><\/span> (Zambia).<\/p>\n\n\n\n<p class=\"has-ast-global-color-6-background-color has-background\" style=\"margin-right:var(--wp--preset--spacing--20);padding-top:0;padding-right:var(--wp--preset--spacing--20);padding-bottom:0;padding-left:var(--wp--preset--spacing--20)\"><strong>Esta conversaci\u00f3n es en ingl\u00e9s.<\/strong><\/p>\n<\/div>\n<\/div>\n\n<div style=\"height:15px\" aria-hidden=\"true\" class=\"wp-block-spacer\"><\/div>\n\n<h2 class=\"wp-block-heading has-ast-global-color-5-color has-ast-global-color-3-background-color has-text-color has-background has-link-color wp-elements-61c06909d0ef247a8df7ac839b0a034c\" style=\"padding-top:0;padding-right:var(--wp--preset--spacing--30);padding-bottom:0;padding-left:var(--wp--preset--spacing--30)\">Art\u00edculos<\/h2>\n\n<div class=\"wp-block-columns is-layout-flex wp-container-core-columns-is-layout-28f84493 wp-block-columns-is-layout-flex\">\n<div class=\"wp-block-column is-layout-flow wp-block-column-is-layout-flow\">\n<div class=\"wp-block-essential-blocks-text root-eb-text-tcjpv\"><div class=\"eb-parent-wrapper eb-parent-eb-text-tcjpv \"><div class=\"eb-text-wrapper eb-text-tcjpv\" data-id=\"eb-text-tcjpv\"><h5 class=\"eb-text\"><strong>Empoderando a las ni\u00f1as a trav\u00e9s del f\u00fatbol<\/strong><\/h5><\/div><\/div><\/div>\n\n\n\n<p class=\"has-black-color has-text-color has-link-color wp-elements-0d9462de05450d4a883e620c8909d51d\">En este art\u00edculo, lee acerca de c\u00f3mo <span style=\"text-decoration: underline;\"><a href=\"https:\/\/mtgk.org\/\" target=\"_blank\" rel=\"noreferrer noopener\">Moving the Goalposts<\/a><\/span> (Kenya) trabaja en protecci\u00f3n Infantil organizacional y participaci\u00f3n infantil en eventos deportivos.<\/p>\n\n\n\n<p class=\"arrow-list has-black-color has-text-color has-link-color wp-elements-4a06efb7ef9ab75bc1e918e46c381321\"><strong><a href=\"https:\/\/www.keepingchildrensafe.global\/wp-content\/uploads\/2025\/10\/Moving-the-goalposts-EN-1.pdf\" target=\"_blank\" rel=\"noreferrer noopener\">Leer en ingl\u00e9s<\/a><\/strong><\/p>\n\n\n\n<p class=\"arrow-list has-black-color has-text-color has-link-color wp-elements-4dd52e2122b56560963ff3b79c9d5c86\"><strong><a href=\"https:\/\/www.keepingchildrensafe.global\/wp-content\/uploads\/2025\/10\/Moving-the-Goalposts-SP.pdf\" target=\"_blank\" rel=\"noreferrer noopener\">Leer en espa\u00f1ol<\/a><\/strong><\/p>\n<\/div>\n\n\n\n<div class=\"wp-block-column is-layout-flow wp-block-column-is-layout-flow\"><\/div>\n\n\n\n<div class=\"wp-block-column is-layout-flow wp-block-column-is-layout-flow\"><\/div>\n<\/div>\n\n<div style=\"height:90px\" aria-hidden=\"true\" class=\"wp-block-spacer\"><\/div>\n\n<h2 class=\"wp-block-heading has-black-color has-ast-global-color-6-background-color has-text-color has-background has-link-color wp-elements-00137a9627a361d68e93fde6fa9934eb\" style=\"padding-top:0;padding-right:var(--wp--preset--spacing--30);padding-bottom:0;padding-left:var(--wp--preset--spacing--30)\">Recursos<\/h2>\n\n<div class=\"wp-block-columns is-layout-flex wp-container-core-columns-is-layout-28f84493 wp-block-columns-is-layout-flex\">\n<div class=\"wp-block-column is-layout-flow wp-block-column-is-layout-flow\">\n<div class=\"wp-block-essential-blocks-text root-eb-text-6fcok\"><div class=\"eb-parent-wrapper eb-parent-eb-text-6fcok \"><div class=\"eb-text-wrapper eb-text-6fcok\" data-id=\"eb-text-6fcok\"><h5 class=\"eb-text\"><strong>Protegiendo a ni\u00f1as, ni\u00f1os y adolescentes que participan en eventos<\/strong><\/h5><\/div><\/div><\/div>\n\n\n\n<p class=\"has-black-color has-text-color has-link-color wp-elements-56478f45b25f331421c1e63e2fa00796\">Por <span style=\"text-decoration: underline;\"><a href=\"http:\/\/sos-kd.org\" target=\"_blank\" rel=\"noreferrer noopener\">Aldeas Infantiles SOS<\/a><\/span> (Internacional)<\/p>\n\n\n\n<div class=\"wp-block-essential-blocks-button root-eb-button-gcg8h\"><div class=\"eb-parent-wrapper eb-parent-eb-button-gcg8h \"><div class=\"eb-button-wrapper eb-button-alignment eb-button-gcg8h\"><div class=\"eb-button\"><div class=\"eb-button-inner-wrapper \"><a class=\"eb-button-anchor \" href=\"https:\/\/www.keepingchildrensafe.global\/wp-content\/uploads\/2025\/10\/251020-KCS-ISW-campaign_child-participation-1.pptx\" rel=\"noopener\"><strong>Descargar en Ingl\u00e9s<\/strong><\/a><\/div><\/div><\/div><\/div><\/div>\n<\/div>\n\n\n\n<div class=\"wp-block-column is-layout-flow wp-block-column-is-layout-flow\">\n<div class=\"wp-block-essential-blocks-text root-eb-text-ktlf8\"><div class=\"eb-parent-wrapper eb-parent-eb-text-ktlf8 \"><div class=\"eb-text-wrapper eb-text-ktlf8\" data-id=\"eb-text-ktlf8\"><h5 class=\"eb-text\"><strong>Protecci\u00f3n infantil organizacional en eventos comunitarios<\/strong><\/h5><\/div><\/div><\/div>\n\n\n\n<p class=\"has-black-color has-text-color has-link-color wp-elements-c797b9da40748eec3468053833bc3924\">Por <span style=\"text-decoration: underline;\"><a href=\"http:\/\/sos-kd.org\" target=\"_blank\" rel=\"noreferrer noopener\">Afrikindness<\/a><\/span> (Africa)<\/p>\n\n\n\n<div class=\"wp-block-essential-blocks-button root-eb-button-v9ygp\"><div class=\"eb-parent-wrapper eb-parent-eb-button-v9ygp \"><div class=\"eb-button-wrapper eb-button-alignment eb-button-v9ygp\"><div class=\"eb-button\"><div class=\"eb-button-inner-wrapper \"><a class=\"eb-button-anchor \" href=\"https:\/\/www.keepingchildrensafe.global\/wp-content\/uploads\/2025\/10\/Afrikindness-ppt.pdf\" rel=\"noopener\"><strong>Descargar en Ingl\u00e9s<\/strong><\/a><\/div><\/div><\/div><\/div><\/div>\n<\/div>\n\n\n\n<div class=\"wp-block-column is-layout-flow wp-block-column-is-layout-flow\">\n<div class=\"wp-block-essential-blocks-text root-eb-text-csa8e\"><div class=\"eb-parent-wrapper eb-parent-eb-text-csa8e \"><div class=\"eb-text-wrapper eb-text-csa8e\" data-id=\"eb-text-csa8e\"><h5 class=\"eb-text\"><strong>Protecci\u00f3n infantil organizacional en eventos<\/strong><\/h5><\/div><\/div><\/div>\n\n\n\n<p class=\"has-black-color has-text-color has-link-color wp-elements-290b0497214a7ee370bbc1991f15b859\">Por <span style=\"text-decoration: underline;\"><a href=\"https:\/\/ratifoundation.org\/\" target=\"_blank\" rel=\"noreferrer noopener\">RATI Foundatio<\/a><a href=\"https:\/\/ratifoundation.org\/\" target=\"_blank\" rel=\"noreferrer noopener\">n<\/a><\/span> (India)<\/p>\n\n\n\n<div class=\"wp-block-essential-blocks-button root-eb-button-v9ygp\"><div class=\"eb-parent-wrapper eb-parent-eb-button-v9ygp \"><div class=\"eb-button-wrapper eb-button-alignment eb-button-v9ygp\"><div class=\"eb-button\"><div class=\"eb-button-inner-wrapper \"><a class=\"eb-button-anchor \" href=\"https:\/\/www.keepingchildrensafe.global\/wp-content\/uploads\/2025\/10\/ICW-2025-KCS-.pdf\" rel=\"noopener\"><strong>Descargar en Ingl\u00e9s<\/strong><\/a><\/div><\/div><\/div><\/div><\/div>\n<\/div>\n<\/div>\n\n<p><\/p>\n","protected":false},"excerpt":{"rendered":"<p>Cada d\u00eda de la Semana Internacional de Protecci\u00f3n Infantil Organizacional se centrar\u00e1 en diferentes aspectos pr\u00e1cticos de la protecci\u00f3n infantil organizacional, adaptados a las distintas \u00e1reas funcionales de las organizaciones. El D\u00eda 2 se centra en pr\u00e1cticas para proteger a ni\u00f1os, ni\u00f1as y adolescentes durante eventos de todo tipo. Eventos en vivo En l\u00ednea &#8211; [&hellip;]<\/p>\n","protected":false},"author":14,"featured_media":0,"parent":30128,"menu_order":0,"comment_status":"closed","ping_status":"closed","template":"","meta":{"_acf_changed":false,"_eb_attr":"","site-sidebar-layout":"default","site-content-layout":"","ast-site-content-layout":"default","site-content-style":"default","site-sidebar-style":"default","ast-global-header-display":"","ast-banner-title-visibility":"","ast-main-header-display":"","ast-hfb-above-header-display":"","ast-hfb-below-header-display":"","ast-hfb-mobile-header-display":"","site-post-title":"","ast-breadcrumbs-content":"","ast-featured-img":"","footer-sml-layout":"","ast-disable-related-posts":"","theme-transparent-header-meta":"","adv-header-id-meta":"","stick-header-meta":"","header-above-stick-meta":"","header-main-stick-meta":"","header-below-stick-meta":"","astra-migrate-meta-layouts":"default","ast-page-background-enabled":"default","ast-page-background-meta":{"desktop":{"background-color":"var(--ast-global-color-4)","background-image":"","background-repeat":"repeat","background-position":"center center","background-size":"auto","background-attachment":"scroll","background-type":"","background-media":"","overlay-type":"","overlay-color":"","overlay-opacity":"","overlay-gradient":""},"tablet":{"background-color":"","background-image":"","background-repeat":"repeat","background-position":"center center","background-size":"auto","background-attachment":"scroll","background-type":"","background-media":"","overlay-type":"","overlay-color":"","overlay-opacity":"","overlay-gradient":""},"mobile":{"background-color":"","background-image":"","background-repeat":"repeat","background-position":"center center","background-size":"auto","background-attachment":"scroll","background-type":"","background-media":"","overlay-type":"","overlay-color":"","overlay-opacity":"","overlay-gradient":""}},"ast-content-background-meta":{"desktop":{"background-color":"var(--ast-global-color-5)","background-image":"","background-repeat":"repeat","background-position":"center center","background-size":"auto","background-attachment":"scroll","background-type":"","background-media":"","overlay-type":"","overlay-color":"","overlay-opacity":"","overlay-gradient":""},"tablet":{"background-color":"var(--ast-global-color-5)","background-image":"","background-repeat":"repeat","background-position":"center center","background-size":"auto","background-attachment":"scroll","background-type":"","background-media":"","overlay-type":"","overlay-color":"","overlay-opacity":"","overlay-gradient":""},"mobile":{"background-color":"var(--ast-global-color-5)","background-image":"","background-repeat":"repeat","background-position":"center center","background-size":"auto","background-attachment":"scroll","background-type":"","background-media":"","overlay-type":"","overlay-color":"","overlay-opacity":"","overlay-gradient":""}},"footnotes":""},"class_list":["post-31434","page","type-page","status-publish","hentry"],"acf":[],"yoast_head":"<!-- This site is optimized with the Yoast SEO plugin v27.3 - https:\/\/yoast.com\/product\/yoast-seo-wordpress\/ -->\n<title>D\u00eda 2: Protecci\u00f3n infantil organizacional en eventos - Keeping Children Safe<\/title>\n<meta name=\"robots\" content=\"index, follow, max-snippet:-1, max-image-preview:large, max-video-preview:-1\" \/>\n<link rel=\"canonical\" href=\"https:\/\/www.keepingchildrensafe.global\/es\/semanapio2025\/proteccion-infantil-organizacional-en-eventos\/\" \/>\n<meta property=\"og:locale\" content=\"es_ES\" \/>\n<meta property=\"og:type\" content=\"article\" \/>\n<meta property=\"og:title\" content=\"D\u00eda 2: Protecci\u00f3n infantil organizacional en eventos - Keeping Children Safe\" \/>\n<meta property=\"og:description\" content=\"Cada d\u00eda de la Semana Internacional de Protecci\u00f3n Infantil Organizacional se centrar\u00e1 en diferentes aspectos pr\u00e1cticos de la protecci\u00f3n infantil organizacional, adaptados a las distintas \u00e1reas funcionales de las organizaciones. El D\u00eda 2 se centra en pr\u00e1cticas para proteger a ni\u00f1os, ni\u00f1as y adolescentes durante eventos de todo tipo. Eventos en vivo En l\u00ednea &#8211; [&hellip;]\" \/>\n<meta property=\"og:url\" content=\"https:\/\/www.keepingchildrensafe.global\/es\/semanapio2025\/proteccion-infantil-organizacional-en-eventos\/\" \/>\n<meta property=\"og:site_name\" content=\"Keeping Children Safe\" \/>\n<meta property=\"article:publisher\" content=\"https:\/\/www.facebook.com\/KCSkeepingchildrensafe\" \/>\n<meta property=\"article:modified_time\" content=\"2025-10-22T12:22:27+00:00\" \/>\n<meta name=\"twitter:card\" content=\"summary_large_image\" \/>\n<meta name=\"twitter:site\" content=\"@keepchildsafe\" \/>\n<meta name=\"twitter:label1\" content=\"Tiempo de lectura\" \/>\n\t<meta name=\"twitter:data1\" content=\"1 minuto\" \/>\n<script type=\"application\/ld+json\" class=\"yoast-schema-graph\">{\"@context\":\"https:\\\/\\\/schema.org\",\"@graph\":[{\"@type\":\"WebPage\",\"@id\":\"https:\\\/\\\/www.keepingchildrensafe.global\\\/es\\\/semanapio2025\\\/proteccion-infantil-organizacional-en-eventos\\\/\",\"url\":\"https:\\\/\\\/www.keepingchildrensafe.global\\\/es\\\/semanapio2025\\\/proteccion-infantil-organizacional-en-eventos\\\/\",\"name\":\"D\u00eda 2: Protecci\u00f3n infantil organizacional en eventos - Keeping Children Safe\",\"isPartOf\":{\"@id\":\"https:\\\/\\\/www.keepingchildrensafe.global\\\/es\\\/#website\"},\"datePublished\":\"2025-10-20T23:00:00+00:00\",\"dateModified\":\"2025-10-22T12:22:27+00:00\",\"breadcrumb\":{\"@id\":\"https:\\\/\\\/www.keepingchildrensafe.global\\\/es\\\/semanapio2025\\\/proteccion-infantil-organizacional-en-eventos\\\/#breadcrumb\"},\"inLanguage\":\"es\",\"potentialAction\":[{\"@type\":\"ReadAction\",\"target\":[\"https:\\\/\\\/www.keepingchildrensafe.global\\\/es\\\/semanapio2025\\\/proteccion-infantil-organizacional-en-eventos\\\/\"]}]},{\"@type\":\"BreadcrumbList\",\"@id\":\"https:\\\/\\\/www.keepingchildrensafe.global\\\/es\\\/semanapio2025\\\/proteccion-infantil-organizacional-en-eventos\\\/#breadcrumb\",\"itemListElement\":[{\"@type\":\"ListItem\",\"position\":1,\"name\":\"Home\",\"item\":\"https:\\\/\\\/www.keepingchildrensafe.global\\\/es\\\/\"},{\"@type\":\"ListItem\",\"position\":2,\"name\":\"Semana Internacional de la Protecci\u00f3n Infantil Organizacional 2025\",\"item\":\"https:\\\/\\\/www.keepingchildrensafe.global\\\/es\\\/semanapio2025\\\/\"},{\"@type\":\"ListItem\",\"position\":3,\"name\":\"D\u00eda 2: Protecci\u00f3n infantil organizacional en eventos\"}]},{\"@type\":\"WebSite\",\"@id\":\"https:\\\/\\\/www.keepingchildrensafe.global\\\/es\\\/#website\",\"url\":\"https:\\\/\\\/www.keepingchildrensafe.global\\\/es\\\/\",\"name\":\"Keeping Children Safe\",\"description\":\"Setting tough International Child Safeguarding Standards\",\"publisher\":{\"@id\":\"https:\\\/\\\/www.keepingchildrensafe.global\\\/es\\\/#organization\"},\"potentialAction\":[{\"@type\":\"SearchAction\",\"target\":{\"@type\":\"EntryPoint\",\"urlTemplate\":\"https:\\\/\\\/www.keepingchildrensafe.global\\\/es\\\/?s={search_term_string}\"},\"query-input\":{\"@type\":\"PropertyValueSpecification\",\"valueRequired\":true,\"valueName\":\"search_term_string\"}}],\"inLanguage\":\"es\"},{\"@type\":\"Organization\",\"@id\":\"https:\\\/\\\/www.keepingchildrensafe.global\\\/es\\\/#organization\",\"name\":\"Keeping Children Safe\",\"url\":\"https:\\\/\\\/www.keepingchildrensafe.global\\\/es\\\/\",\"logo\":{\"@type\":\"ImageObject\",\"inLanguage\":\"es\",\"@id\":\"https:\\\/\\\/www.keepingchildrensafe.global\\\/es\\\/#\\\/schema\\\/logo\\\/image\\\/\",\"url\":\"https:\\\/\\\/kcs.webscapegardener.site\\\/wp-content\\\/uploads\\\/2023\\\/10\\\/kcs-header-logo.png\",\"contentUrl\":\"https:\\\/\\\/kcs.webscapegardener.site\\\/wp-content\\\/uploads\\\/2023\\\/10\\\/kcs-header-logo.png\",\"width\":204,\"height\":21,\"caption\":\"Keeping Children Safe\"},\"image\":{\"@id\":\"https:\\\/\\\/www.keepingchildrensafe.global\\\/es\\\/#\\\/schema\\\/logo\\\/image\\\/\"},\"sameAs\":[\"https:\\\/\\\/www.facebook.com\\\/KCSkeepingchildrensafe\",\"https:\\\/\\\/x.com\\\/keepchildsafe\",\"https:\\\/\\\/www.instagram.com\\\/keepingchildrensafe\\\/\",\"https:\\\/\\\/www.linkedin.com\\\/company\\\/keeping-children-safe-coalition\\\/\",\"https:\\\/\\\/vimeo.com\\\/keepingchildrensafe\"]}]}<\/script>\n<!-- \/ Yoast SEO plugin. -->","yoast_head_json":{"title":"D\u00eda 2: Protecci\u00f3n infantil organizacional en eventos - Keeping Children Safe","robots":{"index":"index","follow":"follow","max-snippet":"max-snippet:-1","max-image-preview":"max-image-preview:large","max-video-preview":"max-video-preview:-1"},"canonical":"https:\/\/www.keepingchildrensafe.global\/es\/semanapio2025\/proteccion-infantil-organizacional-en-eventos\/","og_locale":"es_ES","og_type":"article","og_title":"D\u00eda 2: Protecci\u00f3n infantil organizacional en eventos - Keeping Children Safe","og_description":"Cada d\u00eda de la Semana Internacional de Protecci\u00f3n Infantil Organizacional se centrar\u00e1 en diferentes aspectos pr\u00e1cticos de la protecci\u00f3n infantil organizacional, adaptados a las distintas \u00e1reas funcionales de las organizaciones. El D\u00eda 2 se centra en pr\u00e1cticas para proteger a ni\u00f1os, ni\u00f1as y adolescentes durante eventos de todo tipo. Eventos en vivo En l\u00ednea &#8211; [&hellip;]","og_url":"https:\/\/www.keepingchildrensafe.global\/es\/semanapio2025\/proteccion-infantil-organizacional-en-eventos\/","og_site_name":"Keeping Children Safe","article_publisher":"https:\/\/www.facebook.com\/KCSkeepingchildrensafe","article_modified_time":"2025-10-22T12:22:27+00:00","twitter_card":"summary_large_image","twitter_site":"@keepchildsafe","twitter_misc":{"Tiempo de lectura":"1 minuto"},"schema":{"@context":"https:\/\/schema.org","@graph":[{"@type":"WebPage","@id":"https:\/\/www.keepingchildrensafe.global\/es\/semanapio2025\/proteccion-infantil-organizacional-en-eventos\/","url":"https:\/\/www.keepingchildrensafe.global\/es\/semanapio2025\/proteccion-infantil-organizacional-en-eventos\/","name":"D\u00eda 2: Protecci\u00f3n infantil organizacional en eventos - Keeping Children Safe","isPartOf":{"@id":"https:\/\/www.keepingchildrensafe.global\/es\/#website"},"datePublished":"2025-10-20T23:00:00+00:00","dateModified":"2025-10-22T12:22:27+00:00","breadcrumb":{"@id":"https:\/\/www.keepingchildrensafe.global\/es\/semanapio2025\/proteccion-infantil-organizacional-en-eventos\/#breadcrumb"},"inLanguage":"es","potentialAction":[{"@type":"ReadAction","target":["https:\/\/www.keepingchildrensafe.global\/es\/semanapio2025\/proteccion-infantil-organizacional-en-eventos\/"]}]},{"@type":"BreadcrumbList","@id":"https:\/\/www.keepingchildrensafe.global\/es\/semanapio2025\/proteccion-infantil-organizacional-en-eventos\/#breadcrumb","itemListElement":[{"@type":"ListItem","position":1,"name":"Home","item":"https:\/\/www.keepingchildrensafe.global\/es\/"},{"@type":"ListItem","position":2,"name":"Semana Internacional de la Protecci\u00f3n Infantil Organizacional 2025","item":"https:\/\/www.keepingchildrensafe.global\/es\/semanapio2025\/"},{"@type":"ListItem","position":3,"name":"D\u00eda 2: Protecci\u00f3n infantil organizacional en eventos"}]},{"@type":"WebSite","@id":"https:\/\/www.keepingchildrensafe.global\/es\/#website","url":"https:\/\/www.keepingchildrensafe.global\/es\/","name":"Keeping Children Safe","description":"Setting tough International Child Safeguarding Standards","publisher":{"@id":"https:\/\/www.keepingchildrensafe.global\/es\/#organization"},"potentialAction":[{"@type":"SearchAction","target":{"@type":"EntryPoint","urlTemplate":"https:\/\/www.keepingchildrensafe.global\/es\/?s={search_term_string}"},"query-input":{"@type":"PropertyValueSpecification","valueRequired":true,"valueName":"search_term_string"}}],"inLanguage":"es"},{"@type":"Organization","@id":"https:\/\/www.keepingchildrensafe.global\/es\/#organization","name":"Keeping Children Safe","url":"https:\/\/www.keepingchildrensafe.global\/es\/","logo":{"@type":"ImageObject","inLanguage":"es","@id":"https:\/\/www.keepingchildrensafe.global\/es\/#\/schema\/logo\/image\/","url":"https:\/\/kcs.webscapegardener.site\/wp-content\/uploads\/2023\/10\/kcs-header-logo.png","contentUrl":"https:\/\/kcs.webscapegardener.site\/wp-content\/uploads\/2023\/10\/kcs-header-logo.png","width":204,"height":21,"caption":"Keeping Children Safe"},"image":{"@id":"https:\/\/www.keepingchildrensafe.global\/es\/#\/schema\/logo\/image\/"},"sameAs":["https:\/\/www.facebook.com\/KCSkeepingchildrensafe","https:\/\/x.com\/keepchildsafe","https:\/\/www.instagram.com\/keepingchildrensafe\/","https:\/\/www.linkedin.com\/company\/keeping-children-safe-coalition\/","https:\/\/vimeo.com\/keepingchildrensafe"]}]}},"_links":{"self":[{"href":"https:\/\/www.keepingchildrensafe.global\/es\/wp-json\/wp\/v2\/pages\/31434","targetHints":{"allow":["GET"]}}],"collection":[{"href":"https:\/\/www.keepingchildrensafe.global\/es\/wp-json\/wp\/v2\/pages"}],"about":[{"href":"https:\/\/www.keepingchildrensafe.global\/es\/wp-json\/wp\/v2\/types\/page"}],"author":[{"embeddable":true,"href":"https:\/\/www.keepingchildrensafe.global\/es\/wp-json\/wp\/v2\/users\/14"}],"replies":[{"embeddable":true,"href":"https:\/\/www.keepingchildrensafe.global\/es\/wp-json\/wp\/v2\/comments?post=31434"}],"version-history":[{"count":6,"href":"https:\/\/www.keepingchildrensafe.global\/es\/wp-json\/wp\/v2\/pages\/31434\/revisions"}],"predecessor-version":[{"id":31499,"href":"https:\/\/www.keepingchildrensafe.global\/es\/wp-json\/wp\/v2\/pages\/31434\/revisions\/31499"}],"up":[{"embeddable":true,"href":"https:\/\/www.keepingchildrensafe.global\/es\/wp-json\/wp\/v2\/pages\/30128"}],"wp:attachment":[{"href":"https:\/\/www.keepingchildrensafe.global\/es\/wp-json\/wp\/v2\/media?parent=31434"}],"curies":[{"name":"wp","href":"https:\/\/api.w.org\/{rel}","templated":true}]}}