{"id":31474,"date":"2025-10-19T22:58:48","date_gmt":"2025-10-19T21:58:48","guid":{"rendered":"https:\/\/www.keepingchildrensafe.global\/?page_id=31474"},"modified":"2025-10-22T18:41:09","modified_gmt":"2025-10-22T17:41:09","slug":"dia-3-ecosistemas-digitales-seguros-para-las-infancias","status":"publish","type":"page","link":"https:\/\/www.keepingchildrensafe.global\/es\/semanapio2025\/dia-3-ecosistemas-digitales-seguros-para-las-infancias\/","title":{"rendered":"D\u00eda 3: Ecosistemas digitales seguros para las infancias"},"content":{"rendered":"\n<p class=\"has-black-color has-text-color has-link-color has-medium-font-size wp-elements-13560c161e18eb48c0bc09621cd9f49b\">Cada d\u00eda de la Semana Internacional de Protecci\u00f3n Infantil Organizacional se centrar\u00e1 en diferentes aspectos pr\u00e1cticos de la protecci\u00f3n infantil organizacional, adaptados a las distintas \u00e1reas funcionales de las organizaciones. El tercer d\u00eda se centra en la protecci\u00f3n de la privacidad y los derechos de ni\u00f1os, ni\u00f1as y adolescentes en internet.<br\/><\/p>\n\n<div style=\"height:45px\" aria-hidden=\"true\" class=\"wp-block-spacer\"><\/div>\n\n<h2 class=\"wp-block-heading has-ast-global-color-5-color has-ast-global-color-3-background-color has-text-color has-background has-link-color wp-elements-61c06909d0ef247a8df7ac839b0a034c\" style=\"padding-top:0;padding-right:var(--wp--preset--spacing--30);padding-bottom:0;padding-left:var(--wp--preset--spacing--30)\">Art\u00edculos<\/h2>\n\n<div class=\"wp-block-columns is-layout-flex wp-container-core-columns-is-layout-28f84493 wp-block-columns-is-layout-flex\">\n<div class=\"wp-block-column is-layout-flow wp-block-column-is-layout-flow\">\n<div class=\"wp-block-essential-blocks-text root-eb-text-u0i53\"><div class=\"eb-parent-wrapper eb-parent-eb-text-u0i53 \"><div class=\"eb-text-wrapper eb-text-u0i53\" data-id=\"eb-text-u0i53\"><h5 class=\"eb-text\"><strong><strong>Kidfluencers y explotaci\u00f3n infantil<\/strong> <\/strong><\/h5><\/div><\/div><\/div>\n\n\n\n<p class=\"has-black-color has-text-color has-link-color wp-elements-8669877469d815d37f32beff136786d1\">A story about a research and campaign for protecting children on social media, by <a href=\"https:\/\/www.collectiveshout.org\/\" target=\"_blank\" rel=\"noreferrer noopener\"><span style=\"text-decoration: underline;\">Collective Shout<\/span><\/a> (Australia).<\/p>\n\n\n\n<p class=\"arrow-list\"><strong><a href=\"https:\/\/www.keepingchildrensafe.global\/wp-content\/uploads\/2025\/10\/Collective-Shout-EN-1.pdf\" target=\"_blank\" rel=\"noreferrer noopener\">Leer en ingl\u00e9s<\/a><\/strong><\/p>\n\n\n\n<p class=\"arrow-list\"><strong><a href=\"https:\/\/www.keepingchildrensafe.global\/wp-content\/uploads\/2025\/10\/Collective-Shout-SP.pdf\" target=\"_blank\" rel=\"noreferrer noopener\">Leer en espa\u00f1ol<\/a><\/strong><\/p>\n<\/div>\n\n\n\n<div class=\"wp-block-column is-layout-flow wp-block-column-is-layout-flow\">\n<div class=\"wp-block-essential-blocks-text root-eb-text-gfsgk\"><div class=\"eb-parent-wrapper eb-parent-eb-text-gfsgk \"><div class=\"eb-text-wrapper eb-text-gfsgk\" data-id=\"eb-text-gfsgk\"><h5 class=\"eb-text\"><strong><strong><strong>Ayudar a los adolescentes a tomar decisiones seguras en Internet<\/strong><\/strong><\/strong><\/h5><\/div><\/div><\/div>\n\n\n\n<p class=\"has-black-color has-text-color has-link-color wp-elements-c2b3aa6dff805800cd4b82eaa5c938da\">La fundaci\u00f3n <span style=\"text-decoration: underline;\"><a href=\"https:\/\/www.lucyfaithfull.org.uk\/\" target=\"_blank\" rel=\"noreferrer noopener\">Lucy Faithfull<\/a><\/span> (Reino Unido) comparte sus recursos para ayudar a ni\u00f1os, ni\u00f1as y adolescentes a usar internet de forma segura y una l\u00ednea de ayuda an\u00f3nima para adolescentes preocupados por comportamiento sexual.<\/p>\n\n\n\n<p class=\"arrow-list\"><strong><a href=\"https:\/\/www.keepingchildrensafe.global\/wp-content\/uploads\/2025\/10\/Lucy-Faithfull-EN-1.pdf\" target=\"_blank\" rel=\"noreferrer noopener\">Leer en ingl\u00e9s<\/a><\/strong><\/p>\n\n\n\n<p class=\"arrow-list\"><strong><a href=\"https:\/\/www.keepingchildrensafe.global\/wp-content\/uploads\/2025\/10\/Lucy-Faithfull-SP.pdf\" target=\"_blank\" rel=\"noreferrer noopener\">Leer en espa\u00f1ol<\/a><\/strong><\/p>\n<\/div>\n\n\n\n<div class=\"wp-block-column is-layout-flow wp-block-column-is-layout-flow\">\n<div class=\"wp-block-essential-blocks-text root-eb-text-urbwt\"><div class=\"eb-parent-wrapper eb-parent-eb-text-urbwt \"><div class=\"eb-text-wrapper eb-text-urbwt\" data-id=\"eb-text-urbwt\"><h5 class=\"eb-text\"><strong>La campa\u00f1a ConectadaSOS para promover un uso seguro de internet<\/strong>  <\/h5><\/div><\/div><\/div>\n\n\n\n<p class=\"has-black-color has-text-color has-link-color wp-elements-4c686be06259d65ef188b949160fd07a\">In this article, find <span style=\"text-decoration: underline;\"><a href=\"https:\/\/www.aldeasinfantiles.org.pe\/\" target=\"_blank\" rel=\"noreferrer noopener\">SOS Children&#8217;s Villages<\/a><\/span>&#8216;s (Peru) resources to promote safe virtual environments for children.<\/p>\n\n\n\n<p class=\"arrow-list\"><strong><a href=\"https:\/\/www.keepingchildrensafe.global\/wp-content\/uploads\/2025\/10\/SOS-CV-Peru-EN-2.pdf\" target=\"_blank\" rel=\"noreferrer noopener\">Leer en ingl\u00e9s<\/a><\/strong><\/p>\n\n\n\n<p class=\"arrow-list\"><strong><a href=\"https:\/\/www.keepingchildrensafe.global\/wp-content\/uploads\/2025\/10\/SOS-CV-Peru-EN-1.pdf\" target=\"_blank\" rel=\"noreferrer noopener\">Leer en espa\u00f1ol<\/a><\/strong><\/p>\n<\/div>\n<\/div>\n\n<div style=\"height:15px\" aria-hidden=\"true\" class=\"wp-block-spacer\"><\/div>\n\n<h2 class=\"wp-block-heading has-black-color has-ast-global-color-6-background-color has-text-color has-background has-link-color wp-elements-fc6210a74db7de18a46dfd2db43c16e1\" style=\"padding-top:0;padding-right:var(--wp--preset--spacing--20);padding-bottom:0;padding-left:var(--wp--preset--spacing--20)\">Recursos<\/h2>\n\n<div class=\"wp-block-columns is-layout-flex wp-container-core-columns-is-layout-28f84493 wp-block-columns-is-layout-flex\">\n<div class=\"wp-block-column is-layout-flow wp-block-column-is-layout-flow\">\n<div class=\"wp-block-essential-blocks-text root-eb-text-pm7qb\"><div class=\"eb-parent-wrapper eb-parent-eb-text-pm7qb \"><div class=\"eb-text-wrapper eb-text-pm7qb\" data-id=\"eb-text-pm7qb\"><h5 class=\"eb-text\"><strong><strong><strong>Campa\u00f1a ConectadaSOS<\/strong><\/strong><\/strong><\/h5><\/div><\/div><\/div>\n\n\n\n<p class=\"has-black-color has-text-color has-link-color wp-elements-8f35730b9ae622a46f0205aec120a2f1\">By <a href=\"https:\/\/www.aldeasinfantiles.org.pe\/\" target=\"_blank\" rel=\"noreferrer noopener\"><span style=\"text-decoration: underline;\">SOS Children&#8217;s Villages<\/span><\/a> (Peru)<\/p>\n\n\n\n<div class=\"wp-block-buttons is-layout-flex wp-block-buttons-is-layout-flex\">\n<div class=\"wp-block-button\"><a class=\"wp-block-button__link wp-element-button\" href=\"https:\/\/www.keepingchildrensafe.global\/wp-content\/uploads\/2025\/10\/Campana-ConectadaSOS.pdf\" target=\"_blank\" rel=\"noreferrer noopener\"><strong>Descargar en espa\u00f1ol<\/strong><\/a><\/div>\n<\/div>\n<\/div>\n\n\n\n<div class=\"wp-block-column is-layout-flow wp-block-column-is-layout-flow\"><\/div>\n\n\n\n<div class=\"wp-block-column is-layout-flow wp-block-column-is-layout-flow\"><\/div>\n<\/div>\n\n<div style=\"height:15px\" aria-hidden=\"true\" class=\"wp-block-spacer\"><\/div>\n\n<h2 class=\"wp-block-heading has-ast-global-color-5-color has-ast-global-color-0-background-color has-text-color has-background has-link-color wp-elements-709943ed45b478ccbc33b2efa6599b6d\" style=\"padding-top:0;padding-right:var(--wp--preset--spacing--30);padding-bottom:0;padding-left:var(--wp--preset--spacing--30)\">Microaprendizajes<\/h2>\n\n<div class=\"wp-block-columns is-layout-flex wp-container-core-columns-is-layout-28f84493 wp-block-columns-is-layout-flex\">\n<div class=\"wp-block-column is-layout-flow wp-block-column-is-layout-flow\">\n<figure class=\"wp-block-image size-full\"><img decoding=\"async\" data-src=\"https:\/\/www.keepingchildrensafe.global\/wp-content\/uploads\/2025\/10\/Screenshot-2025-10-19-at-23.52.14.png\" alt=\"\" class=\"wp-image-31356 lazyload\" src=\"data:image\/svg+xml;base64,PHN2ZyB3aWR0aD0iMSIgaGVpZ2h0PSIxIiB4bWxucz0iaHR0cDovL3d3dy53My5vcmcvMjAwMC9zdmciPjwvc3ZnPg==\" style=\"--smush-placeholder-width: 3452px; --smush-placeholder-aspect-ratio: 3452\/1778;\" \/><\/figure>\n<\/div>\n\n\n\n<div class=\"wp-block-column is-layout-flow wp-block-column-is-layout-flow\">\n<div class=\"wp-block-essential-blocks-text root-eb-text-sw1w9\"><div class=\"eb-parent-wrapper eb-parent-eb-text-sw1w9 \"><div class=\"eb-text-wrapper eb-text-sw1w9\" data-id=\"eb-text-sw1w9\"><h5 class=\"eb-text\"><strong>Introducci\u00f3n a la protecci\u00f3n infantil organizacional en proyectos de comunicaci\u00f3n<\/strong><\/h5><\/div><\/div><\/div>\n\n\n\n<p>Por Keeping Children Safe<\/p>\n\n\n\n<p class=\"arrow-list\"><strong><a href=\"https:\/\/rise.articulate.com\/share\/0TfINy_8cYMSQxn9IAvgLTkwRjkKwIrv\" target=\"_blank\" rel=\"noreferrer noopener\">Tomar este curso en ingl\u00e9s<\/a><\/strong><\/p>\n\n\n\n<p class=\"arrow-list\"><strong><a href=\"https:\/\/rise.articulate.com\/share\/Lk-7PGQAbw6zacAiuXtdW2-jpyDXy7Th\" target=\"_blank\" rel=\"noreferrer noopener\">Tomar este curso en espa\u00f1ol<\/a><\/strong><\/p>\n\n\n\n<p class=\"arrow-list\"><strong><a href=\"https:\/\/rise.articulate.com\/share\/rdqMt7rNYutr1bL1X5KKLr0smKDWm5up\" target=\"_blank\" rel=\"noreferrer noopener\">Tomar este curso en portugu\u00e9s<\/a><\/strong><\/p>\n<\/div>\n<\/div>\n\n<div style=\"height:90px\" aria-hidden=\"true\" class=\"wp-block-spacer\"><\/div>\n","protected":false},"excerpt":{"rendered":"<p>Cada d\u00eda de la Semana Internacional de Protecci\u00f3n Infantil Organizacional se centrar\u00e1 en diferentes aspectos pr\u00e1cticos de la protecci\u00f3n infantil organizacional, adaptados a las distintas \u00e1reas funcionales de las organizaciones. El tercer d\u00eda se centra en la protecci\u00f3n de la privacidad y los derechos de ni\u00f1os, ni\u00f1as y adolescentes en internet. Art\u00edculos A story about [&hellip;]<\/p>\n","protected":false},"author":14,"featured_media":0,"parent":30128,"menu_order":0,"comment_status":"closed","ping_status":"closed","template":"","meta":{"_acf_changed":false,"_eb_attr":"","site-sidebar-layout":"default","site-content-layout":"","ast-site-content-layout":"default","site-content-style":"default","site-sidebar-style":"default","ast-global-header-display":"","ast-banner-title-visibility":"","ast-main-header-display":"","ast-hfb-above-header-display":"","ast-hfb-below-header-display":"","ast-hfb-mobile-header-display":"","site-post-title":"","ast-breadcrumbs-content":"","ast-featured-img":"","footer-sml-layout":"","ast-disable-related-posts":"","theme-transparent-header-meta":"","adv-header-id-meta":"","stick-header-meta":"","header-above-stick-meta":"","header-main-stick-meta":"","header-below-stick-meta":"","astra-migrate-meta-layouts":"set","ast-page-background-enabled":"default","ast-page-background-meta":{"desktop":{"background-color":"var(--ast-global-color-4)","background-image":"","background-repeat":"repeat","background-position":"center center","background-size":"auto","background-attachment":"scroll","background-type":"","background-media":"","overlay-type":"","overlay-color":"","overlay-opacity":"","overlay-gradient":""},"tablet":{"background-color":"","background-image":"","background-repeat":"repeat","background-position":"center center","background-size":"auto","background-attachment":"scroll","background-type":"","background-media":"","overlay-type":"","overlay-color":"","overlay-opacity":"","overlay-gradient":""},"mobile":{"background-color":"","background-image":"","background-repeat":"repeat","background-position":"center center","background-size":"auto","background-attachment":"scroll","background-type":"","background-media":"","overlay-type":"","overlay-color":"","overlay-opacity":"","overlay-gradient":""}},"ast-content-background-meta":{"desktop":{"background-color":"var(--ast-global-color-5)","background-image":"","background-repeat":"repeat","background-position":"center center","background-size":"auto","background-attachment":"scroll","background-type":"","background-media":"","overlay-type":"","overlay-color":"","overlay-opacity":"","overlay-gradient":""},"tablet":{"background-color":"var(--ast-global-color-5)","background-image":"","background-repeat":"repeat","background-position":"center center","background-size":"auto","background-attachment":"scroll","background-type":"","background-media":"","overlay-type":"","overlay-color":"","overlay-opacity":"","overlay-gradient":""},"mobile":{"background-color":"var(--ast-global-color-5)","background-image":"","background-repeat":"repeat","background-position":"center center","background-size":"auto","background-attachment":"scroll","background-type":"","background-media":"","overlay-type":"","overlay-color":"","overlay-opacity":"","overlay-gradient":""}},"footnotes":""},"class_list":["post-31474","page","type-page","status-publish","hentry"],"acf":[],"yoast_head":"<!-- This site is optimized with the Yoast SEO plugin v27.3 - https:\/\/yoast.com\/product\/yoast-seo-wordpress\/ -->\n<title>D\u00eda 3: Ecosistemas digitales seguros para las infancias - Keeping Children Safe<\/title>\n<meta name=\"robots\" content=\"index, follow, max-snippet:-1, max-image-preview:large, max-video-preview:-1\" \/>\n<link rel=\"canonical\" href=\"https:\/\/www.keepingchildrensafe.global\/es\/semanapio2025\/dia-3-ecosistemas-digitales-seguros-para-las-infancias\/\" \/>\n<meta property=\"og:locale\" content=\"es_ES\" \/>\n<meta property=\"og:type\" content=\"article\" \/>\n<meta property=\"og:title\" content=\"D\u00eda 3: Ecosistemas digitales seguros para las infancias - Keeping Children Safe\" \/>\n<meta property=\"og:description\" content=\"Cada d\u00eda de la Semana Internacional de Protecci\u00f3n Infantil Organizacional se centrar\u00e1 en diferentes aspectos pr\u00e1cticos de la protecci\u00f3n infantil organizacional, adaptados a las distintas \u00e1reas funcionales de las organizaciones. El tercer d\u00eda se centra en la protecci\u00f3n de la privacidad y los derechos de ni\u00f1os, ni\u00f1as y adolescentes en internet. Art\u00edculos A story about [&hellip;]\" \/>\n<meta property=\"og:url\" content=\"https:\/\/www.keepingchildrensafe.global\/es\/semanapio2025\/dia-3-ecosistemas-digitales-seguros-para-las-infancias\/\" \/>\n<meta property=\"og:site_name\" content=\"Keeping Children Safe\" \/>\n<meta property=\"article:publisher\" content=\"https:\/\/www.facebook.com\/KCSkeepingchildrensafe\" \/>\n<meta property=\"article:modified_time\" content=\"2025-10-22T17:41:09+00:00\" \/>\n<meta property=\"og:image\" content=\"https:\/\/www.keepingchildrensafe.global\/wp-content\/uploads\/2025\/10\/Screenshot-2025-10-19-at-23.52.14.png\" \/>\n\t<meta property=\"og:image:width\" content=\"1\" \/>\n\t<meta property=\"og:image:height\" content=\"1\" \/>\n\t<meta property=\"og:image:type\" content=\"image\/png\" \/>\n<meta name=\"twitter:card\" content=\"summary_large_image\" \/>\n<meta name=\"twitter:site\" content=\"@keepchildsafe\" \/>\n<meta name=\"twitter:label1\" content=\"Tiempo de lectura\" \/>\n\t<meta name=\"twitter:data1\" content=\"2 minutos\" \/>\n<script type=\"application\/ld+json\" class=\"yoast-schema-graph\">{\"@context\":\"https:\\\/\\\/schema.org\",\"@graph\":[{\"@type\":\"WebPage\",\"@id\":\"https:\\\/\\\/www.keepingchildrensafe.global\\\/es\\\/semanapio2025\\\/dia-3-ecosistemas-digitales-seguros-para-las-infancias\\\/\",\"url\":\"https:\\\/\\\/www.keepingchildrensafe.global\\\/es\\\/semanapio2025\\\/dia-3-ecosistemas-digitales-seguros-para-las-infancias\\\/\",\"name\":\"D\u00eda 3: Ecosistemas digitales seguros para las infancias - Keeping Children Safe\",\"isPartOf\":{\"@id\":\"https:\\\/\\\/www.keepingchildrensafe.global\\\/es\\\/#website\"},\"primaryImageOfPage\":{\"@id\":\"https:\\\/\\\/www.keepingchildrensafe.global\\\/es\\\/semanapio2025\\\/dia-3-ecosistemas-digitales-seguros-para-las-infancias\\\/#primaryimage\"},\"image\":{\"@id\":\"https:\\\/\\\/www.keepingchildrensafe.global\\\/es\\\/semanapio2025\\\/dia-3-ecosistemas-digitales-seguros-para-las-infancias\\\/#primaryimage\"},\"thumbnailUrl\":\"https:\\\/\\\/www.keepingchildrensafe.global\\\/wp-content\\\/uploads\\\/2025\\\/10\\\/Screenshot-2025-10-19-at-23.52.14.png\",\"datePublished\":\"2025-10-19T21:58:48+00:00\",\"dateModified\":\"2025-10-22T17:41:09+00:00\",\"breadcrumb\":{\"@id\":\"https:\\\/\\\/www.keepingchildrensafe.global\\\/es\\\/semanapio2025\\\/dia-3-ecosistemas-digitales-seguros-para-las-infancias\\\/#breadcrumb\"},\"inLanguage\":\"es\",\"potentialAction\":[{\"@type\":\"ReadAction\",\"target\":[\"https:\\\/\\\/www.keepingchildrensafe.global\\\/es\\\/semanapio2025\\\/dia-3-ecosistemas-digitales-seguros-para-las-infancias\\\/\"]}]},{\"@type\":\"ImageObject\",\"inLanguage\":\"es\",\"@id\":\"https:\\\/\\\/www.keepingchildrensafe.global\\\/es\\\/semanapio2025\\\/dia-3-ecosistemas-digitales-seguros-para-las-infancias\\\/#primaryimage\",\"url\":\"https:\\\/\\\/www.keepingchildrensafe.global\\\/wp-content\\\/uploads\\\/2025\\\/10\\\/Screenshot-2025-10-19-at-23.52.14.png\",\"contentUrl\":\"https:\\\/\\\/www.keepingchildrensafe.global\\\/wp-content\\\/uploads\\\/2025\\\/10\\\/Screenshot-2025-10-19-at-23.52.14.png\"},{\"@type\":\"BreadcrumbList\",\"@id\":\"https:\\\/\\\/www.keepingchildrensafe.global\\\/es\\\/semanapio2025\\\/dia-3-ecosistemas-digitales-seguros-para-las-infancias\\\/#breadcrumb\",\"itemListElement\":[{\"@type\":\"ListItem\",\"position\":1,\"name\":\"Home\",\"item\":\"https:\\\/\\\/www.keepingchildrensafe.global\\\/es\\\/\"},{\"@type\":\"ListItem\",\"position\":2,\"name\":\"Semana Internacional de la Protecci\u00f3n Infantil Organizacional 2025\",\"item\":\"https:\\\/\\\/www.keepingchildrensafe.global\\\/es\\\/semanapio2025\\\/\"},{\"@type\":\"ListItem\",\"position\":3,\"name\":\"D\u00eda 3: Ecosistemas digitales seguros para las infancias\"}]},{\"@type\":\"WebSite\",\"@id\":\"https:\\\/\\\/www.keepingchildrensafe.global\\\/es\\\/#website\",\"url\":\"https:\\\/\\\/www.keepingchildrensafe.global\\\/es\\\/\",\"name\":\"Keeping Children Safe\",\"description\":\"Setting tough International Child Safeguarding Standards\",\"publisher\":{\"@id\":\"https:\\\/\\\/www.keepingchildrensafe.global\\\/es\\\/#organization\"},\"potentialAction\":[{\"@type\":\"SearchAction\",\"target\":{\"@type\":\"EntryPoint\",\"urlTemplate\":\"https:\\\/\\\/www.keepingchildrensafe.global\\\/es\\\/?s={search_term_string}\"},\"query-input\":{\"@type\":\"PropertyValueSpecification\",\"valueRequired\":true,\"valueName\":\"search_term_string\"}}],\"inLanguage\":\"es\"},{\"@type\":\"Organization\",\"@id\":\"https:\\\/\\\/www.keepingchildrensafe.global\\\/es\\\/#organization\",\"name\":\"Keeping Children Safe\",\"url\":\"https:\\\/\\\/www.keepingchildrensafe.global\\\/es\\\/\",\"logo\":{\"@type\":\"ImageObject\",\"inLanguage\":\"es\",\"@id\":\"https:\\\/\\\/www.keepingchildrensafe.global\\\/es\\\/#\\\/schema\\\/logo\\\/image\\\/\",\"url\":\"https:\\\/\\\/kcs.webscapegardener.site\\\/wp-content\\\/uploads\\\/2023\\\/10\\\/kcs-header-logo.png\",\"contentUrl\":\"https:\\\/\\\/kcs.webscapegardener.site\\\/wp-content\\\/uploads\\\/2023\\\/10\\\/kcs-header-logo.png\",\"width\":204,\"height\":21,\"caption\":\"Keeping Children Safe\"},\"image\":{\"@id\":\"https:\\\/\\\/www.keepingchildrensafe.global\\\/es\\\/#\\\/schema\\\/logo\\\/image\\\/\"},\"sameAs\":[\"https:\\\/\\\/www.facebook.com\\\/KCSkeepingchildrensafe\",\"https:\\\/\\\/x.com\\\/keepchildsafe\",\"https:\\\/\\\/www.instagram.com\\\/keepingchildrensafe\\\/\",\"https:\\\/\\\/www.linkedin.com\\\/company\\\/keeping-children-safe-coalition\\\/\",\"https:\\\/\\\/vimeo.com\\\/keepingchildrensafe\"]}]}<\/script>\n<!-- \/ Yoast SEO plugin. -->","yoast_head_json":{"title":"D\u00eda 3: Ecosistemas digitales seguros para las infancias - Keeping Children Safe","robots":{"index":"index","follow":"follow","max-snippet":"max-snippet:-1","max-image-preview":"max-image-preview:large","max-video-preview":"max-video-preview:-1"},"canonical":"https:\/\/www.keepingchildrensafe.global\/es\/semanapio2025\/dia-3-ecosistemas-digitales-seguros-para-las-infancias\/","og_locale":"es_ES","og_type":"article","og_title":"D\u00eda 3: Ecosistemas digitales seguros para las infancias - Keeping Children Safe","og_description":"Cada d\u00eda de la Semana Internacional de Protecci\u00f3n Infantil Organizacional se centrar\u00e1 en diferentes aspectos pr\u00e1cticos de la protecci\u00f3n infantil organizacional, adaptados a las distintas \u00e1reas funcionales de las organizaciones. El tercer d\u00eda se centra en la protecci\u00f3n de la privacidad y los derechos de ni\u00f1os, ni\u00f1as y adolescentes en internet. Art\u00edculos A story about [&hellip;]","og_url":"https:\/\/www.keepingchildrensafe.global\/es\/semanapio2025\/dia-3-ecosistemas-digitales-seguros-para-las-infancias\/","og_site_name":"Keeping Children Safe","article_publisher":"https:\/\/www.facebook.com\/KCSkeepingchildrensafe","article_modified_time":"2025-10-22T17:41:09+00:00","og_image":[{"url":"https:\/\/www.keepingchildrensafe.global\/wp-content\/uploads\/2025\/10\/Screenshot-2025-10-19-at-23.52.14.png","width":1,"height":1,"type":"image\/png"}],"twitter_card":"summary_large_image","twitter_site":"@keepchildsafe","twitter_misc":{"Tiempo de lectura":"2 minutos"},"schema":{"@context":"https:\/\/schema.org","@graph":[{"@type":"WebPage","@id":"https:\/\/www.keepingchildrensafe.global\/es\/semanapio2025\/dia-3-ecosistemas-digitales-seguros-para-las-infancias\/","url":"https:\/\/www.keepingchildrensafe.global\/es\/semanapio2025\/dia-3-ecosistemas-digitales-seguros-para-las-infancias\/","name":"D\u00eda 3: Ecosistemas digitales seguros para las infancias - Keeping Children Safe","isPartOf":{"@id":"https:\/\/www.keepingchildrensafe.global\/es\/#website"},"primaryImageOfPage":{"@id":"https:\/\/www.keepingchildrensafe.global\/es\/semanapio2025\/dia-3-ecosistemas-digitales-seguros-para-las-infancias\/#primaryimage"},"image":{"@id":"https:\/\/www.keepingchildrensafe.global\/es\/semanapio2025\/dia-3-ecosistemas-digitales-seguros-para-las-infancias\/#primaryimage"},"thumbnailUrl":"https:\/\/www.keepingchildrensafe.global\/wp-content\/uploads\/2025\/10\/Screenshot-2025-10-19-at-23.52.14.png","datePublished":"2025-10-19T21:58:48+00:00","dateModified":"2025-10-22T17:41:09+00:00","breadcrumb":{"@id":"https:\/\/www.keepingchildrensafe.global\/es\/semanapio2025\/dia-3-ecosistemas-digitales-seguros-para-las-infancias\/#breadcrumb"},"inLanguage":"es","potentialAction":[{"@type":"ReadAction","target":["https:\/\/www.keepingchildrensafe.global\/es\/semanapio2025\/dia-3-ecosistemas-digitales-seguros-para-las-infancias\/"]}]},{"@type":"ImageObject","inLanguage":"es","@id":"https:\/\/www.keepingchildrensafe.global\/es\/semanapio2025\/dia-3-ecosistemas-digitales-seguros-para-las-infancias\/#primaryimage","url":"https:\/\/www.keepingchildrensafe.global\/wp-content\/uploads\/2025\/10\/Screenshot-2025-10-19-at-23.52.14.png","contentUrl":"https:\/\/www.keepingchildrensafe.global\/wp-content\/uploads\/2025\/10\/Screenshot-2025-10-19-at-23.52.14.png"},{"@type":"BreadcrumbList","@id":"https:\/\/www.keepingchildrensafe.global\/es\/semanapio2025\/dia-3-ecosistemas-digitales-seguros-para-las-infancias\/#breadcrumb","itemListElement":[{"@type":"ListItem","position":1,"name":"Home","item":"https:\/\/www.keepingchildrensafe.global\/es\/"},{"@type":"ListItem","position":2,"name":"Semana Internacional de la Protecci\u00f3n Infantil Organizacional 2025","item":"https:\/\/www.keepingchildrensafe.global\/es\/semanapio2025\/"},{"@type":"ListItem","position":3,"name":"D\u00eda 3: Ecosistemas digitales seguros para las infancias"}]},{"@type":"WebSite","@id":"https:\/\/www.keepingchildrensafe.global\/es\/#website","url":"https:\/\/www.keepingchildrensafe.global\/es\/","name":"Keeping Children Safe","description":"Setting tough International Child Safeguarding Standards","publisher":{"@id":"https:\/\/www.keepingchildrensafe.global\/es\/#organization"},"potentialAction":[{"@type":"SearchAction","target":{"@type":"EntryPoint","urlTemplate":"https:\/\/www.keepingchildrensafe.global\/es\/?s={search_term_string}"},"query-input":{"@type":"PropertyValueSpecification","valueRequired":true,"valueName":"search_term_string"}}],"inLanguage":"es"},{"@type":"Organization","@id":"https:\/\/www.keepingchildrensafe.global\/es\/#organization","name":"Keeping Children Safe","url":"https:\/\/www.keepingchildrensafe.global\/es\/","logo":{"@type":"ImageObject","inLanguage":"es","@id":"https:\/\/www.keepingchildrensafe.global\/es\/#\/schema\/logo\/image\/","url":"https:\/\/kcs.webscapegardener.site\/wp-content\/uploads\/2023\/10\/kcs-header-logo.png","contentUrl":"https:\/\/kcs.webscapegardener.site\/wp-content\/uploads\/2023\/10\/kcs-header-logo.png","width":204,"height":21,"caption":"Keeping Children Safe"},"image":{"@id":"https:\/\/www.keepingchildrensafe.global\/es\/#\/schema\/logo\/image\/"},"sameAs":["https:\/\/www.facebook.com\/KCSkeepingchildrensafe","https:\/\/x.com\/keepchildsafe","https:\/\/www.instagram.com\/keepingchildrensafe\/","https:\/\/www.linkedin.com\/company\/keeping-children-safe-coalition\/","https:\/\/vimeo.com\/keepingchildrensafe"]}]}},"_links":{"self":[{"href":"https:\/\/www.keepingchildrensafe.global\/es\/wp-json\/wp\/v2\/pages\/31474","targetHints":{"allow":["GET"]}}],"collection":[{"href":"https:\/\/www.keepingchildrensafe.global\/es\/wp-json\/wp\/v2\/pages"}],"about":[{"href":"https:\/\/www.keepingchildrensafe.global\/es\/wp-json\/wp\/v2\/types\/page"}],"author":[{"embeddable":true,"href":"https:\/\/www.keepingchildrensafe.global\/es\/wp-json\/wp\/v2\/users\/14"}],"replies":[{"embeddable":true,"href":"https:\/\/www.keepingchildrensafe.global\/es\/wp-json\/wp\/v2\/comments?post=31474"}],"version-history":[{"count":5,"href":"https:\/\/www.keepingchildrensafe.global\/es\/wp-json\/wp\/v2\/pages\/31474\/revisions"}],"predecessor-version":[{"id":31516,"href":"https:\/\/www.keepingchildrensafe.global\/es\/wp-json\/wp\/v2\/pages\/31474\/revisions\/31516"}],"up":[{"embeddable":true,"href":"https:\/\/www.keepingchildrensafe.global\/es\/wp-json\/wp\/v2\/pages\/30128"}],"wp:attachment":[{"href":"https:\/\/www.keepingchildrensafe.global\/es\/wp-json\/wp\/v2\/media?parent=31474"}],"curies":[{"name":"wp","href":"https:\/\/api.w.org\/{rel}","templated":true}]}}