{"id":31574,"date":"2025-10-24T11:49:14","date_gmt":"2025-10-24T10:49:14","guid":{"rendered":"https:\/\/www.keepingchildrensafe.global\/?page_id=31574"},"modified":"2025-10-27T12:51:00","modified_gmt":"2025-10-27T12:51:00","slug":"campeonato-proteccion-infantil-organizacional-2025","status":"publish","type":"page","link":"https:\/\/www.keepingchildrensafe.global\/es\/semanapio2025\/campeonato-proteccion-infantil-organizacional-2025\/","title":{"rendered":"Campeonato de Protecci\u00f3n Infantil Organizacional 2025"},"content":{"rendered":"\n<p class=\"has-medium-font-size\">Para concluir nuestra Semana Internacional de Protecci\u00f3n Infantil Organizacional, ponemos el foco en las personas que se dedican a velar por la seguridad de ni\u00f1os, ni\u00f1as y adolescentes y que han tenido un impacto significativo en la protecci\u00f3n infantil de sus comunidades.<\/p>\n\n<div class=\"wp-block-columns is-layout-flex wp-container-core-columns-is-layout-28f84493 wp-block-columns-is-layout-flex\">\n<div class=\"wp-block-column is-layout-flow wp-block-column-is-layout-flow\" style=\"flex-basis:66.66%\">\n<figure class=\"wp-block-image size-full\"><img decoding=\"async\" width=\"1920\" height=\"1080\" data-src=\"https:\/\/www.keepingchildrensafe.global\/wp-content\/uploads\/2025\/10\/cs-champion-site-1.jpg\" alt=\"\" class=\"wp-image-31558 lazyload\" src=\"data:image\/svg+xml;base64,PHN2ZyB3aWR0aD0iMSIgaGVpZ2h0PSIxIiB4bWxucz0iaHR0cDovL3d3dy53My5vcmcvMjAwMC9zdmciPjwvc3ZnPg==\" style=\"--smush-placeholder-width: 1920px; --smush-placeholder-aspect-ratio: 1920\/1080;\" \/><\/figure>\n\n\n\n<div style=\"height:42px\" aria-hidden=\"true\" class=\"wp-block-spacer\"><\/div>\n<\/div>\n\n\n\n<div class=\"wp-block-column is-layout-flow wp-block-column-is-layout-flow\" style=\"flex-basis:33.33%\">\n<div class=\"wp-block-essential-blocks-text root-eb-text-y0w3w\"><div class=\"eb-parent-wrapper eb-parent-eb-text-y0w3w \"><div class=\"eb-text-wrapper eb-text-y0w3w\" data-id=\"eb-text-y0w3w\"><p class=\"eb-text\">Nos complace compartir que Janet Aguti, fundadora y directora de Totya Platform, ha sido seleccionada por el comit\u00e9 independiente de KCS como Campeona de Protecci\u00f3n Infantil Organizacional de 2025.<br><br>Reconocemos a Janet por sus excepcionales esfuerzos para prevenir el abuso sexual y brindar apoyo a sobrevivientes, integrando en su trabajo atenci\u00f3n m\u00e9dica de emergencia, acompa\u00f1amiento psicosocial, asistencia jur\u00eddica y prevenci\u00f3n comunitaria.<\/p><\/div><\/div><\/div>\n\n\n\n<div class=\"wp-block-essential-blocks-button root-eb-button-a20rc\"><div class=\"eb-parent-wrapper eb-parent-eb-button-a20rc \"><div class=\"eb-button-wrapper eb-button-alignment eb-button-a20rc\"><div class=\"eb-button\"><div class=\"eb-button-inner-wrapper \"><a class=\"eb-button-anchor \" href=\"https:\/\/www.keepingchildrensafe.global\/es\/blog\/2025\/10\/24\/campeona-2025-janet-aguti\/\" rel=\"noopener\"><strong>Leer m\u00e1s<\/strong><\/a><\/div><\/div><\/div><\/div><\/div>\n<\/div>\n<\/div>\n\n<h2 class=\"wp-block-heading has-ast-global-color-4-color has-ast-global-color-3-background-color has-text-color has-background has-link-color wp-elements-a5dfb270d256d693b88d01f864d5c4b1\">Menciones especiales<\/h2>\n\n<div class=\"wp-block-columns is-layout-flex wp-container-core-columns-is-layout-28f84493 wp-block-columns-is-layout-flex\">\n<div class=\"wp-block-column is-layout-flow wp-block-column-is-layout-flow\">\n<h3 class=\"wp-block-heading\"><strong>Veronicah Khatsika Mukati<\/strong><\/h3>\n\n\n\n<p>Nuestro comit\u00e9 independiente desea reconocer a Veronicah por su liderazgo proactivo en el Centro Reuben, donde trabaja como L\u00edder de Programas.<\/p>\n\n\n\n<p>Sus habilidades han ayudado al Centro a fortalecer alianzas que garantizan una respuesta r\u00e1pida frente a problemas de protecci\u00f3n infantil. Adem\u00e1s, mediante la implementaci\u00f3n de buenas pr\u00e1cticas como el monitoreo, las evaluaciones de riesgos y las revisiones de pol\u00edticas, ha fomentado una s\u00f3lida cultura de protecci\u00f3n infantil en la organizaci\u00f3n. <\/p>\n\n\n\n<p>A trav\u00e9s de la capacitaci\u00f3n continua sobre la protecci\u00f3n infantlil organizacional y los derechos de los ni\u00f1os, su organizaci\u00f3n est\u00e1 empoderando a ni\u00f1os, ni\u00f1as y adolescentes para que alcen la voz contra el abuso y sepan c\u00f3mo buscar ayuda en caso de que ocurra.<\/p>\n\n\n\n<p>En la actualidad, m\u00e1s de 4000 ni\u00f1os, ni\u00f1as y adolescentes aprenden en un entorno m\u00e1s seguro gracias a los esfuerzos de Veronicah y del Centro Reuben.<\/p>\n<\/div>\n\n\n\n<div class=\"wp-block-column is-layout-flow wp-block-column-is-layout-flow\">\n<h3 class=\"wp-block-heading\"><strong><strong>Tush Wickramanayaka<\/strong><\/strong><\/h3>\n\n\n\n<p>Nuestro comit\u00e9 independiente reconoce el trabajo que Tush ha estado realizando como parte de Stop Child Cruelty Trust y Child Protection Alliance.<\/p>\n\n\n\n<p>Tush ha generado cambios en favor de los derechos de los ni\u00f1os mediante educaci\u00f3n de la sociedad, elaboraci\u00f3n de pol\u00edticas, participaci\u00f3n activa en los medios de comunicaci\u00f3n y realizaci\u00f3n de campa\u00f1as.<\/p>\n\n\n\n<p>Ha trabajado en la coordinaci\u00f3n de una reconocida campa\u00f1a para prohibir el castigo corporal en Sri Lanka, centrando sus esfuerzos en promover una ley para proteger a ni\u00f1os, ni\u00f1as y adolescentes.<\/p>\n\n\n\n<p>Gracias a su trabajo en m\u00faltiples frentes y a su extraordinario compromiso con la protecci\u00f3n infantil, ha impulsado un cambio tangible y positivo para los ni\u00f1os, ni\u00f1as y adolescentes de su comunidad.<\/p>\n\n\n\n<p><\/p>\n<\/div>\n<\/div>\n","protected":false},"excerpt":{"rendered":"<p>Para concluir nuestra Semana Internacional de Protecci\u00f3n Infantil Organizacional, ponemos el foco en las personas que se dedican a velar por la seguridad de ni\u00f1os, ni\u00f1as y adolescentes y que han tenido un impacto significativo en la protecci\u00f3n infantil de sus comunidades. Menciones especiales Veronicah Khatsika Mukati Nuestro comit\u00e9 independiente desea reconocer a Veronicah por [&hellip;]<\/p>\n","protected":false},"author":14,"featured_media":0,"parent":30128,"menu_order":0,"comment_status":"closed","ping_status":"closed","template":"","meta":{"_acf_changed":false,"_eb_attr":"","site-sidebar-layout":"default","site-content-layout":"","ast-site-content-layout":"default","site-content-style":"default","site-sidebar-style":"default","ast-global-header-display":"","ast-banner-title-visibility":"","ast-main-header-display":"","ast-hfb-above-header-display":"","ast-hfb-below-header-display":"","ast-hfb-mobile-header-display":"","site-post-title":"","ast-breadcrumbs-content":"","ast-featured-img":"","footer-sml-layout":"","ast-disable-related-posts":"","theme-transparent-header-meta":"","adv-header-id-meta":"","stick-header-meta":"","header-above-stick-meta":"","header-main-stick-meta":"","header-below-stick-meta":"","astra-migrate-meta-layouts":"set","ast-page-background-enabled":"default","ast-page-background-meta":{"desktop":{"background-color":"var(--ast-global-color-4)","background-image":"","background-repeat":"repeat","background-position":"center center","background-size":"auto","background-attachment":"scroll","background-type":"","background-media":"","overlay-type":"","overlay-color":"","overlay-opacity":"","overlay-gradient":""},"tablet":{"background-color":"","background-image":"","background-repeat":"repeat","background-position":"center center","background-size":"auto","background-attachment":"scroll","background-type":"","background-media":"","overlay-type":"","overlay-color":"","overlay-opacity":"","overlay-gradient":""},"mobile":{"background-color":"","background-image":"","background-repeat":"repeat","background-position":"center center","background-size":"auto","background-attachment":"scroll","background-type":"","background-media":"","overlay-type":"","overlay-color":"","overlay-opacity":"","overlay-gradient":""}},"ast-content-background-meta":{"desktop":{"background-color":"var(--ast-global-color-5)","background-image":"","background-repeat":"repeat","background-position":"center center","background-size":"auto","background-attachment":"scroll","background-type":"","background-media":"","overlay-type":"","overlay-color":"","overlay-opacity":"","overlay-gradient":""},"tablet":{"background-color":"var(--ast-global-color-5)","background-image":"","background-repeat":"repeat","background-position":"center center","background-size":"auto","background-attachment":"scroll","background-type":"","background-media":"","overlay-type":"","overlay-color":"","overlay-opacity":"","overlay-gradient":""},"mobile":{"background-color":"var(--ast-global-color-5)","background-image":"","background-repeat":"repeat","background-position":"center center","background-size":"auto","background-attachment":"scroll","background-type":"","background-media":"","overlay-type":"","overlay-color":"","overlay-opacity":"","overlay-gradient":""}},"footnotes":""},"class_list":["post-31574","page","type-page","status-publish","hentry"],"acf":[],"yoast_head":"<!-- This site is optimized with the Yoast SEO plugin v27.3 - https:\/\/yoast.com\/product\/yoast-seo-wordpress\/ -->\n<title>Campeonato de Protecci\u00f3n Infantil Organizacional 2025 - Keeping Children Safe<\/title>\n<meta name=\"robots\" content=\"index, follow, max-snippet:-1, max-image-preview:large, max-video-preview:-1\" \/>\n<link rel=\"canonical\" href=\"https:\/\/www.keepingchildrensafe.global\/es\/semanapio2025\/campeonato-proteccion-infantil-organizacional-2025\/\" \/>\n<meta property=\"og:locale\" content=\"es_ES\" \/>\n<meta property=\"og:type\" content=\"article\" \/>\n<meta property=\"og:title\" content=\"Campeonato de Protecci\u00f3n Infantil Organizacional 2025 - Keeping Children Safe\" \/>\n<meta property=\"og:description\" content=\"Para concluir nuestra Semana Internacional de Protecci\u00f3n Infantil Organizacional, ponemos el foco en las personas que se dedican a velar por la seguridad de ni\u00f1os, ni\u00f1as y adolescentes y que han tenido un impacto significativo en la protecci\u00f3n infantil de sus comunidades. Menciones especiales Veronicah Khatsika Mukati Nuestro comit\u00e9 independiente desea reconocer a Veronicah por [&hellip;]\" \/>\n<meta property=\"og:url\" content=\"https:\/\/www.keepingchildrensafe.global\/es\/semanapio2025\/campeonato-proteccion-infantil-organizacional-2025\/\" \/>\n<meta property=\"og:site_name\" content=\"Keeping Children Safe\" \/>\n<meta property=\"article:publisher\" content=\"https:\/\/www.facebook.com\/KCSkeepingchildrensafe\" \/>\n<meta property=\"article:modified_time\" content=\"2025-10-27T12:51:00+00:00\" \/>\n<meta property=\"og:image\" content=\"https:\/\/www.keepingchildrensafe.global\/wp-content\/uploads\/2025\/10\/cs-champion-site-1.jpg\" \/>\n\t<meta property=\"og:image:width\" content=\"1920\" \/>\n\t<meta property=\"og:image:height\" content=\"1080\" \/>\n\t<meta property=\"og:image:type\" content=\"image\/jpeg\" \/>\n<meta name=\"twitter:card\" content=\"summary_large_image\" \/>\n<meta name=\"twitter:site\" content=\"@keepchildsafe\" \/>\n<meta name=\"twitter:label1\" content=\"Tiempo de lectura\" \/>\n\t<meta name=\"twitter:data1\" content=\"2 minutos\" \/>\n<script type=\"application\/ld+json\" class=\"yoast-schema-graph\">{\"@context\":\"https:\\\/\\\/schema.org\",\"@graph\":[{\"@type\":\"WebPage\",\"@id\":\"https:\\\/\\\/www.keepingchildrensafe.global\\\/es\\\/semanapio2025\\\/campeonato-proteccion-infantil-organizacional-2025\\\/\",\"url\":\"https:\\\/\\\/www.keepingchildrensafe.global\\\/es\\\/semanapio2025\\\/campeonato-proteccion-infantil-organizacional-2025\\\/\",\"name\":\"Campeonato de Protecci\u00f3n Infantil Organizacional 2025 - Keeping Children Safe\",\"isPartOf\":{\"@id\":\"https:\\\/\\\/www.keepingchildrensafe.global\\\/es\\\/#website\"},\"primaryImageOfPage\":{\"@id\":\"https:\\\/\\\/www.keepingchildrensafe.global\\\/es\\\/semanapio2025\\\/campeonato-proteccion-infantil-organizacional-2025\\\/#primaryimage\"},\"image\":{\"@id\":\"https:\\\/\\\/www.keepingchildrensafe.global\\\/es\\\/semanapio2025\\\/campeonato-proteccion-infantil-organizacional-2025\\\/#primaryimage\"},\"thumbnailUrl\":\"https:\\\/\\\/www.keepingchildrensafe.global\\\/wp-content\\\/uploads\\\/2025\\\/10\\\/cs-champion-site-1.jpg\",\"datePublished\":\"2025-10-24T10:49:14+00:00\",\"dateModified\":\"2025-10-27T12:51:00+00:00\",\"breadcrumb\":{\"@id\":\"https:\\\/\\\/www.keepingchildrensafe.global\\\/es\\\/semanapio2025\\\/campeonato-proteccion-infantil-organizacional-2025\\\/#breadcrumb\"},\"inLanguage\":\"es\",\"potentialAction\":[{\"@type\":\"ReadAction\",\"target\":[\"https:\\\/\\\/www.keepingchildrensafe.global\\\/es\\\/semanapio2025\\\/campeonato-proteccion-infantil-organizacional-2025\\\/\"]}]},{\"@type\":\"ImageObject\",\"inLanguage\":\"es\",\"@id\":\"https:\\\/\\\/www.keepingchildrensafe.global\\\/es\\\/semanapio2025\\\/campeonato-proteccion-infantil-organizacional-2025\\\/#primaryimage\",\"url\":\"https:\\\/\\\/www.keepingchildrensafe.global\\\/wp-content\\\/uploads\\\/2025\\\/10\\\/cs-champion-site-1.jpg\",\"contentUrl\":\"https:\\\/\\\/www.keepingchildrensafe.global\\\/wp-content\\\/uploads\\\/2025\\\/10\\\/cs-champion-site-1.jpg\"},{\"@type\":\"BreadcrumbList\",\"@id\":\"https:\\\/\\\/www.keepingchildrensafe.global\\\/es\\\/semanapio2025\\\/campeonato-proteccion-infantil-organizacional-2025\\\/#breadcrumb\",\"itemListElement\":[{\"@type\":\"ListItem\",\"position\":1,\"name\":\"Home\",\"item\":\"https:\\\/\\\/www.keepingchildrensafe.global\\\/es\\\/\"},{\"@type\":\"ListItem\",\"position\":2,\"name\":\"Semana Internacional de la Protecci\u00f3n Infantil Organizacional 2025\",\"item\":\"https:\\\/\\\/www.keepingchildrensafe.global\\\/es\\\/semanapio2025\\\/\"},{\"@type\":\"ListItem\",\"position\":3,\"name\":\"Campeonato de Protecci\u00f3n Infantil Organizacional 2025\"}]},{\"@type\":\"WebSite\",\"@id\":\"https:\\\/\\\/www.keepingchildrensafe.global\\\/es\\\/#website\",\"url\":\"https:\\\/\\\/www.keepingchildrensafe.global\\\/es\\\/\",\"name\":\"Keeping Children Safe\",\"description\":\"Setting tough International Child Safeguarding Standards\",\"publisher\":{\"@id\":\"https:\\\/\\\/www.keepingchildrensafe.global\\\/es\\\/#organization\"},\"potentialAction\":[{\"@type\":\"SearchAction\",\"target\":{\"@type\":\"EntryPoint\",\"urlTemplate\":\"https:\\\/\\\/www.keepingchildrensafe.global\\\/es\\\/?s={search_term_string}\"},\"query-input\":{\"@type\":\"PropertyValueSpecification\",\"valueRequired\":true,\"valueName\":\"search_term_string\"}}],\"inLanguage\":\"es\"},{\"@type\":\"Organization\",\"@id\":\"https:\\\/\\\/www.keepingchildrensafe.global\\\/es\\\/#organization\",\"name\":\"Keeping Children Safe\",\"url\":\"https:\\\/\\\/www.keepingchildrensafe.global\\\/es\\\/\",\"logo\":{\"@type\":\"ImageObject\",\"inLanguage\":\"es\",\"@id\":\"https:\\\/\\\/www.keepingchildrensafe.global\\\/es\\\/#\\\/schema\\\/logo\\\/image\\\/\",\"url\":\"https:\\\/\\\/kcs.webscapegardener.site\\\/wp-content\\\/uploads\\\/2023\\\/10\\\/kcs-header-logo.png\",\"contentUrl\":\"https:\\\/\\\/kcs.webscapegardener.site\\\/wp-content\\\/uploads\\\/2023\\\/10\\\/kcs-header-logo.png\",\"width\":204,\"height\":21,\"caption\":\"Keeping Children Safe\"},\"image\":{\"@id\":\"https:\\\/\\\/www.keepingchildrensafe.global\\\/es\\\/#\\\/schema\\\/logo\\\/image\\\/\"},\"sameAs\":[\"https:\\\/\\\/www.facebook.com\\\/KCSkeepingchildrensafe\",\"https:\\\/\\\/x.com\\\/keepchildsafe\",\"https:\\\/\\\/www.instagram.com\\\/keepingchildrensafe\\\/\",\"https:\\\/\\\/www.linkedin.com\\\/company\\\/keeping-children-safe-coalition\\\/\",\"https:\\\/\\\/vimeo.com\\\/keepingchildrensafe\"]}]}<\/script>\n<!-- \/ Yoast SEO plugin. -->","yoast_head_json":{"title":"Campeonato de Protecci\u00f3n Infantil Organizacional 2025 - Keeping Children Safe","robots":{"index":"index","follow":"follow","max-snippet":"max-snippet:-1","max-image-preview":"max-image-preview:large","max-video-preview":"max-video-preview:-1"},"canonical":"https:\/\/www.keepingchildrensafe.global\/es\/semanapio2025\/campeonato-proteccion-infantil-organizacional-2025\/","og_locale":"es_ES","og_type":"article","og_title":"Campeonato de Protecci\u00f3n Infantil Organizacional 2025 - Keeping Children Safe","og_description":"Para concluir nuestra Semana Internacional de Protecci\u00f3n Infantil Organizacional, ponemos el foco en las personas que se dedican a velar por la seguridad de ni\u00f1os, ni\u00f1as y adolescentes y que han tenido un impacto significativo en la protecci\u00f3n infantil de sus comunidades. Menciones especiales Veronicah Khatsika Mukati Nuestro comit\u00e9 independiente desea reconocer a Veronicah por [&hellip;]","og_url":"https:\/\/www.keepingchildrensafe.global\/es\/semanapio2025\/campeonato-proteccion-infantil-organizacional-2025\/","og_site_name":"Keeping Children Safe","article_publisher":"https:\/\/www.facebook.com\/KCSkeepingchildrensafe","article_modified_time":"2025-10-27T12:51:00+00:00","og_image":[{"width":1920,"height":1080,"url":"https:\/\/www.keepingchildrensafe.global\/wp-content\/uploads\/2025\/10\/cs-champion-site-1.jpg","type":"image\/jpeg"}],"twitter_card":"summary_large_image","twitter_site":"@keepchildsafe","twitter_misc":{"Tiempo de lectura":"2 minutos"},"schema":{"@context":"https:\/\/schema.org","@graph":[{"@type":"WebPage","@id":"https:\/\/www.keepingchildrensafe.global\/es\/semanapio2025\/campeonato-proteccion-infantil-organizacional-2025\/","url":"https:\/\/www.keepingchildrensafe.global\/es\/semanapio2025\/campeonato-proteccion-infantil-organizacional-2025\/","name":"Campeonato de Protecci\u00f3n Infantil Organizacional 2025 - Keeping Children Safe","isPartOf":{"@id":"https:\/\/www.keepingchildrensafe.global\/es\/#website"},"primaryImageOfPage":{"@id":"https:\/\/www.keepingchildrensafe.global\/es\/semanapio2025\/campeonato-proteccion-infantil-organizacional-2025\/#primaryimage"},"image":{"@id":"https:\/\/www.keepingchildrensafe.global\/es\/semanapio2025\/campeonato-proteccion-infantil-organizacional-2025\/#primaryimage"},"thumbnailUrl":"https:\/\/www.keepingchildrensafe.global\/wp-content\/uploads\/2025\/10\/cs-champion-site-1.jpg","datePublished":"2025-10-24T10:49:14+00:00","dateModified":"2025-10-27T12:51:00+00:00","breadcrumb":{"@id":"https:\/\/www.keepingchildrensafe.global\/es\/semanapio2025\/campeonato-proteccion-infantil-organizacional-2025\/#breadcrumb"},"inLanguage":"es","potentialAction":[{"@type":"ReadAction","target":["https:\/\/www.keepingchildrensafe.global\/es\/semanapio2025\/campeonato-proteccion-infantil-organizacional-2025\/"]}]},{"@type":"ImageObject","inLanguage":"es","@id":"https:\/\/www.keepingchildrensafe.global\/es\/semanapio2025\/campeonato-proteccion-infantil-organizacional-2025\/#primaryimage","url":"https:\/\/www.keepingchildrensafe.global\/wp-content\/uploads\/2025\/10\/cs-champion-site-1.jpg","contentUrl":"https:\/\/www.keepingchildrensafe.global\/wp-content\/uploads\/2025\/10\/cs-champion-site-1.jpg"},{"@type":"BreadcrumbList","@id":"https:\/\/www.keepingchildrensafe.global\/es\/semanapio2025\/campeonato-proteccion-infantil-organizacional-2025\/#breadcrumb","itemListElement":[{"@type":"ListItem","position":1,"name":"Home","item":"https:\/\/www.keepingchildrensafe.global\/es\/"},{"@type":"ListItem","position":2,"name":"Semana Internacional de la Protecci\u00f3n Infantil Organizacional 2025","item":"https:\/\/www.keepingchildrensafe.global\/es\/semanapio2025\/"},{"@type":"ListItem","position":3,"name":"Campeonato de Protecci\u00f3n Infantil Organizacional 2025"}]},{"@type":"WebSite","@id":"https:\/\/www.keepingchildrensafe.global\/es\/#website","url":"https:\/\/www.keepingchildrensafe.global\/es\/","name":"Keeping Children Safe","description":"Setting tough International Child Safeguarding Standards","publisher":{"@id":"https:\/\/www.keepingchildrensafe.global\/es\/#organization"},"potentialAction":[{"@type":"SearchAction","target":{"@type":"EntryPoint","urlTemplate":"https:\/\/www.keepingchildrensafe.global\/es\/?s={search_term_string}"},"query-input":{"@type":"PropertyValueSpecification","valueRequired":true,"valueName":"search_term_string"}}],"inLanguage":"es"},{"@type":"Organization","@id":"https:\/\/www.keepingchildrensafe.global\/es\/#organization","name":"Keeping Children Safe","url":"https:\/\/www.keepingchildrensafe.global\/es\/","logo":{"@type":"ImageObject","inLanguage":"es","@id":"https:\/\/www.keepingchildrensafe.global\/es\/#\/schema\/logo\/image\/","url":"https:\/\/kcs.webscapegardener.site\/wp-content\/uploads\/2023\/10\/kcs-header-logo.png","contentUrl":"https:\/\/kcs.webscapegardener.site\/wp-content\/uploads\/2023\/10\/kcs-header-logo.png","width":204,"height":21,"caption":"Keeping Children Safe"},"image":{"@id":"https:\/\/www.keepingchildrensafe.global\/es\/#\/schema\/logo\/image\/"},"sameAs":["https:\/\/www.facebook.com\/KCSkeepingchildrensafe","https:\/\/x.com\/keepchildsafe","https:\/\/www.instagram.com\/keepingchildrensafe\/","https:\/\/www.linkedin.com\/company\/keeping-children-safe-coalition\/","https:\/\/vimeo.com\/keepingchildrensafe"]}]}},"_links":{"self":[{"href":"https:\/\/www.keepingchildrensafe.global\/es\/wp-json\/wp\/v2\/pages\/31574","targetHints":{"allow":["GET"]}}],"collection":[{"href":"https:\/\/www.keepingchildrensafe.global\/es\/wp-json\/wp\/v2\/pages"}],"about":[{"href":"https:\/\/www.keepingchildrensafe.global\/es\/wp-json\/wp\/v2\/types\/page"}],"author":[{"embeddable":true,"href":"https:\/\/www.keepingchildrensafe.global\/es\/wp-json\/wp\/v2\/users\/14"}],"replies":[{"embeddable":true,"href":"https:\/\/www.keepingchildrensafe.global\/es\/wp-json\/wp\/v2\/comments?post=31574"}],"version-history":[{"count":4,"href":"https:\/\/www.keepingchildrensafe.global\/es\/wp-json\/wp\/v2\/pages\/31574\/revisions"}],"predecessor-version":[{"id":31593,"href":"https:\/\/www.keepingchildrensafe.global\/es\/wp-json\/wp\/v2\/pages\/31574\/revisions\/31593"}],"up":[{"embeddable":true,"href":"https:\/\/www.keepingchildrensafe.global\/es\/wp-json\/wp\/v2\/pages\/30128"}],"wp:attachment":[{"href":"https:\/\/www.keepingchildrensafe.global\/es\/wp-json\/wp\/v2\/media?parent=31574"}],"curies":[{"name":"wp","href":"https:\/\/api.w.org\/{rel}","templated":true}]}}