{"id":336,"date":"2023-07-10T14:03:31","date_gmt":"2023-07-10T13:03:31","guid":{"rendered":"https:\/\/kcs.webscapegardener.site\/contactenos\/"},"modified":"2025-01-23T19:32:04","modified_gmt":"2025-01-23T19:32:04","slug":"contactenos","status":"publish","type":"page","link":"https:\/\/www.keepingchildrensafe.global\/es\/contactenos\/","title":{"rendered":"Cont\u00e1ctenos"},"content":{"rendered":"\n<div class=\"wp-block-columns is-layout-flex wp-container-core-columns-is-layout-1c6b0571 wp-block-columns-is-layout-flex\" style=\"padding-right:0px;padding-left:0px\">\n<div class=\"wp-block-column is-layout-flow wp-block-column-is-layout-flow\">\n<p class=\"has-medium-font-size\">Si desea m\u00e1s informaci\u00f3n sobre c\u00f3mo ayudamos a las organizaciones a garantizar la seguridad de los ni\u00f1os, ni\u00f1as y adolescentes, o por consultas sobre afiliaci\u00f3n y redes, donaciones o para tener una conversaci\u00f3n privada sobre la protecci\u00f3n infantil organizacional en su lugar de trabajo, p\u00f3ngase en contacto con nuestro equipo hoy mismo.<\/p>\n<\/div>\n\n\n\n<div class=\"wp-block-column is-layout-flow wp-block-column-is-layout-flow\">\n<p style=\"font-size:16px\"><strong>Correo electr\u00f3nico<br\/><\/strong><a href=\"mailto:info@keepingchildrensafe.global\">info@keepingchildrensafe.global<\/a><\/p>\n\n\n\n<p style=\"font-size:16px\"><strong>Tel\u00e9fono<br\/><\/strong>+44 (0) 1756 802 256<br\/>Horarios de la oficina: De lunes a viernes de 09:00 a 17:00 GMT.<\/p>\n\n\n\n<p style=\"font-size:16px\"><strong>Correo<\/strong><br\/>Keeping Children Safe<br\/>49 High Street<br\/>Skipton, North Yorkshire, <br\/>BD23 1DT<br\/>Reino Unido<\/p>\n<\/div>\n<\/div>\n","protected":false},"excerpt":{"rendered":"<p>Si desea m\u00e1s informaci\u00f3n sobre c\u00f3mo ayudamos a las organizaciones a garantizar la seguridad de los ni\u00f1os, ni\u00f1as y adolescentes, o por consultas sobre afiliaci\u00f3n y redes, donaciones o para tener una conversaci\u00f3n privada sobre la protecci\u00f3n infantil organizacional en su lugar de trabajo, p\u00f3ngase en contacto con nuestro equipo hoy mismo. Correo electr\u00f3nicoinfo@keepingchildrensafe.global Tel\u00e9fono+44 [&hellip;]<\/p>\n","protected":false},"author":3,"featured_media":0,"parent":0,"menu_order":0,"comment_status":"closed","ping_status":"closed","template":"","meta":{"_acf_changed":false,"_eb_attr":"","site-sidebar-layout":"default","site-content-layout":"","ast-site-content-layout":"default","site-content-style":"default","site-sidebar-style":"default","ast-global-header-display":"","ast-banner-title-visibility":"","ast-main-header-display":"","ast-hfb-above-header-display":"","ast-hfb-below-header-display":"","ast-hfb-mobile-header-display":"","site-post-title":"","ast-breadcrumbs-content":"","ast-featured-img":"","footer-sml-layout":"","ast-disable-related-posts":"","theme-transparent-header-meta":"","adv-header-id-meta":"","stick-header-meta":"","header-above-stick-meta":"","header-main-stick-meta":"","header-below-stick-meta":"","astra-migrate-meta-layouts":"set","ast-page-background-enabled":"default","ast-page-background-meta":{"desktop":{"background-color":"var(--ast-global-color-4)","background-image":"","background-repeat":"repeat","background-position":"center center","background-size":"auto","background-attachment":"scroll","background-type":"","background-media":"","overlay-type":"","overlay-color":"","overlay-opacity":"","overlay-gradient":""},"tablet":{"background-color":"","background-image":"","background-repeat":"repeat","background-position":"center center","background-size":"auto","background-attachment":"scroll","background-type":"","background-media":"","overlay-type":"","overlay-color":"","overlay-opacity":"","overlay-gradient":""},"mobile":{"background-color":"","background-image":"","background-repeat":"repeat","background-position":"center center","background-size":"auto","background-attachment":"scroll","background-type":"","background-media":"","overlay-type":"","overlay-color":"","overlay-opacity":"","overlay-gradient":""}},"ast-content-background-meta":{"desktop":{"background-color":"var(--ast-global-color-5)","background-image":"","background-repeat":"repeat","background-position":"center center","background-size":"auto","background-attachment":"scroll","background-type":"","background-media":"","overlay-type":"","overlay-color":"","overlay-opacity":"","overlay-gradient":""},"tablet":{"background-color":"var(--ast-global-color-5)","background-image":"","background-repeat":"repeat","background-position":"center center","background-size":"auto","background-attachment":"scroll","background-type":"","background-media":"","overlay-type":"","overlay-color":"","overlay-opacity":"","overlay-gradient":""},"mobile":{"background-color":"var(--ast-global-color-5)","background-image":"","background-repeat":"repeat","background-position":"center center","background-size":"auto","background-attachment":"scroll","background-type":"","background-media":"","overlay-type":"","overlay-color":"","overlay-opacity":"","overlay-gradient":""}},"footnotes":""},"class_list":["post-336","page","type-page","status-publish","hentry"],"acf":[],"yoast_head":"<!-- This site is optimized with the Yoast SEO plugin v27.4 - https:\/\/yoast.com\/product\/yoast-seo-wordpress\/ -->\n<title>Cont\u00e1ctenos - Keeping Children Safe<\/title>\n<meta name=\"description\" content=\"P\u00f3ngase en contacto con nosotros hoy mismo para obtener m\u00e1s informaci\u00f3n sobre c\u00f3mo ayudamos a las organizaciones a mantener a salvo a las infancias, consultas sobre afiliaci\u00f3n, donaciones y mucho m\u00e1s.\" \/>\n<meta name=\"robots\" content=\"index, follow, max-snippet:-1, max-image-preview:large, max-video-preview:-1\" \/>\n<link rel=\"canonical\" href=\"https:\/\/www.keepingchildrensafe.global\/es\/contactenos\/\" \/>\n<meta property=\"og:locale\" content=\"es_ES\" \/>\n<meta property=\"og:type\" content=\"article\" \/>\n<meta property=\"og:title\" content=\"Cont\u00e1ctenos - Keeping Children Safe\" \/>\n<meta property=\"og:description\" content=\"P\u00f3ngase en contacto con nosotros hoy mismo para obtener m\u00e1s informaci\u00f3n sobre c\u00f3mo ayudamos a las organizaciones a mantener a salvo a las infancias, consultas sobre afiliaci\u00f3n, donaciones y mucho m\u00e1s.\" \/>\n<meta property=\"og:url\" content=\"https:\/\/www.keepingchildrensafe.global\/es\/contactenos\/\" \/>\n<meta property=\"og:site_name\" content=\"Keeping Children Safe\" \/>\n<meta property=\"article:publisher\" content=\"https:\/\/www.facebook.com\/KCSkeepingchildrensafe\" \/>\n<meta property=\"article:modified_time\" content=\"2025-01-23T19:32:04+00:00\" \/>\n<meta name=\"twitter:card\" content=\"summary_large_image\" \/>\n<meta name=\"twitter:site\" content=\"@keepchildsafe\" \/>\n<meta name=\"twitter:label1\" content=\"Tiempo de lectura\" \/>\n\t<meta name=\"twitter:data1\" content=\"1 minuto\" \/>\n<script type=\"application\/ld+json\" class=\"yoast-schema-graph\">{\"@context\":\"https:\\\/\\\/schema.org\",\"@graph\":[{\"@type\":\"WebPage\",\"@id\":\"https:\\\/\\\/www.keepingchildrensafe.global\\\/es\\\/contactenos\\\/\",\"url\":\"https:\\\/\\\/www.keepingchildrensafe.global\\\/es\\\/contactenos\\\/\",\"name\":\"Cont\u00e1ctenos - Keeping Children Safe\",\"isPartOf\":{\"@id\":\"https:\\\/\\\/www.keepingchildrensafe.global\\\/es\\\/#website\"},\"datePublished\":\"2023-07-10T13:03:31+00:00\",\"dateModified\":\"2025-01-23T19:32:04+00:00\",\"description\":\"P\u00f3ngase en contacto con nosotros hoy mismo para obtener m\u00e1s informaci\u00f3n sobre c\u00f3mo ayudamos a las organizaciones a mantener a salvo a las infancias, consultas sobre afiliaci\u00f3n, donaciones y mucho m\u00e1s.\",\"breadcrumb\":{\"@id\":\"https:\\\/\\\/www.keepingchildrensafe.global\\\/es\\\/contactenos\\\/#breadcrumb\"},\"inLanguage\":\"es\",\"potentialAction\":[{\"@type\":\"ReadAction\",\"target\":[\"https:\\\/\\\/www.keepingchildrensafe.global\\\/es\\\/contactenos\\\/\"]}]},{\"@type\":\"BreadcrumbList\",\"@id\":\"https:\\\/\\\/www.keepingchildrensafe.global\\\/es\\\/contactenos\\\/#breadcrumb\",\"itemListElement\":[{\"@type\":\"ListItem\",\"position\":1,\"name\":\"Home\",\"item\":\"https:\\\/\\\/www.keepingchildrensafe.global\\\/es\\\/\"},{\"@type\":\"ListItem\",\"position\":2,\"name\":\"Cont\u00e1ctenos\"}]},{\"@type\":\"WebSite\",\"@id\":\"https:\\\/\\\/www.keepingchildrensafe.global\\\/es\\\/#website\",\"url\":\"https:\\\/\\\/www.keepingchildrensafe.global\\\/es\\\/\",\"name\":\"Keeping Children Safe\",\"description\":\"Setting tough International Child Safeguarding Standards\",\"publisher\":{\"@id\":\"https:\\\/\\\/www.keepingchildrensafe.global\\\/es\\\/#organization\"},\"potentialAction\":[{\"@type\":\"SearchAction\",\"target\":{\"@type\":\"EntryPoint\",\"urlTemplate\":\"https:\\\/\\\/www.keepingchildrensafe.global\\\/es\\\/?s={search_term_string}\"},\"query-input\":{\"@type\":\"PropertyValueSpecification\",\"valueRequired\":true,\"valueName\":\"search_term_string\"}}],\"inLanguage\":\"es\"},{\"@type\":\"Organization\",\"@id\":\"https:\\\/\\\/www.keepingchildrensafe.global\\\/es\\\/#organization\",\"name\":\"Keeping Children Safe\",\"url\":\"https:\\\/\\\/www.keepingchildrensafe.global\\\/es\\\/\",\"logo\":{\"@type\":\"ImageObject\",\"inLanguage\":\"es\",\"@id\":\"https:\\\/\\\/www.keepingchildrensafe.global\\\/es\\\/#\\\/schema\\\/logo\\\/image\\\/\",\"url\":\"https:\\\/\\\/kcs.webscapegardener.site\\\/wp-content\\\/uploads\\\/2023\\\/10\\\/kcs-header-logo.png\",\"contentUrl\":\"https:\\\/\\\/kcs.webscapegardener.site\\\/wp-content\\\/uploads\\\/2023\\\/10\\\/kcs-header-logo.png\",\"width\":204,\"height\":21,\"caption\":\"Keeping Children Safe\"},\"image\":{\"@id\":\"https:\\\/\\\/www.keepingchildrensafe.global\\\/es\\\/#\\\/schema\\\/logo\\\/image\\\/\"},\"sameAs\":[\"https:\\\/\\\/www.facebook.com\\\/KCSkeepingchildrensafe\",\"https:\\\/\\\/x.com\\\/keepchildsafe\",\"https:\\\/\\\/www.instagram.com\\\/keepingchildrensafe\\\/\",\"https:\\\/\\\/www.linkedin.com\\\/company\\\/keeping-children-safe-coalition\\\/\",\"https:\\\/\\\/vimeo.com\\\/keepingchildrensafe\"]}]}<\/script>\n<!-- \/ Yoast SEO plugin. -->","yoast_head_json":{"title":"Cont\u00e1ctenos - Keeping Children Safe","description":"P\u00f3ngase en contacto con nosotros hoy mismo para obtener m\u00e1s informaci\u00f3n sobre c\u00f3mo ayudamos a las organizaciones a mantener a salvo a las infancias, consultas sobre afiliaci\u00f3n, donaciones y mucho m\u00e1s.","robots":{"index":"index","follow":"follow","max-snippet":"max-snippet:-1","max-image-preview":"max-image-preview:large","max-video-preview":"max-video-preview:-1"},"canonical":"https:\/\/www.keepingchildrensafe.global\/es\/contactenos\/","og_locale":"es_ES","og_type":"article","og_title":"Cont\u00e1ctenos - Keeping Children Safe","og_description":"P\u00f3ngase en contacto con nosotros hoy mismo para obtener m\u00e1s informaci\u00f3n sobre c\u00f3mo ayudamos a las organizaciones a mantener a salvo a las infancias, consultas sobre afiliaci\u00f3n, donaciones y mucho m\u00e1s.","og_url":"https:\/\/www.keepingchildrensafe.global\/es\/contactenos\/","og_site_name":"Keeping Children Safe","article_publisher":"https:\/\/www.facebook.com\/KCSkeepingchildrensafe","article_modified_time":"2025-01-23T19:32:04+00:00","twitter_card":"summary_large_image","twitter_site":"@keepchildsafe","twitter_misc":{"Tiempo de lectura":"1 minuto"},"schema":{"@context":"https:\/\/schema.org","@graph":[{"@type":"WebPage","@id":"https:\/\/www.keepingchildrensafe.global\/es\/contactenos\/","url":"https:\/\/www.keepingchildrensafe.global\/es\/contactenos\/","name":"Cont\u00e1ctenos - Keeping Children Safe","isPartOf":{"@id":"https:\/\/www.keepingchildrensafe.global\/es\/#website"},"datePublished":"2023-07-10T13:03:31+00:00","dateModified":"2025-01-23T19:32:04+00:00","description":"P\u00f3ngase en contacto con nosotros hoy mismo para obtener m\u00e1s informaci\u00f3n sobre c\u00f3mo ayudamos a las organizaciones a mantener a salvo a las infancias, consultas sobre afiliaci\u00f3n, donaciones y mucho m\u00e1s.","breadcrumb":{"@id":"https:\/\/www.keepingchildrensafe.global\/es\/contactenos\/#breadcrumb"},"inLanguage":"es","potentialAction":[{"@type":"ReadAction","target":["https:\/\/www.keepingchildrensafe.global\/es\/contactenos\/"]}]},{"@type":"BreadcrumbList","@id":"https:\/\/www.keepingchildrensafe.global\/es\/contactenos\/#breadcrumb","itemListElement":[{"@type":"ListItem","position":1,"name":"Home","item":"https:\/\/www.keepingchildrensafe.global\/es\/"},{"@type":"ListItem","position":2,"name":"Cont\u00e1ctenos"}]},{"@type":"WebSite","@id":"https:\/\/www.keepingchildrensafe.global\/es\/#website","url":"https:\/\/www.keepingchildrensafe.global\/es\/","name":"Keeping Children Safe","description":"Setting tough International Child Safeguarding Standards","publisher":{"@id":"https:\/\/www.keepingchildrensafe.global\/es\/#organization"},"potentialAction":[{"@type":"SearchAction","target":{"@type":"EntryPoint","urlTemplate":"https:\/\/www.keepingchildrensafe.global\/es\/?s={search_term_string}"},"query-input":{"@type":"PropertyValueSpecification","valueRequired":true,"valueName":"search_term_string"}}],"inLanguage":"es"},{"@type":"Organization","@id":"https:\/\/www.keepingchildrensafe.global\/es\/#organization","name":"Keeping Children Safe","url":"https:\/\/www.keepingchildrensafe.global\/es\/","logo":{"@type":"ImageObject","inLanguage":"es","@id":"https:\/\/www.keepingchildrensafe.global\/es\/#\/schema\/logo\/image\/","url":"https:\/\/kcs.webscapegardener.site\/wp-content\/uploads\/2023\/10\/kcs-header-logo.png","contentUrl":"https:\/\/kcs.webscapegardener.site\/wp-content\/uploads\/2023\/10\/kcs-header-logo.png","width":204,"height":21,"caption":"Keeping Children Safe"},"image":{"@id":"https:\/\/www.keepingchildrensafe.global\/es\/#\/schema\/logo\/image\/"},"sameAs":["https:\/\/www.facebook.com\/KCSkeepingchildrensafe","https:\/\/x.com\/keepchildsafe","https:\/\/www.instagram.com\/keepingchildrensafe\/","https:\/\/www.linkedin.com\/company\/keeping-children-safe-coalition\/","https:\/\/vimeo.com\/keepingchildrensafe"]}]}},"_links":{"self":[{"href":"https:\/\/www.keepingchildrensafe.global\/es\/wp-json\/wp\/v2\/pages\/336","targetHints":{"allow":["GET"]}}],"collection":[{"href":"https:\/\/www.keepingchildrensafe.global\/es\/wp-json\/wp\/v2\/pages"}],"about":[{"href":"https:\/\/www.keepingchildrensafe.global\/es\/wp-json\/wp\/v2\/types\/page"}],"author":[{"embeddable":true,"href":"https:\/\/www.keepingchildrensafe.global\/es\/wp-json\/wp\/v2\/users\/3"}],"replies":[{"embeddable":true,"href":"https:\/\/www.keepingchildrensafe.global\/es\/wp-json\/wp\/v2\/comments?post=336"}],"version-history":[{"count":6,"href":"https:\/\/www.keepingchildrensafe.global\/es\/wp-json\/wp\/v2\/pages\/336\/revisions"}],"predecessor-version":[{"id":30364,"href":"https:\/\/www.keepingchildrensafe.global\/es\/wp-json\/wp\/v2\/pages\/336\/revisions\/30364"}],"wp:attachment":[{"href":"https:\/\/www.keepingchildrensafe.global\/es\/wp-json\/wp\/v2\/media?parent=336"}],"curies":[{"name":"wp","href":"https:\/\/api.w.org\/{rel}","templated":true}]}}