{"id":729,"date":"2023-07-10T13:54:37","date_gmt":"2023-07-10T12:54:37","guid":{"rendered":"https:\/\/kcs.webscapegardener.site\/proteccion-infantil-organizacional\/"},"modified":"2024-07-15T15:39:50","modified_gmt":"2024-07-15T14:39:50","slug":"proteccion-infantil-organizacional","status":"publish","type":"page","link":"https:\/\/www.keepingchildrensafe.global\/es\/proteccion-infantil-organizacional\/","title":{"rendered":"\u00bfQu\u00e9 es la protecci\u00f3n infantil organizacional?"},"content":{"rendered":"\n<div class=\"wp-block-columns is-layout-flex wp-container-core-columns-is-layout-12ca2eb4 wp-block-columns-is-layout-flex\" style=\"padding-right:0px;padding-left:0px\">\n<div class=\"wp-block-column is-layout-flow wp-block-column-is-layout-flow\">\n<h1 class=\"wp-block-heading\" style=\"font-size:38px\">\u00bfQu\u00e9 es la protecci\u00f3n infantil organizacional?<\/h1>\n<\/div>\n\n\n\n<div class=\"wp-block-column is-layout-flow wp-block-column-is-layout-flow\">\n<p style=\"font-size:16px\">Todas las personas tienen la responsabilidad de ayudar a proteger a ni\u00f1os, ni\u00f1as y adolescentes del abuso, la explotaci\u00f3n y la negligencia.<\/p>\n<\/div>\n<\/div>\n\n<figure class=\"wp-block-image alignfull size-full\"><img decoding=\"async\" width=\"1200\" height=\"480\" data-src=\"https:\/\/www.keepingchildrensafe.global\/wp-content\/uploads\/2023\/11\/350298996_769680201286123_7565502394616050107_n.jpg\" alt=\"\" class=\"wp-image-26416 lazyload\" src=\"data:image\/svg+xml;base64,PHN2ZyB3aWR0aD0iMSIgaGVpZ2h0PSIxIiB4bWxucz0iaHR0cDovL3d3dy53My5vcmcvMjAwMC9zdmciPjwvc3ZnPg==\" style=\"--smush-placeholder-width: 1200px; --smush-placeholder-aspect-ratio: 1200\/480;\" \/><\/figure>\n\n<div style=\"height:30px\" aria-hidden=\"true\" class=\"wp-block-spacer\"><\/div>\n\n<p class=\"has-medium-font-size\" style=\"margin-top:70px;margin-bottom:70px\">La protecci\u00f3n infantil organizacional es la responsabilidad de las organizaciones de garantizar que no perjudican a ni\u00f1os, ni\u00f1as y adolescentes. Esto significa que hagan todo lo posible para prevenir la explotaci\u00f3n y el abuso infantil, y, en caso de que se produzcan, que respondan de forma adecuada. Aqu\u00ed puede encontrar m\u00e1s informaci\u00f3n sobre lo que debe hacer su organizaci\u00f3n para proteger a las infancias y adolescencias.<\/p>\n\n<div style=\"height:45px\" aria-hidden=\"true\" class=\"wp-block-spacer\"><\/div>\n\n<div class=\"wp-block-essential-blocks-accordion numbered-tabs\"><div class=\"eb-parent-wrapper eb-parent-eb-accordion-v49g2tn \"><div class=\"eb-accordion-container eb-accordion-v49g2tn\" data-accordion-type=\"accordion\" data-tab-icon=\"fas fa-angle-down\" data-expanded-icon=\"fas fa-angle-up\" data-transition-duration=\"500\"><div class=\"eb-accordion-inner\">\n<div class=\"eb-accordion-item-n3zn0nh eb-accordion-wrapper\" data-clickable=\"false\"><div class=\"eb-accordion-title-wrapper\" tabindex=\"0\"><span class=\"eb-accordion-icon-wrapper\"><span class=\"fas fa-angle-down eb-accordion-icon\"><\/span><\/span><h3 class=\"eb-accordion-title\">Reconocer los riesgos <\/h3><\/div><div class=\"eb-accordion-content-wrapper\"><div class=\"eb-accordion-content\">\n<div style=\"height:15px\" aria-hidden=\"true\" class=\"wp-block-spacer\"><\/div>\n\n\n\n<p>El primer paso es comprender d\u00f3nde entra en contacto su organizaci\u00f3n con ni\u00f1os, ni\u00f1as y adolescentes, y qu\u00e9 riesgos puede plantear este contacto. Puede tratarse de un contacto cara a cara o en l\u00ednea con un ni\u00f1o o ni\u00f1a. Escuchar a las infancias y a sus cuidadores sobre los riesgos de protecci\u00f3n es una parte esencial del proceso.<\/p>\n\n\n\n<div style=\"height:45px\" aria-hidden=\"true\" class=\"wp-block-spacer\"><\/div>\n<\/div><\/div><\/div>\n\n\n\n<div class=\"eb-accordion-item-y0ccg67 eb-accordion-wrapper\" data-clickable=\"false\"><div class=\"eb-accordion-title-wrapper\" tabindex=\"0\"><span class=\"eb-accordion-icon-wrapper\"><span class=\"fas fa-angle-down eb-accordion-icon\"><\/span><\/span><h3 class=\"eb-accordion-title\">Cerrar las brechas <\/h3><\/div><div class=\"eb-accordion-content-wrapper\"><div class=\"eb-accordion-content\">\n<div style=\"height:15px\" aria-hidden=\"true\" class=\"wp-block-spacer\"><\/div>\n\n\n\n<p>El abuso infantil en las organizaciones puede prevenirse, pero los agresores pueden explotar, y explotar\u00e1n, cualquier brecha en el marco de protecci\u00f3n infantil de una organizaci\u00f3n. Todas las brechas deben cerrarse con medidas de protecci\u00f3n s\u00f3lidas que creen organizaciones m\u00e1s seguras. Esto significa desarrollar una pol\u00edtica de protecci\u00f3n infantil organizacional y un c\u00f3digo de conducta que establezca conductas aceptables e inaceptables en relaci\u00f3n con los ni\u00f1os, ni\u00f1as y adolescentes.<\/p>\n\n\n\n<div style=\"height:15px\" aria-hidden=\"true\" class=\"wp-block-spacer\"><\/div>\n\n\n\n<p>Significa implementar procesos de contrataci\u00f3n m\u00e1s seguros para mantener alejados a los agresores, formar al personal sobre c\u00f3mo prevenir el abuso y sobre su obligaci\u00f3n de denunciar cualquier tipo de incidente. A su vez, implica desarrollar una red de puntos focales que defiendan la protecci\u00f3n infantil en su organizaci\u00f3n y establecer sistemas rigurosos de supervisi\u00f3n y rendici\u00f3n de cuentas.<\/p>\n\n\n\n<div style=\"height:15px\" aria-hidden=\"true\" class=\"wp-block-spacer\"><\/div>\n\n\n\n<p>Sin embargo, incluso con las medidas m\u00e1s s\u00f3lidas de protecci\u00f3n infantil organizacional, pueden producirse abusos dentro de su organizaci\u00f3n. En ese momento, la respuesta de la organizaci\u00f3n es crucial para el ni\u00f1o, ni\u00f1a o adolescente, y para la organizaci\u00f3n. Toda organizaci\u00f3n debe contar con sistemas seguros para reportar y responder al abuso, y proteger los derechos y la dignidad de v\u00edctimas y sobrevivientes.<\/p>\n\n\n\n<div style=\"height:45px\" aria-hidden=\"true\" class=\"wp-block-spacer\"><\/div>\n<\/div><\/div><\/div>\n\n\n\n<div class=\"eb-accordion-item-gd2ipyv eb-accordion-wrapper\" data-clickable=\"false\"><div class=\"eb-accordion-title-wrapper\" tabindex=\"0\"><span class=\"eb-accordion-icon-wrapper\"><span class=\"fas fa-angle-down eb-accordion-icon\"><\/span><\/span><h3 class=\"eb-accordion-title\">Las infancias primero <\/h3><\/div><div class=\"eb-accordion-content-wrapper\"><div class=\"eb-accordion-content\">\n<div style=\"height:15px\" aria-hidden=\"true\" class=\"wp-block-spacer\"><\/div>\n\n\n\n<p>Todas las medidas relativas a la protecci\u00f3n infantil organizacional deben adoptarse con el inter\u00e9s superior del ni\u00f1o, ni\u00f1a o adolescente en mente, que es primordial. Esto significa garantizar la comunicaci\u00f3n con las infancias sobre la pol\u00edtica de protecci\u00f3n de la organizaci\u00f3n, para que entiendan lo que deben esperar de su personal. Tambi\u00e9n significa consultar a los ni\u00f1os, ni\u00f1as y adolescentes y a sus familias sobre las medidas de protecci\u00f3n, para que \u00e9stas sean accesibles y adecuadas. Y significa establecer sistemas de denuncia y respuesta adaptados a las infancias para protegerles del riesgo de sufrir m\u00e1s da\u00f1os, como la retraumatizaci\u00f3n, la estigmatizaci\u00f3n o la revictimizaci\u00f3n.<\/p>\n\n\n\n<div style=\"height:15px\" aria-hidden=\"true\" class=\"wp-block-spacer\"><\/div>\n\n\n\n<p>Los l\u00edderes deben desarrollar una cultura de protecci\u00f3n y situar los derechos y la seguridad de los ni\u00f1os, ni\u00f1as y adolescentes en el centro de la misi\u00f3n de la organizaci\u00f3n. El personal debe ser nombrado y evaluado en funci\u00f3n de sus valores y su compromiso con la protecci\u00f3n infantil organizacional, y el acoso y la discriminaci\u00f3n deben abordarse con firmeza, para que todos y todas sean tratados con dignidad y respeto.<\/p>\n\n\n\n<div style=\"height:45px\" aria-hidden=\"true\" class=\"wp-block-spacer\"><\/div>\n<\/div><\/div><\/div>\n<\/div><\/div><\/div><\/div>\n\n<div style=\"height:120px\" aria-hidden=\"true\" class=\"wp-block-spacer\"><\/div>\n\n<p style=\"font-size:26px\">Estamos aqu\u00ed para ayudarle<\/p>\n\n<div class=\"wp-block-columns promo-trio-3colours promo-trio is-layout-flex wp-container-core-columns-is-layout-204ee43c wp-block-columns-is-layout-flex\" style=\"padding-top:0px;padding-right:0px;padding-bottom:0px;padding-left:0px\">\n<div class=\"wp-block-column has-ast-global-color-4-background-color has-background is-layout-flow wp-block-column-is-layout-flow\">\n<p class=\"arrow-right\" style=\"font-size:26px\"><a href=\"https:\/\/www.keepingchildrensafe.global\/es\/apoyo-para-organizaciones\/\">Obtenga apoyo para su organizaci\u00f3n<\/a><\/p>\n\n\n\n<p>Nuestra gama completa de servicios, desde tutor\u00edas hasta auditor\u00edas.<\/p>\n<\/div>\n\n\n\n<div class=\"wp-block-column has-ast-global-color-5-color has-ast-global-color-0-background-color has-text-color has-background is-layout-flow wp-block-column-is-layout-flow\">\n<p class=\"arrow-right-white arrow-right has-ast-global-color-5-color has-text-color\" style=\"font-size:26px\"><a href=\"https:\/\/www.keepingchildrensafe.global\/es\/autoevaluacion-de-proteccion-infantil-organizacional\/\">Autoevaluaci\u00f3n en l\u00ednea sobre protecci\u00f3n infantil organizacional<\/a><\/p>\n\n\n\n<p class=\"has-ast-global-color-5-color has-text-color\">Identifique las brechas de su organizaci\u00f3n en materia de protecci\u00f3n infantil organizacional <\/p>\n<\/div>\n\n\n\n<div class=\"wp-block-column has-ast-global-color-5-color has-ast-global-color-3-background-color has-text-color has-background is-layout-flow wp-block-column-is-layout-flow\">\n<p class=\"arrow-right-white arrow-right has-ast-global-color-5-color has-text-color\" style=\"font-size:26px\"><a href=\"https:\/\/www.keepingchildrensafe.global\/es\/afiliese-a-kcs\/\">H\u00e1gase miembro de KCS<\/a><\/p>\n\n\n\n<p class=\"has-ast-global-color-5-color has-text-color\">Cualquier organizaci\u00f3n comprometida con la protecci\u00f3n infantil organizacional puede unirse a nuestra red.<\/p>\n<\/div>\n<\/div>\n","protected":false},"excerpt":{"rendered":"<p>\u00bfQu\u00e9 es la protecci\u00f3n infantil organizacional? Todas las personas tienen la responsabilidad de ayudar a proteger a ni\u00f1os, ni\u00f1as y adolescentes del abuso, la explotaci\u00f3n y la negligencia. La protecci\u00f3n infantil organizacional es la responsabilidad de las organizaciones de garantizar que no perjudican a ni\u00f1os, ni\u00f1as y adolescentes. Esto significa que hagan todo lo posible [&hellip;]<\/p>\n","protected":false},"author":3,"featured_media":0,"parent":0,"menu_order":0,"comment_status":"closed","ping_status":"closed","template":"","meta":{"_acf_changed":false,"_eb_attr":"","site-sidebar-layout":"default","site-content-layout":"","ast-site-content-layout":"default","site-content-style":"default","site-sidebar-style":"default","ast-global-header-display":"","ast-banner-title-visibility":"","ast-main-header-display":"","ast-hfb-above-header-display":"","ast-hfb-below-header-display":"","ast-hfb-mobile-header-display":"","site-post-title":"disabled","ast-breadcrumbs-content":"","ast-featured-img":"","footer-sml-layout":"","ast-disable-related-posts":"","theme-transparent-header-meta":"","adv-header-id-meta":"","stick-header-meta":"","header-above-stick-meta":"","header-main-stick-meta":"","header-below-stick-meta":"","astra-migrate-meta-layouts":"set","ast-page-background-enabled":"default","ast-page-background-meta":{"desktop":{"background-color":"var(--ast-global-color-4)","background-image":"","background-repeat":"repeat","background-position":"center center","background-size":"auto","background-attachment":"scroll","background-type":"","background-media":"","overlay-type":"","overlay-color":"","overlay-opacity":"","overlay-gradient":""},"tablet":{"background-color":"","background-image":"","background-repeat":"repeat","background-position":"center center","background-size":"auto","background-attachment":"scroll","background-type":"","background-media":"","overlay-type":"","overlay-color":"","overlay-opacity":"","overlay-gradient":""},"mobile":{"background-color":"","background-image":"","background-repeat":"repeat","background-position":"center center","background-size":"auto","background-attachment":"scroll","background-type":"","background-media":"","overlay-type":"","overlay-color":"","overlay-opacity":"","overlay-gradient":""}},"ast-content-background-meta":{"desktop":{"background-color":"var(--ast-global-color-5)","background-image":"","background-repeat":"repeat","background-position":"center center","background-size":"auto","background-attachment":"scroll","background-type":"","background-media":"","overlay-type":"","overlay-color":"","overlay-opacity":"","overlay-gradient":""},"tablet":{"background-color":"var(--ast-global-color-5)","background-image":"","background-repeat":"repeat","background-position":"center center","background-size":"auto","background-attachment":"scroll","background-type":"","background-media":"","overlay-type":"","overlay-color":"","overlay-opacity":"","overlay-gradient":""},"mobile":{"background-color":"var(--ast-global-color-5)","background-image":"","background-repeat":"repeat","background-position":"center center","background-size":"auto","background-attachment":"scroll","background-type":"","background-media":"","overlay-type":"","overlay-color":"","overlay-opacity":"","overlay-gradient":""}},"footnotes":""},"class_list":["post-729","page","type-page","status-publish","hentry"],"acf":[],"yoast_head":"<!-- This site is optimized with the Yoast SEO plugin v27.4 - https:\/\/yoast.com\/product\/yoast-seo-wordpress\/ -->\n<title>\u00bfQu\u00e9 es la protecci\u00f3n infantil organizacional? - Keeping Children Safe<\/title>\n<meta name=\"description\" content=\"Todas las personas tienen la responsabilidad de ayudar a proteger a ni\u00f1os, ni\u00f1as y adolescentes del abuso, la explotaci\u00f3n y la negligencia. Aprenda m\u00e1s sobre la protecci\u00f3n infantil organizacional.\" \/>\n<meta name=\"robots\" content=\"index, follow, max-snippet:-1, max-image-preview:large, max-video-preview:-1\" \/>\n<link rel=\"canonical\" href=\"https:\/\/www.keepingchildrensafe.global\/es\/proteccion-infantil-organizacional\/\" \/>\n<meta property=\"og:locale\" content=\"es_ES\" \/>\n<meta property=\"og:type\" content=\"article\" \/>\n<meta property=\"og:title\" content=\"\u00bfQu\u00e9 es la protecci\u00f3n infantil organizacional? - Keeping Children Safe\" \/>\n<meta property=\"og:description\" content=\"Todas las personas tienen la responsabilidad de ayudar a proteger a ni\u00f1os, ni\u00f1as y adolescentes del abuso, la explotaci\u00f3n y la negligencia. Aprenda m\u00e1s sobre la protecci\u00f3n infantil organizacional.\" \/>\n<meta property=\"og:url\" content=\"https:\/\/www.keepingchildrensafe.global\/es\/proteccion-infantil-organizacional\/\" \/>\n<meta property=\"og:site_name\" content=\"Keeping Children Safe\" \/>\n<meta property=\"article:publisher\" content=\"https:\/\/www.facebook.com\/KCSkeepingchildrensafe\" \/>\n<meta property=\"article:modified_time\" content=\"2024-07-15T14:39:50+00:00\" \/>\n<meta property=\"og:image\" content=\"https:\/\/www.keepingchildrensafe.global\/wp-content\/uploads\/2023\/11\/350298996_769680201286123_7565502394616050107_n.jpg\" \/>\n<meta name=\"twitter:card\" content=\"summary_large_image\" \/>\n<meta name=\"twitter:site\" content=\"@keepchildsafe\" \/>\n<meta name=\"twitter:label1\" content=\"Tiempo de lectura\" \/>\n\t<meta name=\"twitter:data1\" content=\"3 minutos\" \/>\n<script type=\"application\/ld+json\" class=\"yoast-schema-graph\">{\"@context\":\"https:\\\/\\\/schema.org\",\"@graph\":[{\"@type\":\"WebPage\",\"@id\":\"https:\\\/\\\/www.keepingchildrensafe.global\\\/es\\\/proteccion-infantil-organizacional\\\/\",\"url\":\"https:\\\/\\\/www.keepingchildrensafe.global\\\/es\\\/proteccion-infantil-organizacional\\\/\",\"name\":\"\u00bfQu\u00e9 es la protecci\u00f3n infantil organizacional? - Keeping Children Safe\",\"isPartOf\":{\"@id\":\"https:\\\/\\\/www.keepingchildrensafe.global\\\/es\\\/#website\"},\"primaryImageOfPage\":{\"@id\":\"https:\\\/\\\/www.keepingchildrensafe.global\\\/es\\\/proteccion-infantil-organizacional\\\/#primaryimage\"},\"image\":{\"@id\":\"https:\\\/\\\/www.keepingchildrensafe.global\\\/es\\\/proteccion-infantil-organizacional\\\/#primaryimage\"},\"thumbnailUrl\":\"https:\\\/\\\/www.keepingchildrensafe.global\\\/wp-content\\\/uploads\\\/2023\\\/11\\\/350298996_769680201286123_7565502394616050107_n.jpg\",\"datePublished\":\"2023-07-10T12:54:37+00:00\",\"dateModified\":\"2024-07-15T14:39:50+00:00\",\"description\":\"Todas las personas tienen la responsabilidad de ayudar a proteger a ni\u00f1os, ni\u00f1as y adolescentes del abuso, la explotaci\u00f3n y la negligencia. Aprenda m\u00e1s sobre la protecci\u00f3n infantil organizacional.\",\"breadcrumb\":{\"@id\":\"https:\\\/\\\/www.keepingchildrensafe.global\\\/es\\\/proteccion-infantil-organizacional\\\/#breadcrumb\"},\"inLanguage\":\"es\",\"potentialAction\":[{\"@type\":\"ReadAction\",\"target\":[\"https:\\\/\\\/www.keepingchildrensafe.global\\\/es\\\/proteccion-infantil-organizacional\\\/\"]}]},{\"@type\":\"ImageObject\",\"inLanguage\":\"es\",\"@id\":\"https:\\\/\\\/www.keepingchildrensafe.global\\\/es\\\/proteccion-infantil-organizacional\\\/#primaryimage\",\"url\":\"https:\\\/\\\/www.keepingchildrensafe.global\\\/wp-content\\\/uploads\\\/2023\\\/11\\\/350298996_769680201286123_7565502394616050107_n.jpg\",\"contentUrl\":\"https:\\\/\\\/www.keepingchildrensafe.global\\\/wp-content\\\/uploads\\\/2023\\\/11\\\/350298996_769680201286123_7565502394616050107_n.jpg\"},{\"@type\":\"BreadcrumbList\",\"@id\":\"https:\\\/\\\/www.keepingchildrensafe.global\\\/es\\\/proteccion-infantil-organizacional\\\/#breadcrumb\",\"itemListElement\":[{\"@type\":\"ListItem\",\"position\":1,\"name\":\"Home\",\"item\":\"https:\\\/\\\/www.keepingchildrensafe.global\\\/es\\\/\"},{\"@type\":\"ListItem\",\"position\":2,\"name\":\"\u00bfQu\u00e9 es la protecci\u00f3n infantil organizacional?\"}]},{\"@type\":\"WebSite\",\"@id\":\"https:\\\/\\\/www.keepingchildrensafe.global\\\/es\\\/#website\",\"url\":\"https:\\\/\\\/www.keepingchildrensafe.global\\\/es\\\/\",\"name\":\"Keeping Children Safe\",\"description\":\"Setting tough International Child Safeguarding Standards\",\"publisher\":{\"@id\":\"https:\\\/\\\/www.keepingchildrensafe.global\\\/es\\\/#organization\"},\"potentialAction\":[{\"@type\":\"SearchAction\",\"target\":{\"@type\":\"EntryPoint\",\"urlTemplate\":\"https:\\\/\\\/www.keepingchildrensafe.global\\\/es\\\/?s={search_term_string}\"},\"query-input\":{\"@type\":\"PropertyValueSpecification\",\"valueRequired\":true,\"valueName\":\"search_term_string\"}}],\"inLanguage\":\"es\"},{\"@type\":\"Organization\",\"@id\":\"https:\\\/\\\/www.keepingchildrensafe.global\\\/es\\\/#organization\",\"name\":\"Keeping Children Safe\",\"url\":\"https:\\\/\\\/www.keepingchildrensafe.global\\\/es\\\/\",\"logo\":{\"@type\":\"ImageObject\",\"inLanguage\":\"es\",\"@id\":\"https:\\\/\\\/www.keepingchildrensafe.global\\\/es\\\/#\\\/schema\\\/logo\\\/image\\\/\",\"url\":\"https:\\\/\\\/kcs.webscapegardener.site\\\/wp-content\\\/uploads\\\/2023\\\/10\\\/kcs-header-logo.png\",\"contentUrl\":\"https:\\\/\\\/kcs.webscapegardener.site\\\/wp-content\\\/uploads\\\/2023\\\/10\\\/kcs-header-logo.png\",\"width\":204,\"height\":21,\"caption\":\"Keeping Children Safe\"},\"image\":{\"@id\":\"https:\\\/\\\/www.keepingchildrensafe.global\\\/es\\\/#\\\/schema\\\/logo\\\/image\\\/\"},\"sameAs\":[\"https:\\\/\\\/www.facebook.com\\\/KCSkeepingchildrensafe\",\"https:\\\/\\\/x.com\\\/keepchildsafe\",\"https:\\\/\\\/www.instagram.com\\\/keepingchildrensafe\\\/\",\"https:\\\/\\\/www.linkedin.com\\\/company\\\/keeping-children-safe-coalition\\\/\",\"https:\\\/\\\/vimeo.com\\\/keepingchildrensafe\"]}]}<\/script>\n<!-- \/ Yoast SEO plugin. -->","yoast_head_json":{"title":"\u00bfQu\u00e9 es la protecci\u00f3n infantil organizacional? - Keeping Children Safe","description":"Todas las personas tienen la responsabilidad de ayudar a proteger a ni\u00f1os, ni\u00f1as y adolescentes del abuso, la explotaci\u00f3n y la negligencia. Aprenda m\u00e1s sobre la protecci\u00f3n infantil organizacional.","robots":{"index":"index","follow":"follow","max-snippet":"max-snippet:-1","max-image-preview":"max-image-preview:large","max-video-preview":"max-video-preview:-1"},"canonical":"https:\/\/www.keepingchildrensafe.global\/es\/proteccion-infantil-organizacional\/","og_locale":"es_ES","og_type":"article","og_title":"\u00bfQu\u00e9 es la protecci\u00f3n infantil organizacional? - Keeping Children Safe","og_description":"Todas las personas tienen la responsabilidad de ayudar a proteger a ni\u00f1os, ni\u00f1as y adolescentes del abuso, la explotaci\u00f3n y la negligencia. Aprenda m\u00e1s sobre la protecci\u00f3n infantil organizacional.","og_url":"https:\/\/www.keepingchildrensafe.global\/es\/proteccion-infantil-organizacional\/","og_site_name":"Keeping Children Safe","article_publisher":"https:\/\/www.facebook.com\/KCSkeepingchildrensafe","article_modified_time":"2024-07-15T14:39:50+00:00","og_image":[{"url":"https:\/\/www.keepingchildrensafe.global\/wp-content\/uploads\/2023\/11\/350298996_769680201286123_7565502394616050107_n.jpg","type":"","width":"","height":""}],"twitter_card":"summary_large_image","twitter_site":"@keepchildsafe","twitter_misc":{"Tiempo de lectura":"3 minutos"},"schema":{"@context":"https:\/\/schema.org","@graph":[{"@type":"WebPage","@id":"https:\/\/www.keepingchildrensafe.global\/es\/proteccion-infantil-organizacional\/","url":"https:\/\/www.keepingchildrensafe.global\/es\/proteccion-infantil-organizacional\/","name":"\u00bfQu\u00e9 es la protecci\u00f3n infantil organizacional? - Keeping Children Safe","isPartOf":{"@id":"https:\/\/www.keepingchildrensafe.global\/es\/#website"},"primaryImageOfPage":{"@id":"https:\/\/www.keepingchildrensafe.global\/es\/proteccion-infantil-organizacional\/#primaryimage"},"image":{"@id":"https:\/\/www.keepingchildrensafe.global\/es\/proteccion-infantil-organizacional\/#primaryimage"},"thumbnailUrl":"https:\/\/www.keepingchildrensafe.global\/wp-content\/uploads\/2023\/11\/350298996_769680201286123_7565502394616050107_n.jpg","datePublished":"2023-07-10T12:54:37+00:00","dateModified":"2024-07-15T14:39:50+00:00","description":"Todas las personas tienen la responsabilidad de ayudar a proteger a ni\u00f1os, ni\u00f1as y adolescentes del abuso, la explotaci\u00f3n y la negligencia. Aprenda m\u00e1s sobre la protecci\u00f3n infantil organizacional.","breadcrumb":{"@id":"https:\/\/www.keepingchildrensafe.global\/es\/proteccion-infantil-organizacional\/#breadcrumb"},"inLanguage":"es","potentialAction":[{"@type":"ReadAction","target":["https:\/\/www.keepingchildrensafe.global\/es\/proteccion-infantil-organizacional\/"]}]},{"@type":"ImageObject","inLanguage":"es","@id":"https:\/\/www.keepingchildrensafe.global\/es\/proteccion-infantil-organizacional\/#primaryimage","url":"https:\/\/www.keepingchildrensafe.global\/wp-content\/uploads\/2023\/11\/350298996_769680201286123_7565502394616050107_n.jpg","contentUrl":"https:\/\/www.keepingchildrensafe.global\/wp-content\/uploads\/2023\/11\/350298996_769680201286123_7565502394616050107_n.jpg"},{"@type":"BreadcrumbList","@id":"https:\/\/www.keepingchildrensafe.global\/es\/proteccion-infantil-organizacional\/#breadcrumb","itemListElement":[{"@type":"ListItem","position":1,"name":"Home","item":"https:\/\/www.keepingchildrensafe.global\/es\/"},{"@type":"ListItem","position":2,"name":"\u00bfQu\u00e9 es la protecci\u00f3n infantil organizacional?"}]},{"@type":"WebSite","@id":"https:\/\/www.keepingchildrensafe.global\/es\/#website","url":"https:\/\/www.keepingchildrensafe.global\/es\/","name":"Keeping Children Safe","description":"Setting tough International Child Safeguarding Standards","publisher":{"@id":"https:\/\/www.keepingchildrensafe.global\/es\/#organization"},"potentialAction":[{"@type":"SearchAction","target":{"@type":"EntryPoint","urlTemplate":"https:\/\/www.keepingchildrensafe.global\/es\/?s={search_term_string}"},"query-input":{"@type":"PropertyValueSpecification","valueRequired":true,"valueName":"search_term_string"}}],"inLanguage":"es"},{"@type":"Organization","@id":"https:\/\/www.keepingchildrensafe.global\/es\/#organization","name":"Keeping Children Safe","url":"https:\/\/www.keepingchildrensafe.global\/es\/","logo":{"@type":"ImageObject","inLanguage":"es","@id":"https:\/\/www.keepingchildrensafe.global\/es\/#\/schema\/logo\/image\/","url":"https:\/\/kcs.webscapegardener.site\/wp-content\/uploads\/2023\/10\/kcs-header-logo.png","contentUrl":"https:\/\/kcs.webscapegardener.site\/wp-content\/uploads\/2023\/10\/kcs-header-logo.png","width":204,"height":21,"caption":"Keeping Children Safe"},"image":{"@id":"https:\/\/www.keepingchildrensafe.global\/es\/#\/schema\/logo\/image\/"},"sameAs":["https:\/\/www.facebook.com\/KCSkeepingchildrensafe","https:\/\/x.com\/keepchildsafe","https:\/\/www.instagram.com\/keepingchildrensafe\/","https:\/\/www.linkedin.com\/company\/keeping-children-safe-coalition\/","https:\/\/vimeo.com\/keepingchildrensafe"]}]}},"_links":{"self":[{"href":"https:\/\/www.keepingchildrensafe.global\/es\/wp-json\/wp\/v2\/pages\/729","targetHints":{"allow":["GET"]}}],"collection":[{"href":"https:\/\/www.keepingchildrensafe.global\/es\/wp-json\/wp\/v2\/pages"}],"about":[{"href":"https:\/\/www.keepingchildrensafe.global\/es\/wp-json\/wp\/v2\/types\/page"}],"author":[{"embeddable":true,"href":"https:\/\/www.keepingchildrensafe.global\/es\/wp-json\/wp\/v2\/users\/3"}],"replies":[{"embeddable":true,"href":"https:\/\/www.keepingchildrensafe.global\/es\/wp-json\/wp\/v2\/comments?post=729"}],"version-history":[{"count":11,"href":"https:\/\/www.keepingchildrensafe.global\/es\/wp-json\/wp\/v2\/pages\/729\/revisions"}],"predecessor-version":[{"id":27424,"href":"https:\/\/www.keepingchildrensafe.global\/es\/wp-json\/wp\/v2\/pages\/729\/revisions\/27424"}],"wp:attachment":[{"href":"https:\/\/www.keepingchildrensafe.global\/es\/wp-json\/wp\/v2\/media?parent=729"}],"curies":[{"name":"wp","href":"https:\/\/api.w.org\/{rel}","templated":true}]}}